{"id":33277,"date":"2024-06-26T11:42:16","date_gmt":"2024-06-26T08:42:17","guid":{"rendered":"https:\/\/andres.ee\/?post_type=product&#038;p=33277"},"modified":"2025-09-22T15:01:52","modified_gmt":"2025-09-22T12:01:52","slug":"franceska","status":"publish","type":"product","link":"https:\/\/andres.ee\/fi\/tuotteet\/suihku-_ja_amme_ratkaisut\/ammeseinat\/franceska\/","title":{"rendered":"Franceska"},"content":{"rendered":"<p><div class=\"fusion-fullwidth fullwidth-box fusion-builder-row-1 nonhundred-percent-fullwidth non-hundred-percent-height-scrolling\" style=\"background-color: rgba(255,255,255,0);background-position: center center;background-repeat: no-repeat;padding-top:0px;padding-right:0px;padding-bottom:0px;padding-left:0px;margin-bottom: 0px;margin-top: 0px;border-width: 0px 0px 0px 0px;border-color:#eae9e9;border-style:solid;\" ><div class=\"fusion-builder-row fusion-row\"><div class=\"fusion-layout-column fusion_builder_column fusion-builder-column-0 fusion_builder_column_1_1 1_1 fusion-one-full fusion-column-first fusion-column-last\" style=\"margin-top:0px;margin-bottom:0px;\"><div class=\"fusion-column-wrapper fusion-flex-column-wrapper-legacy\" style=\"background-position:left top;background-repeat:no-repeat;-webkit-background-size:cover;-moz-background-size:cover;-o-background-size:cover;background-size:cover;padding: 0px 0px 0px 0px;\"><div class=\"fusion-text fusion-text-1\" style=\"transform:translate3d(0,0,0);\"><p>Ammeratkaisun kokonaisuus sis\u00e4lt\u00e4\u00e4 8 mm karkaistusta lasi, saranat ja tarvittavat tiivisteet. Tuote toimitetaan kokonaisuutena.<\/p>\n<\/div><div class=\"fusion-button-wrapper\"><style type=\"text\/css\">.fusion-button.button-1 {border-radius:0px;}<\/style><a class=\"fusion-button button-flat fusion-button-default-size button-default button-1 fusion-button-default-span fusion-button-default-type fusion-animated\" data-animationType=\"fadeInLeft\" data-animationDuration=\"0.1\" data-animationOffset=\"100%\" target=\"_blank\" rel=\"noopener noreferrer\" href=\"https:\/\/andres.ee\/wp-content\/uploads\/2025\/09\/Franceska_manual_FI.pdf \"><span class=\"fusion-button-text\">Asennusohje<\/span><\/a><\/div><div class=\"fusion-button-wrapper\"><style type=\"text\/css\">.fusion-button.button-2 {border-radius:0px;}<\/style><a class=\"fusion-button button-flat fusion-button-default-size button-default button-2 fusion-button-default-span fusion-button-default-type fusion-animated\" data-animationType=\"fadeInLeft\" data-animationDuration=\"0.1\" data-animationOffset=\"100%\" target=\"_blank\" rel=\"noopener noreferrer\" href=\"https:\/\/andres.ee\/wp-content\/uploads\/2020\/03\/Klaasist-lahenduste-kasutus-ja-hooldsujuhend.pdf\"><span class=\"fusion-button-text\">Hooldusjuhend<\/span><\/a><\/div><div class=\"fusion-button-wrapper\"><style type=\"text\/css\">.fusion-button.button-3 {border-radius:0px;}<\/style><a class=\"fusion-button button-flat fusion-button-default-size button-default button-3 fusion-button-default-span fusion-button-default-type fusion-animated\" data-animationType=\"fadeInLeft\" data-animationDuration=\"0.5\" data-animationOffset=\"100%\" target=\"_blank\" rel=\"noopener noreferrer\" href=\"https:\/\/www.klaasistuudio.ee\/et\/franceska.html\"><span class=\"fusion-button-text\">Osta yksitt\u00e4in<\/span><\/a><\/div><div class=\"fusion-clearfix\"><\/div><\/div><\/div><\/div><\/div><div class=\"fusion-fullwidth fullwidth-box fusion-builder-row-2 ariklient nonhundred-percent-fullwidth non-hundred-percent-height-scrolling\" style=\"background-color: rgba(255,255,255,0);background-position: center center;background-repeat: no-repeat;padding-top:0px;padding-right:0px;padding-bottom:0px;padding-left:0px;margin-bottom: 0px;margin-top: 0px;border-width: 0px 0px 0px 0px;border-color:#eae9e9;border-style:solid;\" ><div class=\"fusion-builder-row fusion-row\"><div class=\"fusion-layout-column fusion_builder_column fusion-builder-column-1 fusion_builder_column_1_1 1_1 fusion-one-full fusion-column-first fusion-column-last\" style=\"margin-top:0px;margin-bottom:0px;\"><div class=\"fusion-column-wrapper fusion-flex-column-wrapper-legacy\" style=\"background-position:left top;background-repeat:no-repeat;-webkit-background-size:cover;-moz-background-size:cover;-o-background-size:cover;background-size:cover;padding: 0px 0px 0px 0px;\"><div class=\"fusion-clearfix\"><\/div><\/div><\/div><\/div><\/div><\/p>\n","protected":false},"excerpt":{"rendered":"<p>&nbsp;<\/p>\n<p>Franceska on siirrett\u00e4v\u00e4 ammelasi, jossa on yksitasku, lasin yl\u00e4kulma on py\u00f6ristetty ja sit\u00e4 voidaan siirt\u00e4\u00e4 90\u00b0 sivuun tai toiselle, jolloin kylpyammeeseen tulee tarvittaessa lis\u00e4\u00e4 tilaa. Kylpylasissa on erityinen monokiinnitys, joka kiinnitt\u00e4\u00e4 lasin oikeaan asentoon ja nostaa lasia avattuna yl\u00f6sp\u00e4in, mink\u00e4 ansiosta lasi liikkuu pehme\u00e4sti, joka voi yhdistell\u00e4 seuraavasti (oletusarvo on kehystetty).<\/p>\n","protected":false},"featured_media":33336,"template":"","meta":[],"yoast_head":"<!-- This site is optimized with the Yoast SEO plugin v15.3 - https:\/\/yoast.com\/wordpress\/plugins\/seo\/ -->\n<title>Franceska - Andres<\/title>\n<meta name=\"robots\" content=\"index, follow, max-snippet:-1, max-image-preview:large, max-video-preview:-1\" \/>\n<link rel=\"canonical\" href=\"https:\/\/andres.ee\/fi\/tuotteet\/suihku-_ja_amme_ratkaisut\/ammeseinat\/franceska\/\" \/>\n<meta property=\"og:locale\" content=\"fi_FI\" \/>\n<meta property=\"og:type\" content=\"article\" \/>\n<meta property=\"og:title\" content=\"Franceska - Andres\" \/>\n<meta property=\"og:description\" content=\"&nbsp;  Franceska on siirrett\u00e4v\u00e4 ammelasi, jossa on yksitasku, lasin yl\u00e4kulma on py\u00f6ristetty ja sit\u00e4 voidaan siirt\u00e4\u00e4 90\u00b0 sivuun tai toiselle, jolloin kylpyammeeseen tulee tarvittaessa lis\u00e4\u00e4 tilaa. Kylpylasissa on erityinen monokiinnitys, joka kiinnitt\u00e4\u00e4 lasin oikeaan asentoon ja nostaa lasia avattuna yl\u00f6sp\u00e4in, mink\u00e4 ansiosta lasi liikkuu pehme\u00e4sti, joka voi yhdistell\u00e4 seuraavasti (oletusarvo on kehystetty).\" \/>\n<meta property=\"og:url\" content=\"https:\/\/andres.ee\/fi\/tuotteet\/suihku-_ja_amme_ratkaisut\/ammeseinat\/franceska\/\" \/>\n<meta property=\"og:site_name\" content=\"Andres\" \/>\n<meta property=\"article:modified_time\" content=\"2025-09-22T12:01:52+00:00\" \/>\n<meta property=\"og:image\" content=\"https:\/\/andres.ee\/wp-content\/uploads\/2024\/06\/FRANCESKA_CLEAR.jpg\" \/>\n\t<meta property=\"og:image:width\" content=\"900\" \/>\n\t<meta property=\"og:image:height\" content=\"1200\" \/>\n<meta name=\"twitter:card\" content=\"summary_large_image\" \/>\n<meta name=\"twitter:label1\" content=\"Written by\">\n\t<meta name=\"twitter:data1\" content=\"Krislyn Lillev\u00e4li\">\n\t<meta name=\"twitter:label2\" content=\"Est. reading time\">\n\t<meta name=\"twitter:data2\" content=\"3 minuuttia\">\n<script type=\"application\/ld+json\" class=\"yoast-schema-graph\">{\"@context\":\"https:\/\/schema.org\",\"@graph\":[{\"@type\":\"WebSite\",\"@id\":\"https:\/\/andres.ee\/et\/#website\",\"url\":\"https:\/\/andres.ee\/et\/\",\"name\":\"Andres\",\"description\":\"Glass Solutions\",\"potentialAction\":[{\"@type\":\"SearchAction\",\"target\":\"https:\/\/andres.ee\/et\/?s={search_term_string}\",\"query-input\":\"required name=search_term_string\"}],\"inLanguage\":\"fi\"},{\"@type\":\"ImageObject\",\"@id\":\"https:\/\/andres.ee\/fi\/tuotteet\/suihku-_ja_amme_ratkaisut\/ammeseinat\/franceska\/#primaryimage\",\"inLanguage\":\"fi\",\"url\":\"https:\/\/andres.ee\/wp-content\/uploads\/2024\/06\/FRANCESKA_CLEAR.jpg\",\"width\":900,\"height\":1200},{\"@type\":\"WebPage\",\"@id\":\"https:\/\/andres.ee\/fi\/tuotteet\/suihku-_ja_amme_ratkaisut\/ammeseinat\/franceska\/#webpage\",\"url\":\"https:\/\/andres.ee\/fi\/tuotteet\/suihku-_ja_amme_ratkaisut\/ammeseinat\/franceska\/\",\"name\":\"Franceska - Andres\",\"isPartOf\":{\"@id\":\"https:\/\/andres.ee\/et\/#website\"},\"primaryImageOfPage\":{\"@id\":\"https:\/\/andres.ee\/fi\/tuotteet\/suihku-_ja_amme_ratkaisut\/ammeseinat\/franceska\/#primaryimage\"},\"datePublished\":\"2024-06-26T08:42:17+00:00\",\"dateModified\":\"2025-09-22T12:01:52+00:00\",\"inLanguage\":\"fi\",\"potentialAction\":[{\"@type\":\"ReadAction\",\"target\":[\"https:\/\/andres.ee\/fi\/tuotteet\/suihku-_ja_amme_ratkaisut\/ammeseinat\/franceska\/\"]}]}]}<\/script>\n<!-- \/ Yoast SEO plugin. -->","_links":{"self":[{"href":"https:\/\/andres.ee\/fi\/wp-json\/wp\/v2\/product\/33277"}],"collection":[{"href":"https:\/\/andres.ee\/fi\/wp-json\/wp\/v2\/product"}],"about":[{"href":"https:\/\/andres.ee\/fi\/wp-json\/wp\/v2\/types\/product"}],"wp:featuredmedia":[{"embeddable":true,"href":"https:\/\/andres.ee\/fi\/wp-json\/wp\/v2\/media\/33336"}],"wp:attachment":[{"href":"https:\/\/andres.ee\/fi\/wp-json\/wp\/v2\/media?parent=33277"}],"curies":[{"name":"wp","href":"https:\/\/api.w.org\/{rel}","templated":true}]}}