{"id":31386,"date":"2023-05-19T22:48:52","date_gmt":"2023-05-19T19:48:53","guid":{"rendered":"https:\/\/andres.ee\/?post_type=product&#038;p=31386"},"modified":"2025-02-19T13:04:50","modified_gmt":"2025-02-19T11:04:50","slug":"othello-led","status":"publish","type":"product","link":"https:\/\/andres.ee\/fi\/tuotteet\/peilit-ja-hyllyt\/led-peilit\/othello-led\/","title":{"rendered":"Othello LED"},"content":{"rendered":"<p><div class=\"fusion-fullwidth fullwidth-box fusion-builder-row-1 nonhundred-percent-fullwidth non-hundred-percent-height-scrolling\" style=\"background-color: rgba(255,255,255,0);background-position: center center;background-repeat: no-repeat;padding-top:0px;padding-right:0px;padding-bottom:0px;padding-left:0px;margin-bottom: 0px;margin-top: 0px;border-width: 0px 0px 0px 0px;border-color:#eae9e9;border-style:solid;\" ><div class=\"fusion-builder-row fusion-row\"><div class=\"fusion-layout-column fusion_builder_column fusion-builder-column-0 fusion_builder_column_1_1 1_1 fusion-one-full fusion-column-first fusion-column-last\" style=\"margin-top:0px;margin-bottom:0px;\"><div class=\"fusion-column-wrapper fusion-flex-column-wrapper-legacy\" style=\"background-position:left top;background-repeat:no-repeat;-webkit-background-size:cover;-moz-background-size:cover;-o-background-size:cover;background-size:cover;padding: 0px 0px 0px 0px;\"><div class=\"fusion-button-wrapper\"><style type=\"text\/css\">.fusion-button.button-1 {border-radius:0px;}<\/style><a class=\"fusion-button button-flat fusion-button-default-size button-default button-1 fusion-button-default-span fusion-button-default-type fusion-animated\" data-animationType=\"fadeInLeft\" data-animationDuration=\"0.1\" data-animationOffset=\"100%\" target=\"_blank\" rel=\"noopener noreferrer\" href=\"https:\/\/andres.ee\/wp-content\/uploads\/2020\/06\/peegel2.mp4\"><span class=\"fusion-button-text\">N\u00e4yte sensorikytkimen toimimisesta<\/span><\/a><\/div><div class=\"fusion-button-wrapper\"><style type=\"text\/css\">.fusion-button.button-2 {border-radius:0px;}<\/style><a class=\"fusion-button button-flat fusion-button-default-size button-default button-2 fusion-button-default-span fusion-button-default-type fusion-animated\" data-animationType=\"fadeInLeft\" data-animationDuration=\"0.3\" data-animationOffset=\"100%\" target=\"_blank\" rel=\"noopener noreferrer\" href=\"https:\/\/andres.ee\/wp-content\/uploads\/2025\/02\/Installation-manual-for-LED-mirror_FI-1.pdf \"><span class=\"fusion-button-text\">Asennusohje<\/span><\/a><\/div><div class=\"fusion-button-wrapper\"><style type=\"text\/css\">.fusion-button.button-3 {border-radius:0px;}<\/style><a class=\"fusion-button button-flat fusion-button-default-size button-default button-3 fusion-button-default-span fusion-button-default-type fusion-animated\" data-animationType=\"fadeInLeft\" data-animationDuration=\"1.0\" data-animationOffset=\"100%\" target=\"_self\" href=\"mailto:andres@andres.ee\"><span class=\"fusion-button-text\">Tee tukkuostopyynt\u00f6<\/span><\/a><\/div><div class=\"fusion-clearfix\"><\/div><\/div><\/div><\/div><\/div><div class=\"fusion-fullwidth fullwidth-box fusion-builder-row-2 ariklient nonhundred-percent-fullwidth non-hundred-percent-height-scrolling\" style=\"background-color: rgba(255,255,255,0);background-position: center center;background-repeat: no-repeat;padding-top:0px;padding-right:0px;padding-bottom:0px;padding-left:0px;margin-bottom: 0px;margin-top: 0px;border-width: 0px 0px 0px 0px;border-color:#eae9e9;border-style:solid;\" ><div class=\"fusion-builder-row fusion-row\"><div class=\"fusion-layout-column fusion_builder_column fusion-builder-column-1 fusion_builder_column_1_1 1_1 fusion-one-full fusion-column-first fusion-column-last\" style=\"margin-top:0px;margin-bottom:0px;\"><div class=\"fusion-column-wrapper fusion-flex-column-wrapper-legacy\" style=\"background-position:left top;background-repeat:no-repeat;-webkit-background-size:cover;-moz-background-size:cover;-o-background-size:cover;background-size:cover;padding: 0px 0px 0px 0px;\"><div class=\"fusion-clearfix\"><\/div><\/div><\/div><\/div><\/div><\/p>\n","protected":false},"excerpt":{"rendered":"<p>&nbsp;<\/p>\n<p>Othello LED on moderni taustavalaistuksella varustettu peili, joka sopii k\u00e4ytett\u00e4v\u00e4ksi sek\u00e4 sis\u00e4tiloissa ett\u00e4 kosteissa tiloissa, ja jossa on IP55 suojaus (pl. sensorikytkimellisell\u00e4 tuotteella).<\/p>\n","protected":false},"featured_media":31392,"template":"","meta":[],"yoast_head":"<!-- This site is optimized with the Yoast SEO plugin v15.3 - https:\/\/yoast.com\/wordpress\/plugins\/seo\/ -->\n<title>Othello LED - Andres<\/title>\n<meta name=\"robots\" content=\"index, follow, max-snippet:-1, max-image-preview:large, max-video-preview:-1\" \/>\n<link rel=\"canonical\" href=\"https:\/\/andres.ee\/fi\/tuotteet\/peeglid-ja-riiulid\/led_peeglid\/othello-led\/\" \/>\n<meta property=\"og:locale\" content=\"fi_FI\" \/>\n<meta property=\"og:type\" content=\"article\" \/>\n<meta property=\"og:title\" content=\"Othello LED - Andres\" \/>\n<meta property=\"og:description\" content=\"&nbsp;  Othello LED on moderni taustavalaistuksella varustettu peili, joka sopii k\u00e4ytett\u00e4v\u00e4ksi sek\u00e4 sis\u00e4tiloissa ett\u00e4 kosteissa tiloissa, ja jossa on IP55 suojaus (pl. sensorikytkimellisell\u00e4 tuotteella).\" \/>\n<meta property=\"og:url\" content=\"https:\/\/andres.ee\/fi\/tuotteet\/peeglid-ja-riiulid\/led_peeglid\/othello-led\/\" \/>\n<meta property=\"og:site_name\" content=\"Andres\" \/>\n<meta property=\"article:modified_time\" content=\"2025-02-19T11:04:50+00:00\" \/>\n<meta property=\"og:image\" content=\"https:\/\/andres.ee\/wp-content\/uploads\/2023\/05\/OTHELLO-LED.jpg\" \/>\n\t<meta property=\"og:image:width\" content=\"800\" \/>\n\t<meta property=\"og:image:height\" content=\"1200\" \/>\n<meta name=\"twitter:card\" content=\"summary_large_image\" \/>\n<meta name=\"twitter:label1\" content=\"Written by\">\n\t<meta name=\"twitter:data1\" content=\"Daniel\">\n\t<meta name=\"twitter:label2\" content=\"Est. reading time\">\n\t<meta name=\"twitter:data2\" content=\"3 minuuttia\">\n<script type=\"application\/ld+json\" class=\"yoast-schema-graph\">{\"@context\":\"https:\/\/schema.org\",\"@graph\":[{\"@type\":\"WebSite\",\"@id\":\"https:\/\/andres.ee\/et\/#website\",\"url\":\"https:\/\/andres.ee\/et\/\",\"name\":\"Andres\",\"description\":\"Glass Solutions\",\"potentialAction\":[{\"@type\":\"SearchAction\",\"target\":\"https:\/\/andres.ee\/et\/?s={search_term_string}\",\"query-input\":\"required name=search_term_string\"}],\"inLanguage\":\"fi\"},{\"@type\":\"ImageObject\",\"@id\":\"https:\/\/andres.ee\/fi\/tuotteet\/peeglid-ja-riiulid\/led_peeglid\/othello-led\/#primaryimage\",\"inLanguage\":\"fi\",\"url\":\"https:\/\/andres.ee\/wp-content\/uploads\/2023\/05\/OTHELLO-LED.jpg\",\"width\":800,\"height\":1200},{\"@type\":\"WebPage\",\"@id\":\"https:\/\/andres.ee\/fi\/tuotteet\/peeglid-ja-riiulid\/led_peeglid\/othello-led\/#webpage\",\"url\":\"https:\/\/andres.ee\/fi\/tuotteet\/peeglid-ja-riiulid\/led_peeglid\/othello-led\/\",\"name\":\"Othello LED - Andres\",\"isPartOf\":{\"@id\":\"https:\/\/andres.ee\/et\/#website\"},\"primaryImageOfPage\":{\"@id\":\"https:\/\/andres.ee\/fi\/tuotteet\/peeglid-ja-riiulid\/led_peeglid\/othello-led\/#primaryimage\"},\"datePublished\":\"2023-05-19T19:48:53+00:00\",\"dateModified\":\"2025-02-19T11:04:50+00:00\",\"inLanguage\":\"fi\",\"potentialAction\":[{\"@type\":\"ReadAction\",\"target\":[\"https:\/\/andres.ee\/fi\/tuotteet\/peeglid-ja-riiulid\/led_peeglid\/othello-led\/\"]}]}]}<\/script>\n<!-- \/ Yoast SEO plugin. -->","_links":{"self":[{"href":"https:\/\/andres.ee\/fi\/wp-json\/wp\/v2\/product\/31386"}],"collection":[{"href":"https:\/\/andres.ee\/fi\/wp-json\/wp\/v2\/product"}],"about":[{"href":"https:\/\/andres.ee\/fi\/wp-json\/wp\/v2\/types\/product"}],"wp:featuredmedia":[{"embeddable":true,"href":"https:\/\/andres.ee\/fi\/wp-json\/wp\/v2\/media\/31392"}],"wp:attachment":[{"href":"https:\/\/andres.ee\/fi\/wp-json\/wp\/v2\/media?parent=31386"}],"curies":[{"name":"wp","href":"https:\/\/api.w.org\/{rel}","templated":true}]}}