{"id":29083,"date":"2020-09-22T13:28:34","date_gmt":"2020-09-22T10:28:34","guid":{"rendered":"https:\/\/andres.veebispetsid.com\/toode\/modern\/"},"modified":"2025-09-22T13:22:20","modified_gmt":"2025-09-22T10:22:20","slug":"modern","status":"publish","type":"product","link":"https:\/\/andres.ee\/fi\/tuotteet\/ovet\/saunanovet\/modern\/","title":{"rendered":"Modern"},"content":{"rendered":"<p><div class=\"fusion-fullwidth fullwidth-box fusion-builder-row-1 nonhundred-percent-fullwidth non-hundred-percent-height-scrolling\" style=\"background-color: rgba(255,255,255,0);background-position: center center;background-repeat: no-repeat;padding-top:0px;padding-right:0px;padding-bottom:0px;padding-left:0px;margin-bottom: 0px;margin-top: 0px;border-width: 0px 0px 0px 0px;border-color:#eae9e9;border-style:solid;\" ><div class=\"fusion-builder-row fusion-row\"><div class=\"fusion-layout-column fusion_builder_column fusion-builder-column-0 fusion_builder_column_1_1 1_1 fusion-one-full fusion-column-first fusion-column-last\" style=\"margin-top:0px;margin-bottom:0px;\"><div class=\"fusion-column-wrapper fusion-flex-column-wrapper-legacy\" style=\"background-position:left top;background-repeat:no-repeat;-webkit-background-size:cover;-moz-background-size:cover;-o-background-size:cover;background-size:cover;padding: 0px 0px 0px 0px;\"><div class=\"fusion-text fusion-text-1\" style=\"transform:translate3d(0,0,0);\"><p>Ovi on valmistettu 8 mm paksuisesta karkaistusta lasista ja 92 mm syvyisist\u00e4 sormijatketuista karmeista. Oven k\u00e4tisyys on vaihdettavissa ja ovi toimitetaan kokonaisuutena. Kynnys kuuluu tuotekokonaisuuteen.<\/p>\n<\/div><div class=\"fusion-button-wrapper\"><style type=\"text\/css\">.fusion-button.button-1 {border-radius:0px;}<\/style><a class=\"fusion-button button-flat fusion-button-default-size button-default button-1 fusion-button-default-span fusion-button-default-type\" target=\"_blank\" rel=\"noopener noreferrer\" href=\"https:\/\/andres.ee\/wp-content\/uploads\/2025\/02\/FI_Sauna_door_manualterms.pdf\"><span class=\"fusion-button-text\">Asennusohje<\/span><\/a><\/div><div class=\"fusion-button-wrapper\"><style type=\"text\/css\">.fusion-button.button-2 {border-radius:0px;}<\/style><a class=\"fusion-button button-flat fusion-button-default-size button-default button-2 fusion-button-default-span fusion-button-default-type\" target=\"_blank\" rel=\"noopener noreferrer\" href=\"https:\/\/youtu.be\/e8JYWFxANVY\"><span class=\"fusion-button-text\">Asennusvideo<\/span><\/a><\/div><div class=\"fusion-button-wrapper\"><style type=\"text\/css\">.fusion-button.button-3 {border-radius:0px;}<\/style><a class=\"fusion-button button-flat fusion-button-default-size button-default button-3 fusion-button-default-span fusion-button-default-type\" target=\"_blank\" rel=\"noopener noreferrer\" href=\"https:\/\/andres.ee\/wp-content\/uploads\/2025\/02\/Use_and_maintenance_instructions_FI.pdf\"><span class=\"fusion-button-text\">Huoltokirja<\/span><\/a><\/div><div class=\"fusion-button-wrapper\"><style type=\"text\/css\">.fusion-button.button-4 {border-radius:0px;}<\/style><a class=\"fusion-button button-flat fusion-button-default-size button-default button-4 fusion-button-default-span fusion-button-default-type\" target=\"_blank\" rel=\"noopener noreferrer\" href=\"https:\/\/andres.ee\/wp-content\/uploads\/2025\/09\/FI_AGS_door_sizes.pdf \"><span class=\"fusion-button-text\">Ovien mitat<\/span><\/a><\/div><div class=\"fusion-clearfix\"><\/div><\/div><\/div><\/div><\/div><div class=\"fusion-fullwidth fullwidth-box fusion-builder-row-2 ariklient nonhundred-percent-fullwidth non-hundred-percent-height-scrolling\" style=\"background-color: rgba(255,255,255,0);background-position: center center;background-repeat: no-repeat;padding-top:0px;padding-right:0px;padding-bottom:0px;padding-left:0px;margin-bottom: 0px;margin-top: 0px;border-width: 0px 0px 0px 0px;border-color:#eae9e9;border-style:solid;\" ><div class=\"fusion-builder-row fusion-row\"><div class=\"fusion-layout-column fusion_builder_column fusion-builder-column-1 fusion_builder_column_1_1 1_1 fusion-one-full fusion-column-first fusion-column-last\" style=\"margin-top:0px;margin-bottom:0px;\"><div class=\"fusion-column-wrapper fusion-flex-column-wrapper-legacy\" style=\"background-position:left top;background-repeat:no-repeat;-webkit-background-size:cover;-moz-background-size:cover;-o-background-size:cover;background-size:cover;padding: 0px 0px 0px 0px;\"><div class=\"fusion-clearfix\"><\/div><\/div><\/div><\/div><\/div><\/p>\n","protected":false},"excerpt":{"rendered":"<p>&nbsp;<\/p>\n<p>Modern on uudella teknologialla valmistettu nykyaikaisesti suunniteltu saunanovien huippumalli. Kulmikkaiden muotojen lis\u00e4ksi Modern yll\u00e4tt\u00e4\u00e4 tyylikk\u00e4\u00e4ll\u00e4 magneettilukituksella ja uudenlaisella ilmaraolla, joka varmistaa saunassa mahdollisimman terveellisen ilmanvaihdon. T\u00e4t\u00e4 ovea voi yhdistell\u00e4 seuraavasti (oletusarvo on kehystetty).<\/p>\n","protected":false},"featured_media":22879,"template":"","meta":[],"yoast_head":"<!-- This site is optimized with the Yoast SEO plugin v15.3 - https:\/\/yoast.com\/wordpress\/plugins\/seo\/ -->\n<title>Modern - Andres<\/title>\n<meta name=\"robots\" content=\"index, follow, max-snippet:-1, max-image-preview:large, max-video-preview:-1\" \/>\n<link rel=\"canonical\" href=\"https:\/\/andres.ee\/fi\/tuotteet\/ovet\/saunanovet\/modern\/\" \/>\n<meta property=\"og:locale\" content=\"fi_FI\" \/>\n<meta property=\"og:type\" content=\"article\" \/>\n<meta property=\"og:title\" content=\"Modern - Andres\" \/>\n<meta property=\"og:description\" content=\"&nbsp;  Modern on uudella teknologialla valmistettu nykyaikaisesti suunniteltu saunanovien huippumalli. Kulmikkaiden muotojen lis\u00e4ksi Modern yll\u00e4tt\u00e4\u00e4 tyylikk\u00e4\u00e4ll\u00e4 magneettilukituksella ja uudenlaisella ilmaraolla, joka varmistaa saunassa mahdollisimman terveellisen ilmanvaihdon. T\u00e4t\u00e4 ovea voi yhdistell\u00e4 seuraavasti (oletusarvo on kehystetty).\" \/>\n<meta property=\"og:url\" content=\"https:\/\/andres.ee\/fi\/tuotteet\/ovet\/saunanovet\/modern\/\" \/>\n<meta property=\"og:site_name\" content=\"Andres\" \/>\n<meta property=\"article:modified_time\" content=\"2025-09-22T10:22:20+00:00\" \/>\n<meta property=\"og:image\" content=\"https:\/\/andres.ee\/wp-content\/uploads\/2020\/03\/Modern.jpg\" \/>\n\t<meta property=\"og:image:width\" content=\"1200\" \/>\n\t<meta property=\"og:image:height\" content=\"1600\" \/>\n<meta name=\"twitter:card\" content=\"summary_large_image\" \/>\n<meta name=\"twitter:label1\" content=\"Written by\">\n\t<meta name=\"twitter:data1\" content=\"Daniel\">\n\t<meta name=\"twitter:label2\" content=\"Est. reading time\">\n\t<meta name=\"twitter:data2\" content=\"4 minuuttia\">\n<script type=\"application\/ld+json\" class=\"yoast-schema-graph\">{\"@context\":\"https:\/\/schema.org\",\"@graph\":[{\"@type\":\"WebSite\",\"@id\":\"https:\/\/andres.ee\/et\/#website\",\"url\":\"https:\/\/andres.ee\/et\/\",\"name\":\"Andres\",\"description\":\"Glass Solutions\",\"potentialAction\":[{\"@type\":\"SearchAction\",\"target\":\"https:\/\/andres.ee\/et\/?s={search_term_string}\",\"query-input\":\"required name=search_term_string\"}],\"inLanguage\":\"fi\"},{\"@type\":\"ImageObject\",\"@id\":\"https:\/\/andres.ee\/fi\/tuotteet\/ovet\/saunanovet\/modern\/#primaryimage\",\"inLanguage\":\"fi\",\"url\":\"https:\/\/andres.ee\/wp-content\/uploads\/2020\/03\/Modern.jpg\",\"width\":1200,\"height\":1600},{\"@type\":\"WebPage\",\"@id\":\"https:\/\/andres.ee\/fi\/tuotteet\/ovet\/saunanovet\/modern\/#webpage\",\"url\":\"https:\/\/andres.ee\/fi\/tuotteet\/ovet\/saunanovet\/modern\/\",\"name\":\"Modern - Andres\",\"isPartOf\":{\"@id\":\"https:\/\/andres.ee\/et\/#website\"},\"primaryImageOfPage\":{\"@id\":\"https:\/\/andres.ee\/fi\/tuotteet\/ovet\/saunanovet\/modern\/#primaryimage\"},\"datePublished\":\"2020-09-22T10:28:34+00:00\",\"dateModified\":\"2025-09-22T10:22:20+00:00\",\"inLanguage\":\"fi\",\"potentialAction\":[{\"@type\":\"ReadAction\",\"target\":[\"https:\/\/andres.ee\/fi\/tuotteet\/ovet\/saunanovet\/modern\/\"]}]}]}<\/script>\n<!-- \/ Yoast SEO plugin. -->","_links":{"self":[{"href":"https:\/\/andres.ee\/fi\/wp-json\/wp\/v2\/product\/29083"}],"collection":[{"href":"https:\/\/andres.ee\/fi\/wp-json\/wp\/v2\/product"}],"about":[{"href":"https:\/\/andres.ee\/fi\/wp-json\/wp\/v2\/types\/product"}],"wp:featuredmedia":[{"embeddable":true,"href":"https:\/\/andres.ee\/fi\/wp-json\/wp\/v2\/media\/22879"}],"wp:attachment":[{"href":"https:\/\/andres.ee\/fi\/wp-json\/wp\/v2\/media?parent=29083"}],"curies":[{"name":"wp","href":"https:\/\/api.w.org\/{rel}","templated":true}]}}