{"id":22467,"date":"2020-03-02T17:34:08","date_gmt":"2020-03-02T15:34:08","guid":{"rendered":"https:\/\/andres.veebispetsid.com\/?page_id=22467"},"modified":"2021-04-27T12:02:44","modified_gmt":"2021-04-27T09:02:44","slug":"tietosuojakaytanto","status":"publish","type":"page","link":"https:\/\/andres.ee\/fi\/tietosuojakaytanto\/","title":{"rendered":"Tietosuojak\u00e4yt\u00e4nt\u00f6"},"content":{"rendered":"<div class=\"fusion-fullwidth fullwidth-box fusion-builder-row-1 nonhundred-percent-fullwidth non-hundred-percent-height-scrolling\" style=\"background-color: rgba(255,255,255,0);background-position: center center;background-repeat: no-repeat;padding-top:0px;padding-right:0px;padding-bottom:0px;padding-left:0px;margin-bottom: 0px;margin-top: 0px;border-width: 0px 0px 0px 0px;border-color:#eae9e9;border-style:solid;\" ><div class=\"fusion-builder-row fusion-row\"><div class=\"fusion-layout-column fusion_builder_column fusion-builder-column-0 fusion_builder_column_1_1 1_1 fusion-one-full fusion-column-first fusion-column-last\" style=\"margin-top:0px;margin-bottom:0px;\"><div class=\"fusion-column-wrapper fusion-flex-column-wrapper-legacy\" style=\"background-position:left top;background-repeat:no-repeat;-webkit-background-size:cover;-moz-background-size:cover;-o-background-size:cover;background-size:cover;padding: 0px 0px 0px 0px;\"><div class=\"fusion-text fusion-text-1\" style=\"transform:translate3d(0,0,0);\"><h2><strong>Mit\u00e4 ev\u00e4steet ovat?<\/strong><\/h2>\n<p>Ev\u00e4steet ovat pieni\u00e4 tekstitiedostoja, jotka tallennetaan laitteeseesi vieraillessasi verkkosivullamme. Ev\u00e4steet auttavat meit\u00e4 tunnistamaan laitteesi, parantamaan verkkosivumme toimivuutta ja helpottamaan sen k\u00e4ytt\u00f6\u00e4. Ev\u00e4steet eiv\u00e4t ole viruksia. Ev\u00e4steiden k\u00e4ytt\u00f6 on t\u00e4ysin vaaratonta laitteellesi ja sen sis\u00e4lt\u00e4mille tiedoille.<\/p>\n<h2><strong>Miksi k\u00e4yt\u00e4mme ev\u00e4steit\u00e4?<\/strong><\/h2>\n<p>K\u00e4yt\u00e4mme ev\u00e4steit\u00e4 verkkosivumme ja mobiilisovelluksemme toimivuuden parantamiseksi ja niiden k\u00e4ytt\u00e4misen helpottamiseksi. Lis\u00e4ksi k\u00e4yt\u00e4mme ev\u00e4steit\u00e4 k\u00e4ytt\u00f6kokemuksesi yksil\u00f6llist\u00e4miseksi ja jotta voisimme tehd\u00e4 tarjouksia, jotka ovat ajankohtaisia juuri sinulle.\u00a0 Ev\u00e4steiden avulla analysoimme selaushistoriaasi ja k\u00e4yt\u00e4mme kyseist\u00e4 tietoa tarjotaksemme sinulle p\u00e4\u00e4syn palveluihimme, analysoidaksemme tietoja tilastollisesti, antaaksemme palautetta ja tehd\u00e4ksemme sinulle mainostarjouksia. Tietoja, joiden perusteella ei voi tunnistaa henkil\u00f6\u00e4, voidaan v\u00e4litt\u00e4\u00e4 mainospalveluita tarjoaville yhteisty\u00f6kumppaneille.<\/p>\n<h2><strong>Millaisia ev\u00e4steit\u00e4 k\u00e4yt\u00e4mme?<\/strong><\/h2>\n<p><strong>Tekniset ev\u00e4steet.<\/strong> Tekniset ev\u00e4steet auttavat meit\u00e4 n\u00e4ytt\u00e4m\u00e4\u00e4n laitteessasi verkkosivun ja mobiilisovellusten sis\u00e4lt\u00f6\u00e4. Teknisten ev\u00e4steiden avulla takaamme verkkosivun ja mobiilisovelluksen toimivuuden ja niiden muokkaamisen tarpeitasi vastaavaksi, esimerkiksi verkkosivun muotoilun sovittamisen n\u00e4ytt\u00f6si kokoon. Tekniset ev\u00e4steet ovat v\u00e4ltt\u00e4m\u00e4tt\u00f6mi\u00e4 verkkosivun ja mobiilisovelluksen vaatimustenmukaiseksi toimimiseksi. Ilman niit\u00e4 emme voi tarjota sinulle mahdollisuutta k\u00e4ytt\u00e4\u00e4 verkkosivuamme ja mobiilisovellustamme monipuolisesti. Tekniset ev\u00e4steet takaavat my\u00f6s sen, ett\u00e4 jos olet jo kerran antanut suostumuksesi, sinun ei tarvitse tehd\u00e4 sit\u00e4 aina, kun vierailet verkkosivullamme tai mobiilisovelluksessa.<\/p>\n<p>N\u00e4m\u00e4 ev\u00e4steet eiv\u00e4t ker\u00e4\u00e4 sinusta tietoa, jota k\u00e4ytet\u00e4\u00e4n markkinointitarkoituksessa.<\/p>\n<p><strong>Toiminnalliset ev\u00e4steet.<\/strong> Toiminnalliset ev\u00e4steet on tarkoitettu verkkosivun ja mobiilisovelluksen toimivuuden parantamiseksi, tekem\u00e4\u00e4n verkkosivustamme ja mobiilisovelluksesta sinulle mukavan ja tehokkaan. Toiminnallisia ev\u00e4steit\u00e4 voi k\u00e4ytt\u00e4\u00e4 valitsemallasi verkkosivulla tai mobiilisovelluksessa kielen tallentamiseen ja jos haluat, toiminnalliset ev\u00e4steet auttavat automaattisesti muistamaan kirjautumistietosi, tallentamaan ostoskorisi ja t\u00e4ytt\u00e4m\u00e4\u00e4n vastaavia verkkosivun ja mobiilisovelluksen tukitoimintoja, jotka olet valinnut.<\/p>\n<p>N\u00e4m\u00e4 ev\u00e4steet eiv\u00e4t ker\u00e4\u00e4 sinusta tietoa, jota k\u00e4ytet\u00e4\u00e4n markkinointitarkoituksessa.<\/p>\n<p><strong>Analyyttiset ev\u00e4steet.<\/strong> Analyyttisten ev\u00e4steiden avulla yrit\u00e4mme oppia tuntemaan paremmin verkkosivumme ja mobiilisovelluksemme k\u00e4ytt\u00e4ji\u00e4, jotta voisimme muokata verkkosivun ja mobiilirakennuksen toimimista tarpeitasi ja toiveitasi vastaavaksi mahdollisimman tehokkaasti. Analyyttisten ev\u00e4steiden avulla analysoimme toimintaamme, eli mit\u00e4 teemme oikein ja mit\u00e4 tulee parantaa. Analyyttiset ev\u00e4steet auttavat meit\u00e4 parantamaan toimintaamme ja takaamaan, ett\u00e4 vierailusi verkkosivullamme tai mobiilisovelluksessamme olisi sinulle hy\u00f6dyllinen ja tuotteet ajankohtaisia. Analyyttisten ev\u00e4steiden avulla ker\u00e4tty tieto on yleist\u00e4 ja se ei ole yksil\u00f6ity\u00e4. Analyyttisten ev\u00e4steiden tietoa voi k\u00e4ytt\u00e4\u00e4 suosituimpien katseltujen tuotteiden n\u00e4ytt\u00e4miseksi sek\u00e4 ajankohtaisimpia tuotteita koskevan tiedon ja muun selatessa tarpeellisen tiedon esitt\u00e4miseksi. Analyyttisi\u00e4 ev\u00e4steit\u00e4 voi k\u00e4ytt\u00e4\u00e4 my\u00f6s mainoskampanjoidemme tarkoituksenmukaisuuden mittaamiseen.<\/p>\n<p><strong>Mainosev\u00e4steet.<\/strong> K\u00e4yt\u00e4mme mainosev\u00e4steit\u00e4 k\u00e4ytt\u00f6kokemuksesi ja sinulle n\u00e4ytett\u00e4v\u00e4n sis\u00e4ll\u00f6n yksil\u00f6imiseksi sek\u00e4 juuri sinulle ajankohtaisten tarjousten tekemiseksi. Mainosev\u00e4steiden avulla analysoimme selaushistoriaa ja k\u00e4yt\u00e4mme kyseist\u00e4 tietoa tehd\u00e4ksemme sinulle mainostarjouksia. Jos ostat esimerkiksi \u00e4lypuhelimen, voimme tarjota my\u00f6s siihen sopivia kuoria. Tietoja, joiden perusteella ei voi tunnistaa henkil\u00f6\u00e4, voidaan v\u00e4litt\u00e4\u00e4 mainospalveluita tarjoaville yhteisty\u00f6kumppaneille.<\/p>\n<h2><strong>Miten voin hallita ev\u00e4steasetuksia?<\/strong><\/h2>\n<p>Voit hallita ev\u00e4steit\u00e4 oman selaimesi asetuksissa valitsemalla, millaiset ev\u00e4steet haluat hyv\u00e4ksy\u00e4 ja millaiset poistaa. Voit luopua ev\u00e4steist\u00e4 milloin tahansa poistamalla ne selaimestasi, johon ne on asennettu. Ev\u00e4steiden hallinnointipaikka riippuu k\u00e4ytt\u00e4m\u00e4st\u00e4si selaimesta. Jos haluat lis\u00e4tietoa siit\u00e4, miten voit hallita tai poistaa selaimeesi tallennettuja ev\u00e4steit\u00e4, vieraile selaimesi verkkosivulla tai katso lyhyt esittely suosituimpien selaimien avulla:\u00a0<a href=\"https:\/\/support.google.com\/chrome\/answer\/95647?co=GENIE.Platform=Desktop&amp;hl=en\" target=\"_blank\" rel=\"noopener\">Chrome<\/a>,\u00a0<a href=\"https:\/\/support.mozilla.org\/en-US\/kb\/clear-cookies-and-site-data-firefox?redirectlocale=en-US&amp;redirectslug=delete-cookies-remove-info-websites-stored\" target=\"_blank\" rel=\"noopener\">Mozilla<\/a>,\u00a0<a href=\"https:\/\/support.apple.com\/en-gb\/guide\/safari\/manage-cookies-and-website-data-sfri11471\/mac\" target=\"_blank\" rel=\"noopener\">Safari<\/a>,\u00a0<a href=\"https:\/\/help.opera.com\/en\/latest\/\" target=\"_blank\" rel=\"noopener\">Opera<\/a>.<\/p>\n<p>On t\u00e4rke\u00e4 tiet\u00e4\u00e4, ett\u00e4 verkkosivua ei voi k\u00e4ytt\u00e4\u00e4, jos teknisist\u00e4, toiminnallisista ja analyyttisist\u00e4 ev\u00e4steist\u00e4 luovutaan, mink\u00e4 vuoksi emme suosittele poistamaan tai est\u00e4m\u00e4\u00e4n salasanoja.<\/p>\n<\/div><div class=\"fusion-clearfix\"><\/div><\/div><\/div><\/div><\/div>\n","protected":false},"excerpt":{"rendered":"","protected":false},"author":5,"featured_media":0,"parent":0,"menu_order":381,"comment_status":"closed","ping_status":"closed","template":"","meta":[],"yoast_head":"<!-- This site is optimized with the Yoast SEO plugin v15.3 - https:\/\/yoast.com\/wordpress\/plugins\/seo\/ -->\n<title>Tietosuojak\u00e4yt\u00e4nt\u00f6 - Andres<\/title>\n<meta name=\"robots\" content=\"index, follow, max-snippet:-1, max-image-preview:large, max-video-preview:-1\" \/>\n<link rel=\"canonical\" href=\"https:\/\/andres.ee\/fi\/tietosuojakaytanto\/\" \/>\n<meta property=\"og:locale\" content=\"fi_FI\" \/>\n<meta property=\"og:type\" content=\"article\" \/>\n<meta property=\"og:title\" content=\"Tietosuojak\u00e4yt\u00e4nt\u00f6 - Andres\" \/>\n<meta property=\"og:url\" content=\"https:\/\/andres.ee\/fi\/tietosuojakaytanto\/\" \/>\n<meta property=\"og:site_name\" content=\"Andres\" \/>\n<meta property=\"article:modified_time\" content=\"2021-04-27T09:02:44+00:00\" \/>\n<meta name=\"twitter:card\" content=\"summary_large_image\" \/>\n<meta name=\"twitter:label1\" content=\"Written by\">\n\t<meta name=\"twitter:data1\" content=\"Daniel\">\n\t<meta name=\"twitter:label2\" content=\"Est. reading time\">\n\t<meta name=\"twitter:data2\" content=\"3 minuuttia\">\n<script type=\"application\/ld+json\" class=\"yoast-schema-graph\">{\"@context\":\"https:\/\/schema.org\",\"@graph\":[{\"@type\":\"WebSite\",\"@id\":\"https:\/\/andres.ee\/et\/#website\",\"url\":\"https:\/\/andres.ee\/et\/\",\"name\":\"Andres\",\"description\":\"Glass Solutions\",\"potentialAction\":[{\"@type\":\"SearchAction\",\"target\":\"https:\/\/andres.ee\/et\/?s={search_term_string}\",\"query-input\":\"required name=search_term_string\"}],\"inLanguage\":\"fi\"},{\"@type\":\"WebPage\",\"@id\":\"https:\/\/andres.ee\/fi\/tietosuojakaytanto\/#webpage\",\"url\":\"https:\/\/andres.ee\/fi\/tietosuojakaytanto\/\",\"name\":\"Tietosuojak\\u00e4yt\\u00e4nt\\u00f6 - Andres\",\"isPartOf\":{\"@id\":\"https:\/\/andres.ee\/et\/#website\"},\"datePublished\":\"2020-03-02T15:34:08+00:00\",\"dateModified\":\"2021-04-27T09:02:44+00:00\",\"inLanguage\":\"fi\",\"potentialAction\":[{\"@type\":\"ReadAction\",\"target\":[\"https:\/\/andres.ee\/fi\/tietosuojakaytanto\/\"]}]}]}<\/script>\n<!-- \/ Yoast SEO plugin. -->","_links":{"self":[{"href":"https:\/\/andres.ee\/fi\/wp-json\/wp\/v2\/pages\/22467"}],"collection":[{"href":"https:\/\/andres.ee\/fi\/wp-json\/wp\/v2\/pages"}],"about":[{"href":"https:\/\/andres.ee\/fi\/wp-json\/wp\/v2\/types\/page"}],"author":[{"embeddable":true,"href":"https:\/\/andres.ee\/fi\/wp-json\/wp\/v2\/users\/5"}],"replies":[{"embeddable":true,"href":"https:\/\/andres.ee\/fi\/wp-json\/wp\/v2\/comments?post=22467"}],"version-history":[{"count":4,"href":"https:\/\/andres.ee\/fi\/wp-json\/wp\/v2\/pages\/22467\/revisions"}],"predecessor-version":[{"id":30788,"href":"https:\/\/andres.ee\/fi\/wp-json\/wp\/v2\/pages\/22467\/revisions\/30788"}],"wp:attachment":[{"href":"https:\/\/andres.ee\/fi\/wp-json\/wp\/v2\/media?parent=22467"}],"curies":[{"name":"wp","href":"https:\/\/api.w.org\/{rel}","templated":true}]}}