{"id":21938,"date":"2020-02-29T20:22:56","date_gmt":"2020-02-29T18:22:56","guid":{"rendered":"https:\/\/andres.veebispetsid.com\/?page_id=21938"},"modified":"2020-12-22T10:53:11","modified_gmt":"2020-12-22T08:53:11","slug":"ukk","status":"publish","type":"page","link":"https:\/\/andres.ee\/fi\/ukk\/","title":{"rendered":"UKK"},"content":{"rendered":"<p><div class=\"fusion-fullwidth fullwidth-box fusion-builder-row-1 nonhundred-percent-fullwidth non-hundred-percent-height-scrolling\" style=\"background-color: rgba(255,255,255,0);background-position: center center;background-repeat: no-repeat;padding-top:0px;padding-right:0px;padding-bottom:0px;padding-left:0px;margin-bottom: 50px;margin-top: 0px;border-width: 0px 0px 0px 0px;border-color:#eae9e9;border-style:solid;\" ><div class=\"fusion-builder-row fusion-row\"><div class=\"fusion-layout-column fusion_builder_column fusion-builder-column-0 fusion_builder_column_1_1 1_1 fusion-one-full fusion-column-first fusion-column-last\" style=\"margin-top:0px;margin-bottom:0px;\"><div class=\"fusion-column-wrapper fusion-flex-column-wrapper-legacy\" style=\"background-position:left top;background-repeat:no-repeat;-webkit-background-size:cover;-moz-background-size:cover;-o-background-size:cover;background-size:cover;padding: 0px 0px 0px 0px;\"><style type=\"text\/css\">.fusion-accordian #accordian-1 .panel-title a .fa-fusion-box:before{ font-size: 20px;}.fusion-accordian #accordian-1 .panel-title a .fa-fusion-box{ color: #ffffff;}.fusion-accordian #accordian-1 .panel-title a{font-size:23px;}.fusion-accordian #accordian-1 .fa-fusion-box { background-color: #333333;border-color: #333333;}.fusion-accordian #accordian-1 .panel-title a:hover,.fusion-accordian #accordian-1 .panel-title a.hover { color: #553325;}.fusion-faq-shortcode .fusion-accordian #accordian-1 .fusion-toggle-boxed-mode:hover .panel-title a { color: #553325;}.fusion-accordian #accordian-1 .panel-title .active .fa-fusion-box,.fusion-accordian #accordian-1 .panel-title a:hover .fa-fusion-box,.fusion-accordian #accordian-1 .panel-title a.hover .fa-fusion-box { background-color: #553325!important;border-color: #553325!important;}<\/style><div class=\"fusion-faq-shortcode\"><div class=\"fusion-faqs-wrapper\"><div class=\"accordian fusion-accordian\"><div class=\"panel-group \" id=\"accordian-1\"><div class=\"fusion-panel panel-default fusion-faq-post fusion-faq-post-29565 \"><span class=\"entry-title rich-snippet-hidden\">Miten paksusta lasista Andresen tuotteet on valmistettu?<\/span><span class=\"vcard rich-snippet-hidden\"><span class=\"fn\"><a href=\"https:\/\/andres.ee\/fi\/author\/andres\/\" title=\"Kirjoittanut: Daniel\" rel=\"author\">Daniel<\/a><\/span><\/span><span class=\"updated rich-snippet-hidden\">2021-01-19T11:34:21+02:00<\/span><div class=\"panel-heading\"><h4 class=\"panel-title toggle\"><a data-toggle=\"collapse\" class=\"collapsed\" data-parent=\"#accordian-1\" data-target=\"#collapse-1-29565\" href=\"#collapse-1-29565\"><div class=\"fusion-toggle-icon-wrapper\"><div class=\"fusion-toggle-icon-wrapper-main\"><div class=\"fusion-toggle-icon-wrapper-sub\"><i class=\"fa-fusion-box\" aria-hidden=\"true\"><\/i><\/div><\/div><\/div><div class=\"fusion-toggle-heading\">Miten paksusta lasista Andresen tuotteet on valmistettu?<\/div><\/a><\/h4><\/div><div id=\"collapse-1-29565\" class=\"panel-collapse collapse\"><div class=\"panel-body toggle-content post-content\"><p>Oletusarvoisesti kaikki tuotteet on valmistettu 8 mm karkaistusta lasista. Poikkeuksena ovat vain suihkuovet, jotka on valmistettu 6 mm karkaistusta lasista.<\/p>\n<\/div><\/div><\/div><div class=\"fusion-panel panel-default fusion-faq-post fusion-faq-post-29561 \"><span class=\"entry-title rich-snippet-hidden\">Mitk\u00e4 ovat Andresen ovien tarkat ulkomitat ja millaiset lasien mitat niit\u00e4 vastaavat?<\/span><span class=\"vcard rich-snippet-hidden\"><span class=\"fn\"><a href=\"https:\/\/andres.ee\/fi\/author\/andres\/\" title=\"Kirjoittanut: Daniel\" rel=\"author\">Daniel<\/a><\/span><\/span><span class=\"updated rich-snippet-hidden\">2025-08-26T09:08:32+03:00<\/span><div class=\"panel-heading\"><h4 class=\"panel-title toggle\"><a data-toggle=\"collapse\" class=\"collapsed\" data-parent=\"#accordian-1\" data-target=\"#collapse-1-29561\" href=\"#collapse-1-29561\"><div class=\"fusion-toggle-icon-wrapper\"><div class=\"fusion-toggle-icon-wrapper-main\"><div class=\"fusion-toggle-icon-wrapper-sub\"><i class=\"fa-fusion-box\" aria-hidden=\"true\"><\/i><\/div><\/div><\/div><div class=\"fusion-toggle-heading\">Mitk\u00e4 ovat Andresen ovien tarkat ulkomitat ja millaiset lasien mitat niit\u00e4 vastaavat?<\/div><\/a><\/h4><\/div><div id=\"collapse-1-29561\" class=\"panel-collapse collapse\"><div class=\"panel-body toggle-content post-content\"><div class=\"fusion-fullwidth fullwidth-box fusion-builder-row-1-1 nonhundred-percent-fullwidth non-hundred-percent-height-scrolling\" style=\"background-color: rgba(255,255,255,0);background-position: center center;background-repeat: no-repeat;padding-top:0px;padding-right:0px;padding-bottom:0px;padding-left:0px;margin-bottom: 0px;margin-top: 0px;border-width: 0px 0px 0px 0px;border-color:#eae9e9;border-style:solid;\" ><div class=\"fusion-builder-row fusion-row\"><div class=\"fusion-layout-column fusion_builder_column fusion-builder-column-1 fusion_builder_column_1_1 1_1 fusion-one-full fusion-column-first fusion-column-last\" style=\"margin-top:0px;margin-bottom:0px;\"><div class=\"fusion-column-wrapper fusion-flex-column-wrapper-legacy\" style=\"background-position:left top;background-repeat:no-repeat;-webkit-background-size:cover;-moz-background-size:cover;-o-background-size:cover;background-size:cover;padding: 0px 0px 0px 0px;\"><div class=\"fusion-text fusion-text-1\" style=\"transform:translate3d(0,0,0);\"><p>Tarkat oviin liittyv\u00e4t mitat voi l\u00f6yt\u00e4\u00e4 painamalla\u00a0t\u00e4st\u00e4:<\/p>\n<\/div><div class=\"fusion-button-wrapper\"><style type=\"text\/css\">.fusion-button.button-1 {border-radius:0px;}<\/style><a class=\"fusion-button button-flat fusion-button-default-size button-default button-1 fusion-button-default-span fusion-button-default-type\" target=\"_blank\" rel=\"noopener noreferrer\" href=\"https:\/\/andres.ee\/wp-content\/uploads\/2025\/08\/EN_doors_sizes.pdf \"><span class=\"fusion-button-text\">Andres ovien mitat<\/span><\/a><\/div><div class=\"fusion-clearfix\"><\/div><\/div><\/div><\/div><\/div>\n<\/div><\/div><\/div><div class=\"fusion-panel panel-default fusion-faq-post fusion-faq-post-29559 \"><span class=\"entry-title rich-snippet-hidden\">Mitk\u00e4 ovat puusta ja alumiinista valmistettujen ovien karmien mitat?<\/span><span class=\"vcard rich-snippet-hidden\"><span class=\"fn\"><a href=\"https:\/\/andres.ee\/fi\/author\/andres\/\" title=\"Kirjoittanut: Daniel\" rel=\"author\">Daniel<\/a><\/span><\/span><span class=\"updated rich-snippet-hidden\">2021-01-19T12:38:37+02:00<\/span><div class=\"panel-heading\"><h4 class=\"panel-title toggle\"><a data-toggle=\"collapse\" class=\"collapsed\" data-parent=\"#accordian-1\" data-target=\"#collapse-1-29559\" href=\"#collapse-1-29559\"><div class=\"fusion-toggle-icon-wrapper\"><div class=\"fusion-toggle-icon-wrapper-main\"><div class=\"fusion-toggle-icon-wrapper-sub\"><i class=\"fa-fusion-box\" aria-hidden=\"true\"><\/i><\/div><\/div><\/div><div class=\"fusion-toggle-heading\">Mitk\u00e4 ovat puusta ja alumiinista valmistettujen ovien karmien mitat?<\/div><\/a><\/h4><\/div><div id=\"collapse-1-29559\" class=\"panel-collapse collapse\"><div class=\"panel-body toggle-content post-content\"><ul>\n<li><strong>Puisten karmien<\/strong> leveys on 42 mm ja syvyys 92 mm (saunanoven Raiser-68 osalta kuitenkin 42&#215;68 mm).<\/li>\n<li><strong>Alumiinikarmien<\/strong> osalta mitat ovat vastaavasti 43&#215;50 mm.<\/li>\n<\/ul>\n<\/div><\/div><\/div><div class=\"fusion-panel panel-default fusion-faq-post fusion-faq-post-29555 \"><span class=\"entry-title rich-snippet-hidden\">Ovatko Andresen ovet oikea- vai vasenk\u00e4tisi\u00e4 ja tuleeko ovea tilatessa k\u00e4tisyys ehdottomasti mainita?<\/span><span class=\"vcard rich-snippet-hidden\"><span class=\"fn\"><a href=\"https:\/\/andres.ee\/fi\/author\/andres\/\" title=\"Kirjoittanut: Daniel\" rel=\"author\">Daniel<\/a><\/span><\/span><span class=\"updated rich-snippet-hidden\">2021-01-19T12:39:36+02:00<\/span><div class=\"panel-heading\"><h4 class=\"panel-title toggle\"><a data-toggle=\"collapse\" class=\"collapsed\" data-parent=\"#accordian-1\" data-target=\"#collapse-1-29555\" href=\"#collapse-1-29555\"><div class=\"fusion-toggle-icon-wrapper\"><div class=\"fusion-toggle-icon-wrapper-main\"><div class=\"fusion-toggle-icon-wrapper-sub\"><i class=\"fa-fusion-box\" aria-hidden=\"true\"><\/i><\/div><\/div><\/div><div class=\"fusion-toggle-heading\">Ovatko Andresen ovet oikea- vai vasenk\u00e4tisi\u00e4 ja tuleeko ovea tilatessa k\u00e4tisyys ehdottomasti mainita?<\/div><\/a><\/h4><\/div><div id=\"collapse-1-29555\" class=\"panel-collapse collapse\"><div class=\"panel-body toggle-content post-content\"><div class=\"fusion-fullwidth fullwidth-box fusion-builder-row-1-2 nonhundred-percent-fullwidth non-hundred-percent-height-scrolling\" style=\"background-color: rgba(255,255,255,0);background-position: center center;background-repeat: no-repeat;padding-top:0px;padding-right:0px;padding-bottom:0px;padding-left:0px;margin-bottom: 0px;margin-top: 0px;border-width: 0px 0px 0px 0px;border-color:#eae9e9;border-style:solid;\" ><div class=\"fusion-builder-row fusion-row\"><div class=\"fusion-layout-column fusion_builder_column fusion-builder-column-2 fusion_builder_column_1_1 1_1 fusion-one-full fusion-column-first fusion-column-last\" style=\"margin-top:0px;margin-bottom:0px;\"><div class=\"fusion-column-wrapper fusion-flex-column-wrapper-legacy\" style=\"background-position:left top;background-repeat:no-repeat;-webkit-background-size:cover;-moz-background-size:cover;-o-background-size:cover;background-size:cover;padding: 0px 0px 0px 0px;\"><div class=\"fusion-text fusion-text-2\" style=\"transform:translate3d(0,0,0);\"><p>Oletusarvoisesti kaikki ovet valmistetaan oikeak\u00e4tisin\u00e4 (saranat ovat oikealla puolella), mutta p\u00e4\u00e4osa Andresen vakiomittaisista ovista* on yleisk\u00e4ytt\u00f6isi\u00e4. Yleisk\u00e4ytt\u00f6isyys tarkoittaa sit\u00e4, ett\u00e4 k\u00e4ytt\u00e4j\u00e4 voi helposti muuttaa oven k\u00e4tisyytt\u00e4. K\u00e4tisyyden muuttamiseksi t\u00e4ytyy yl\u00e4puu vain kiinnitt\u00e4\u00e4 yhdest\u00e4 karmin p\u00e4\u00e4st\u00e4 toiseen. Jos mainitsette oven k\u00e4tisyyden jo tilauksen yhteydess\u00e4, ovi valmistuu heti Teid\u00e4n toiveenne mukaisesti.<\/p>\n<\/div><div class=\"fusion-clearfix\"><\/div><\/div><\/div><\/div><\/div>\n<\/div><\/div><\/div><div class=\"fusion-panel panel-default fusion-faq-post fusion-faq-post-29553 \"><span class=\"entry-title rich-snippet-hidden\">Miten paljon oven lasi on karmia lyhempi?<\/span><span class=\"vcard rich-snippet-hidden\"><span class=\"fn\"><a href=\"https:\/\/andres.ee\/fi\/author\/andres\/\" title=\"Kirjoittanut: Daniel\" rel=\"author\">Daniel<\/a><\/span><\/span><span class=\"updated rich-snippet-hidden\">2021-01-19T12:44:13+02:00<\/span><div class=\"panel-heading\"><h4 class=\"panel-title toggle\"><a data-toggle=\"collapse\" class=\"collapsed\" data-parent=\"#accordian-1\" data-target=\"#collapse-1-29553\" href=\"#collapse-1-29553\"><div class=\"fusion-toggle-icon-wrapper\"><div class=\"fusion-toggle-icon-wrapper-main\"><div class=\"fusion-toggle-icon-wrapper-sub\"><i class=\"fa-fusion-box\" aria-hidden=\"true\"><\/i><\/div><\/div><\/div><div class=\"fusion-toggle-heading\">Miten paljon oven lasi on karmia lyhempi?<\/div><\/a><\/h4><\/div><div id=\"collapse-1-29553\" class=\"panel-collapse collapse\"><div class=\"panel-body toggle-content post-content\"><p>Saunanovien osalta lasi on 21 lyhempi kuin karmi (Raiser-68 oven osalta 3 mm), h\u00f6yrysaunan ovien osalta 30 mm ja sis\u00e4ovien osalta 5 mm. Lasiratkaisujen osalta j\u00e4t\u00e4mme oven alle (lattian ja ovilasin v\u00e4liin) oletusarvoisesti 50 mm ilmaraon.<\/p>\n<\/div><\/div><\/div><div class=\"fusion-panel panel-default fusion-faq-post fusion-faq-post-29551 \"><span class=\"entry-title rich-snippet-hidden\">Onko mahdollista tilata my\u00f6s lasiratkaisuja tai karmittomia ovia h\u00f6yrysaunoihin?<\/span><span class=\"vcard rich-snippet-hidden\"><span class=\"fn\"><a href=\"https:\/\/andres.ee\/fi\/author\/andres\/\" title=\"Kirjoittanut: Daniel\" rel=\"author\">Daniel<\/a><\/span><\/span><span class=\"updated rich-snippet-hidden\">2021-01-19T12:49:36+02:00<\/span><div class=\"panel-heading\"><h4 class=\"panel-title toggle\"><a data-toggle=\"collapse\" class=\"collapsed\" data-parent=\"#accordian-1\" data-target=\"#collapse-1-29551\" href=\"#collapse-1-29551\"><div class=\"fusion-toggle-icon-wrapper\"><div class=\"fusion-toggle-icon-wrapper-main\"><div class=\"fusion-toggle-icon-wrapper-sub\"><i class=\"fa-fusion-box\" aria-hidden=\"true\"><\/i><\/div><\/div><\/div><div class=\"fusion-toggle-heading\">Onko mahdollista tilata my\u00f6s lasiratkaisuja tai karmittomia ovia h\u00f6yrysaunoihin?<\/div><\/a><\/h4><\/div><div id=\"collapse-1-29551\" class=\"panel-collapse collapse\"><div class=\"panel-body toggle-content post-content\"><p>Kyll\u00e4 vain! Siin\u00e4 tapauksessa setiss\u00e4 tulevat mukana tiivisteet, jotka pit\u00e4v\u00e4t h\u00f6yryn saunassa.<\/p>\n<\/div><\/div><\/div><div class=\"fusion-panel panel-default fusion-faq-post fusion-faq-post-29549 \"><span class=\"entry-title rich-snippet-hidden\">Voiko Andresen tuotantoa tilata my\u00f6s sekalavoilla (saunanovia, h\u00f6yrysaunan ovia, lasiratkaisuja \u2013 kaikkia samalla lavalla)?<\/span><span class=\"vcard rich-snippet-hidden\"><span class=\"fn\"><a href=\"https:\/\/andres.ee\/fi\/author\/andres\/\" title=\"Kirjoittanut: Daniel\" rel=\"author\">Daniel<\/a><\/span><\/span><span class=\"updated rich-snippet-hidden\">2021-01-19T12:55:03+02:00<\/span><div class=\"panel-heading\"><h4 class=\"panel-title toggle\"><a data-toggle=\"collapse\" class=\"collapsed\" data-parent=\"#accordian-1\" data-target=\"#collapse-1-29549\" href=\"#collapse-1-29549\"><div class=\"fusion-toggle-icon-wrapper\"><div class=\"fusion-toggle-icon-wrapper-main\"><div class=\"fusion-toggle-icon-wrapper-sub\"><i class=\"fa-fusion-box\" aria-hidden=\"true\"><\/i><\/div><\/div><\/div><div class=\"fusion-toggle-heading\">Voiko Andresen tuotantoa tilata my\u00f6s sekalavoilla (saunanovia, h\u00f6yrysaunan ovia, lasiratkaisuja \u2013 kaikkia samalla lavalla)?<\/div><\/a><\/h4><\/div><div id=\"collapse-1-29549\" class=\"panel-collapse collapse\"><div class=\"panel-body toggle-content post-content\"><p>Voi toki! Tilattavien lasiratkaisujen ja ovien koosta ja painoista riippuen tuotteita voi tilata my\u00f6s sekalavoilla. Esimerkiksi yhdelle lavalle mahtuu yhteens\u00e4 18-20 pakkausta, siten yhdelle lavalle voi pakata 15-17 ovea ja yhden lasiratkaisun.<\/p>\n<\/div><\/div><\/div><div class=\"fusion-panel panel-default fusion-faq-post fusion-faq-post-29545 \"><span class=\"entry-title rich-snippet-hidden\">Voiko oven tilata kynnyksineen?<\/span><span class=\"vcard rich-snippet-hidden\"><span class=\"fn\"><a href=\"https:\/\/andres.ee\/fi\/author\/andres\/\" title=\"Kirjoittanut: Daniel\" rel=\"author\">Daniel<\/a><\/span><\/span><span class=\"updated rich-snippet-hidden\">2021-01-19T13:00:23+02:00<\/span><div class=\"panel-heading\"><h4 class=\"panel-title toggle\"><a data-toggle=\"collapse\" class=\"collapsed\" data-parent=\"#accordian-1\" data-target=\"#collapse-1-29545\" href=\"#collapse-1-29545\"><div class=\"fusion-toggle-icon-wrapper\"><div class=\"fusion-toggle-icon-wrapper-main\"><div class=\"fusion-toggle-icon-wrapper-sub\"><i class=\"fa-fusion-box\" aria-hidden=\"true\"><\/i><\/div><\/div><\/div><div class=\"fusion-toggle-heading\">Voiko oven tilata kynnyksineen?<\/div><\/a><\/h4><\/div><div id=\"collapse-1-29545\" class=\"panel-collapse collapse\"><div class=\"panel-body toggle-content post-content\"><div class=\"fusion-fullwidth fullwidth-box fusion-builder-row-1-3 nonhundred-percent-fullwidth non-hundred-percent-height-scrolling\" style=\"background-color: rgba(255,255,255,0);background-position: center center;background-repeat: no-repeat;padding-top:0px;padding-right:0px;padding-bottom:0px;padding-left:0px;margin-bottom: 0px;margin-top: 0px;border-width: 0px 0px 0px 0px;border-color:#eae9e9;border-style:solid;\" ><div class=\"fusion-builder-row fusion-row\"><div class=\"fusion-layout-column fusion_builder_column fusion-builder-column-3 fusion_builder_column_1_1 1_1 fusion-one-full fusion-column-first fusion-column-last\" style=\"margin-top:0px;margin-bottom:0px;\"><div class=\"fusion-column-wrapper fusion-flex-column-wrapper-legacy\" style=\"background-position:left top;background-repeat:no-repeat;-webkit-background-size:cover;-moz-background-size:cover;-o-background-size:cover;background-size:cover;padding: 0px 0px 0px 0px;\"><div class=\"fusion-text fusion-text-3\" style=\"transform:translate3d(0,0,0);\"><p>Kyll\u00e4 voi! Pyyd\u00e4mme ennen tilaamista tarkentamaan kynnyksen hinnan meid\u00e4n j\u00e4lleenmyyj\u00e4lt\u00e4mme.<\/p>\n<\/div><div class=\"fusion-clearfix\"><\/div><\/div><\/div><\/div><\/div>\n<\/div><\/div><\/div><div class=\"fusion-panel panel-default fusion-faq-post fusion-faq-post-29543 \"><span class=\"entry-title rich-snippet-hidden\">Voiko rullalukko naarmuttaa lasia?<\/span><span class=\"vcard rich-snippet-hidden\"><span class=\"fn\"><a href=\"https:\/\/andres.ee\/fi\/author\/andres\/\" title=\"Kirjoittanut: Daniel\" rel=\"author\">Daniel<\/a><\/span><\/span><span class=\"updated rich-snippet-hidden\">2021-01-19T13:02:32+02:00<\/span><div class=\"panel-heading\"><h4 class=\"panel-title toggle\"><a data-toggle=\"collapse\" class=\"collapsed\" data-parent=\"#accordian-1\" data-target=\"#collapse-1-29543\" href=\"#collapse-1-29543\"><div class=\"fusion-toggle-icon-wrapper\"><div class=\"fusion-toggle-icon-wrapper-main\"><div class=\"fusion-toggle-icon-wrapper-sub\"><i class=\"fa-fusion-box\" aria-hidden=\"true\"><\/i><\/div><\/div><\/div><div class=\"fusion-toggle-heading\">Voiko rullalukko naarmuttaa lasia?<\/div><\/a><\/h4><\/div><div id=\"collapse-1-29543\" class=\"panel-collapse collapse\"><div class=\"panel-body toggle-content post-content\"><p>Ei voi! Andres k\u00e4ytt\u00e4\u00e4 korkealaatuisia rullalukkoja, joiden rullat on valmistettu muovista ja ne eiv\u00e4t naarmuta lasia.<\/p>\n<\/div><\/div><\/div><div class=\"fusion-panel panel-default fusion-faq-post fusion-faq-post-29541 \"><span class=\"entry-title rich-snippet-hidden\">Miten kauan ovi pysyy k\u00e4ytt\u00f6kuntoisena?<\/span><span class=\"vcard rich-snippet-hidden\"><span class=\"fn\"><a href=\"https:\/\/andres.ee\/fi\/author\/andres\/\" title=\"Kirjoittanut: Daniel\" rel=\"author\">Daniel<\/a><\/span><\/span><span class=\"updated rich-snippet-hidden\">2025-10-07T15:32:13+03:00<\/span><div class=\"panel-heading\"><h4 class=\"panel-title toggle\"><a data-toggle=\"collapse\" class=\"collapsed\" data-parent=\"#accordian-1\" data-target=\"#collapse-1-29541\" href=\"#collapse-1-29541\"><div class=\"fusion-toggle-icon-wrapper\"><div class=\"fusion-toggle-icon-wrapper-main\"><div class=\"fusion-toggle-icon-wrapper-sub\"><i class=\"fa-fusion-box\" aria-hidden=\"true\"><\/i><\/div><\/div><\/div><div class=\"fusion-toggle-heading\">Miten kauan ovi pysyy k\u00e4ytt\u00f6kuntoisena?<\/div><\/a><\/h4><\/div><div id=\"collapse-1-29541\" class=\"panel-collapse collapse\"><div class=\"panel-body toggle-content post-content\"><p>Kun ovi asennetaan (<a href=\"https:\/\/andres.ee\/wp-content\/uploads\/2025\/02\/FI_Sauna_door_manualterms.pdf\" target=\"_blank\" rel=\"noopener\">ohjeen mukaisesti<\/a>) ja sit\u00e4 huolletaan asianmukaisesti (<a href=\"https:\/\/andres.ee\/wp-content\/uploads\/2025\/02\/Use_and_maintenance_instructions_FI.pdf\" target=\"_blank\" rel=\"noopener\">ohjeen mukaisesti<\/a>), se pysyy toimintakunnossa ja kest\u00e4v\u00e4n\u00e4 pitk\u00e4\u00e4n.<\/p>\n<\/div><\/div><\/div><div class=\"fusion-panel panel-default fusion-faq-post fusion-faq-post-29539 \"><span class=\"entry-title rich-snippet-hidden\">Miksi saranoissa AU Premium ja Lux on kolme asennusreik\u00e4\u00e4, mutta lasi on silti kiinnitetty saranoihin yhdell\u00e4 pultilla?<\/span><span class=\"vcard rich-snippet-hidden\"><span class=\"fn\"><a href=\"https:\/\/andres.ee\/fi\/author\/andres\/\" title=\"Kirjoittanut: Daniel\" rel=\"author\">Daniel<\/a><\/span><\/span><span class=\"updated rich-snippet-hidden\">2021-01-19T13:11:17+02:00<\/span><div class=\"panel-heading\"><h4 class=\"panel-title toggle\"><a data-toggle=\"collapse\" class=\"collapsed\" data-parent=\"#accordian-1\" data-target=\"#collapse-1-29539\" href=\"#collapse-1-29539\"><div class=\"fusion-toggle-icon-wrapper\"><div class=\"fusion-toggle-icon-wrapper-main\"><div class=\"fusion-toggle-icon-wrapper-sub\"><i class=\"fa-fusion-box\" aria-hidden=\"true\"><\/i><\/div><\/div><\/div><div class=\"fusion-toggle-heading\">Miksi saranoissa AU Premium ja Lux on kolme asennusreik\u00e4\u00e4, mutta lasi on silti kiinnitetty saranoihin yhdell\u00e4 pultilla?<\/div><\/a><\/h4><\/div><div id=\"collapse-1-29539\" class=\"panel-collapse collapse\"><div class=\"panel-body toggle-content post-content\"><p>AU Premium ja Lux -saranat ovat yleisk\u00e4ytt\u00f6isi\u00e4 ja sopivat eri lasityyppien kanssa yhteen. Yhdell\u00e4 pultilla kiinnitys vastaa kuitenkin Abloy-saranoiden kiinnityst\u00e4, joka on turvalliseen k\u00e4ytt\u00f6\u00f6n t\u00e4ysin riitt\u00e4v\u00e4.<\/p>\n<\/div><\/div><\/div><\/div><\/div><\/div><\/div><div class=\"fusion-clearfix\"><\/div><\/div><\/div><\/div><\/div><div class=\"fusion-fullwidth fullwidth-box fusion-builder-row-2 nonhundred-percent-fullwidth non-hundred-percent-height-scrolling\" style=\"background-color: rgba(255,255,255,0);background-position: center center;background-repeat: no-repeat;padding-top:0px;padding-right:0px;padding-bottom:0px;padding-left:0px;margin-bottom: 0px;margin-top: 0px;border-width: 0px 0px 0px 0px;border-color:#eae9e9;border-style:solid;\" ><div class=\"fusion-builder-row fusion-row\"><div class=\"fusion-layout-column fusion_builder_column fusion-builder-column-4 fusion_builder_column_1_1 1_1 fusion-one-full fusion-column-first fusion-column-last\" style=\"margin-top:0px;margin-bottom:0px;\"><div class=\"fusion-column-wrapper fusion-flex-column-wrapper-legacy\" style=\"background-position:left top;background-repeat:no-repeat;-webkit-background-size:cover;-moz-background-size:cover;-o-background-size:cover;background-size:cover;padding: 0px 0px 0px 0px;\"><div class=\"fusion-modal modal fade modal-1 paigaldusvideo\" tabindex=\"-1\" role=\"dialog\" aria-labelledby=\"modal-heading-1\" aria-hidden=\"true\"><style type=\"text\/css\">.modal-1 .modal-header, .modal-1 .modal-footer{border-color:rgba(235,235,235,0);}<\/style><div class=\"modal-dialog modal-lg\"><div class=\"modal-content fusion-modal-content\" style=\"background-color:#ffffff\"><div class=\"modal-header\"><button class=\"close\" type=\"button\" data-dismiss=\"modal\" aria-hidden=\"true\">&times;<\/button><h3 class=\"modal-title\" id=\"modal-heading-1\" data-dismiss=\"modal\" aria-hidden=\"true\">Paigaldusvideo<\/h3><\/div><div class=\"modal-body fusion-clearfix\"><iframe src=\"https:\/\/www.youtube.com\/embed\/e8JYWFxANVY\" width=\"100%\" height=\"500\" frameborder=\"0\" allowfullscreen=\"allowfullscreen\" data-mce-fragment=\"1\"><\/iframe><\/div><\/div><\/div><\/div><div class=\"fusion-clearfix\"><\/div><\/div><\/div><\/div><\/div><\/p>\n","protected":false},"excerpt":{"rendered":"","protected":false},"author":5,"featured_media":0,"parent":0,"menu_order":339,"comment_status":"closed","ping_status":"closed","template":"","meta":[],"yoast_head":"<!-- This site is optimized with the Yoast SEO plugin v15.3 - https:\/\/yoast.com\/wordpress\/plugins\/seo\/ -->\n<title>UKK - Andres<\/title>\n<meta name=\"robots\" content=\"index, follow, max-snippet:-1, max-image-preview:large, max-video-preview:-1\" \/>\n<link rel=\"canonical\" href=\"https:\/\/andres.ee\/fi\/ukk\/\" \/>\n<meta property=\"og:locale\" content=\"fi_FI\" \/>\n<meta property=\"og:type\" content=\"article\" \/>\n<meta property=\"og:title\" content=\"UKK - Andres\" \/>\n<meta property=\"og:url\" content=\"https:\/\/andres.ee\/fi\/ukk\/\" \/>\n<meta property=\"og:site_name\" content=\"Andres\" \/>\n<meta property=\"article:modified_time\" content=\"2020-12-22T08:53:11+00:00\" \/>\n<meta name=\"twitter:card\" content=\"summary_large_image\" \/>\n<meta name=\"twitter:label1\" content=\"Written by\">\n\t<meta name=\"twitter:data1\" content=\"Daniel\">\n\t<meta name=\"twitter:label2\" content=\"Est. reading time\">\n\t<meta name=\"twitter:data2\" content=\"3 minuuttia\">\n<script type=\"application\/ld+json\" class=\"yoast-schema-graph\">{\"@context\":\"https:\/\/schema.org\",\"@graph\":[{\"@type\":\"WebSite\",\"@id\":\"https:\/\/andres.ee\/et\/#website\",\"url\":\"https:\/\/andres.ee\/et\/\",\"name\":\"Andres\",\"description\":\"Glass Solutions\",\"potentialAction\":[{\"@type\":\"SearchAction\",\"target\":\"https:\/\/andres.ee\/et\/?s={search_term_string}\",\"query-input\":\"required name=search_term_string\"}],\"inLanguage\":\"fi\"},{\"@type\":\"WebPage\",\"@id\":\"https:\/\/andres.ee\/fi\/ukk\/#webpage\",\"url\":\"https:\/\/andres.ee\/fi\/ukk\/\",\"name\":\"UKK - Andres\",\"isPartOf\":{\"@id\":\"https:\/\/andres.ee\/et\/#website\"},\"datePublished\":\"2020-02-29T18:22:56+00:00\",\"dateModified\":\"2020-12-22T08:53:11+00:00\",\"inLanguage\":\"fi\",\"potentialAction\":[{\"@type\":\"ReadAction\",\"target\":[\"https:\/\/andres.ee\/fi\/ukk\/\"]}]}]}<\/script>\n<!-- \/ Yoast SEO plugin. -->","_links":{"self":[{"href":"https:\/\/andres.ee\/fi\/wp-json\/wp\/v2\/pages\/21938"}],"collection":[{"href":"https:\/\/andres.ee\/fi\/wp-json\/wp\/v2\/pages"}],"about":[{"href":"https:\/\/andres.ee\/fi\/wp-json\/wp\/v2\/types\/page"}],"author":[{"embeddable":true,"href":"https:\/\/andres.ee\/fi\/wp-json\/wp\/v2\/users\/5"}],"replies":[{"embeddable":true,"href":"https:\/\/andres.ee\/fi\/wp-json\/wp\/v2\/comments?post=21938"}],"version-history":[{"count":3,"href":"https:\/\/andres.ee\/fi\/wp-json\/wp\/v2\/pages\/21938\/revisions"}],"predecessor-version":[{"id":28111,"href":"https:\/\/andres.ee\/fi\/wp-json\/wp\/v2\/pages\/21938\/revisions\/28111"}],"wp:attachment":[{"href":"https:\/\/andres.ee\/fi\/wp-json\/wp\/v2\/media?parent=21938"}],"curies":[{"name":"wp","href":"https:\/\/api.w.org\/{rel}","templated":true}]}}