{"id":36533,"date":"2026-02-17T13:31:34","date_gmt":"2026-02-17T11:31:34","guid":{"rendered":"https:\/\/andres.ee\/?post_type=product&#038;p=36533"},"modified":"2026-02-17T13:32:58","modified_gmt":"2026-02-17T11:32:58","slug":"heat-2","status":"publish","type":"product","link":"https:\/\/andres.ee\/et\/tooted\/kaminaesine-porandaklaas\/heat-2\/","title":{"rendered":"Heat 2"},"content":{"rendered":"<div class=\"fusion-fullwidth fullwidth-box fusion-builder-row-1 fusion-flex-container nonhundred-percent-fullwidth non-hundred-percent-height-scrolling\" style=\"background-color: rgba(255,255,255,0);background-position: center center;background-repeat: no-repeat;border-width: 0px 0px 0px 0px;border-color:#eae9e9;border-style:solid;\" ><div class=\"fusion-builder-row fusion-row fusion-flex-align-items-flex-start\" style=\"max-width:1248px;margin-left: calc(-4% \/ 2 );margin-right: calc(-4% \/ 2 );\"><div class=\"fusion-layout-column fusion_builder_column fusion-builder-column-0 fusion_builder_column_1_1 1_1 fusion-flex-column\"><div class=\"fusion-column-wrapper fusion-flex-justify-content-flex-start fusion-content-layout-column\" style=\"background-position:left top;background-repeat:no-repeat;-webkit-background-size:cover;-moz-background-size:cover;-o-background-size:cover;background-size:cover;padding: 0px 0px 0px 0px;\"><div ><style type=\"text\/css\">.fusion-button.button-1 {border-radius:0px;}<\/style><a class=\"fusion-button button-flat fusion-button-default-size button-default button-1 fusion-button-default-span fusion-button-default-type\" target=\"_blank\" rel=\"noopener noreferrer\" href=\"mailto:andres@andres.ee?subject=Kamina%20p\u00f5randa%20klaasi%20p\u00e4ring\"><span class=\"fusion-button-text\">Saada p\u00e4ring<\/span><\/a><\/div><div ><style type=\"text\/css\">.fusion-button.button-2 {border-radius:0px;}<\/style><a class=\"fusion-button button-flat fusion-button-default-size button-default button-2 fusion-button-default-span fusion-button-default-type\" target=\"_blank\" rel=\"noopener noreferrer\" href=\"https:\/\/andres.ee\/wp-content\/uploads\/2026\/02\/Floor-glass-manual_EE_148x210mm-1.pdf\"><span class=\"fusion-button-text\">Paigaldus- ja hooldusjuhend<\/span><\/a><\/div><\/div><\/div><style type=\"text\/css\">.fusion-body .fusion-builder-column-0{width:100% !important;margin-top : 0px;margin-bottom : 0px;}.fusion-builder-column-0 > .fusion-column-wrapper {padding-top : 0px !important;padding-right : 0px !important;margin-right : 1.92%;padding-bottom : 0px !important;padding-left : 0px !important;margin-left : 1.92%;}@media only screen and (max-width:1024px) {.fusion-body .fusion-builder-column-0{width:100% !important;order : 0;}.fusion-builder-column-0 > .fusion-column-wrapper {margin-right : 1.92%;margin-left : 1.92%;}}@media only screen and (max-width:640px) {.fusion-body .fusion-builder-column-0{width:100% !important;order : 0;}.fusion-builder-column-0 > .fusion-column-wrapper {margin-right : 1.92%;margin-left : 1.92%;}}<\/style><\/div><style type=\"text\/css\">.fusion-body .fusion-flex-container.fusion-builder-row-1{ padding-top : 0px;margin-top : 0px;padding-right : 0px;padding-bottom : 0px;margin-bottom : 0px;padding-left : 0px;}<\/style><\/div>\n","protected":false},"excerpt":{"rendered":"<p data-start=\"102\" data-end=\"424\">Kamina ees kasutatav p\u00f5randaklaas kaitseb p\u00f5randat kuumuse, s\u00e4demete ja tuha eest. Karastatud turvaklaas on vastupidav ja kergesti hooldatav ning sobib erinevat t\u00fc\u00fcpi kaminate ette. L\u00e4bipaistev ja minimalistlik lahendus s\u00e4ilitab ruumi visuaalse avaruse ning sobitub erinevate sisekujundusstiilidega.<\/p>\n<p data-start=\"426\" data-end=\"483\">Saadaval erinevates m\u00f5\u00f5tudes ja kujuga variatsioonides.<\/p>\n","protected":false},"featured_media":36528,"template":"","meta":[],"yoast_head":"<!-- This site is optimized with the Yoast SEO plugin v15.3 - https:\/\/yoast.com\/wordpress\/plugins\/seo\/ -->\n<title>Heat 2 - Andres<\/title>\n<meta name=\"robots\" content=\"index, follow, max-snippet:-1, max-image-preview:large, max-video-preview:-1\" \/>\n<link rel=\"canonical\" href=\"https:\/\/andres.ee\/et\/tooted\/kaminaesine-porandaklaas\/heat-2\/\" \/>\n<meta property=\"og:locale\" content=\"et_EE\" \/>\n<meta property=\"og:type\" content=\"article\" \/>\n<meta property=\"og:title\" content=\"Heat 2 - Andres\" \/>\n<meta property=\"og:description\" content=\"Kamina ees kasutatav p\u00f5randaklaas kaitseb p\u00f5randat kuumuse, s\u00e4demete ja tuha eest. Karastatud turvaklaas on vastupidav ja kergesti hooldatav ning sobib erinevat t\u00fc\u00fcpi kaminate ette. L\u00e4bipaistev ja minimalistlik lahendus s\u00e4ilitab ruumi visuaalse avaruse ning sobitub erinevate sisekujundusstiilidega. Saadaval erinevates m\u00f5\u00f5tudes ja kujuga variatsioonides.\" \/>\n<meta property=\"og:url\" content=\"https:\/\/andres.ee\/et\/tooted\/kaminaesine-porandaklaas\/heat-2\/\" \/>\n<meta property=\"og:site_name\" content=\"Andres\" \/>\n<meta property=\"article:modified_time\" content=\"2026-02-17T11:32:58+00:00\" \/>\n<meta property=\"og:image\" content=\"https:\/\/andres.ee\/wp-content\/uploads\/2026\/02\/Heat2_800x500_clear_I.png\" \/>\n\t<meta property=\"og:image:width\" content=\"1080\" \/>\n\t<meta property=\"og:image:height\" content=\"1080\" \/>\n<meta name=\"twitter:card\" content=\"summary_large_image\" \/>\n<meta name=\"twitter:label1\" content=\"Written by\">\n\t<meta name=\"twitter:data1\" content=\"Krislyn Lillev\u00e4li\">\n\t<meta name=\"twitter:label2\" content=\"Est. reading time\">\n\t<meta name=\"twitter:data2\" content=\"3 minutit\">\n<script type=\"application\/ld+json\" class=\"yoast-schema-graph\">{\"@context\":\"https:\/\/schema.org\",\"@graph\":[{\"@type\":\"WebSite\",\"@id\":\"https:\/\/andres.ee\/et\/#website\",\"url\":\"https:\/\/andres.ee\/et\/\",\"name\":\"Andres\",\"description\":\"Glass Solutions\",\"potentialAction\":[{\"@type\":\"SearchAction\",\"target\":\"https:\/\/andres.ee\/et\/?s={search_term_string}\",\"query-input\":\"required name=search_term_string\"}],\"inLanguage\":\"et\"},{\"@type\":\"ImageObject\",\"@id\":\"https:\/\/andres.ee\/et\/tooted\/kaminaesine-porandaklaas\/heat-2\/#primaryimage\",\"inLanguage\":\"et\",\"url\":\"https:\/\/andres.ee\/wp-content\/uploads\/2026\/02\/Heat2_800x500_clear_I.png\",\"width\":1080,\"height\":1080},{\"@type\":\"WebPage\",\"@id\":\"https:\/\/andres.ee\/et\/tooted\/kaminaesine-porandaklaas\/heat-2\/#webpage\",\"url\":\"https:\/\/andres.ee\/et\/tooted\/kaminaesine-porandaklaas\/heat-2\/\",\"name\":\"Heat 2 - Andres\",\"isPartOf\":{\"@id\":\"https:\/\/andres.ee\/et\/#website\"},\"primaryImageOfPage\":{\"@id\":\"https:\/\/andres.ee\/et\/tooted\/kaminaesine-porandaklaas\/heat-2\/#primaryimage\"},\"datePublished\":\"2026-02-17T11:31:34+00:00\",\"dateModified\":\"2026-02-17T11:32:58+00:00\",\"inLanguage\":\"et\",\"potentialAction\":[{\"@type\":\"ReadAction\",\"target\":[\"https:\/\/andres.ee\/et\/tooted\/kaminaesine-porandaklaas\/heat-2\/\"]}]}]}<\/script>\n<!-- \/ Yoast SEO plugin. -->","_links":{"self":[{"href":"https:\/\/andres.ee\/et\/wp-json\/wp\/v2\/product\/36533"}],"collection":[{"href":"https:\/\/andres.ee\/et\/wp-json\/wp\/v2\/product"}],"about":[{"href":"https:\/\/andres.ee\/et\/wp-json\/wp\/v2\/types\/product"}],"wp:featuredmedia":[{"embeddable":true,"href":"https:\/\/andres.ee\/et\/wp-json\/wp\/v2\/media\/36528"}],"wp:attachment":[{"href":"https:\/\/andres.ee\/et\/wp-json\/wp\/v2\/media?parent=36533"}],"curies":[{"name":"wp","href":"https:\/\/api.w.org\/{rel}","templated":true}]}}