{"id":33271,"date":"2024-06-26T11:42:16","date_gmt":"2024-06-26T08:42:16","guid":{"rendered":"https:\/\/andres.ee\/?post_type=product&#038;p=33271"},"modified":"2025-09-22T15:01:00","modified_gmt":"2025-09-22T12:01:00","slug":"franceska","status":"publish","type":"product","link":"https:\/\/andres.ee\/et\/tooted\/dusi-ja-vannilahendused\/vanniseinad\/franceska\/","title":{"rendered":"Franceska"},"content":{"rendered":"<p><div class=\"fusion-fullwidth fullwidth-box fusion-builder-row-1 nonhundred-percent-fullwidth non-hundred-percent-height-scrolling\" style=\"background-color: rgba(255,255,255,0);background-position: center center;background-repeat: no-repeat;padding-top:0px;padding-right:0px;padding-bottom:0px;padding-left:0px;margin-bottom: 0px;margin-top: 0px;border-width: 0px 0px 0px 0px;border-color:#eae9e9;border-style:solid;\" ><div class=\"fusion-builder-row fusion-row\"><div class=\"fusion-layout-column fusion_builder_column fusion-builder-column-0 fusion_builder_column_1_1 1_1 fusion-one-full fusion-column-first fusion-column-last\" style=\"margin-top:0px;margin-bottom:0px;\"><div class=\"fusion-column-wrapper fusion-flex-column-wrapper-legacy\" style=\"background-position:left top;background-repeat:no-repeat;-webkit-background-size:cover;-moz-background-size:cover;-o-background-size:cover;background-size:cover;padding: 0px 0px 0px 0px;\"><div class=\"fusion-text fusion-text-1\" style=\"transform:translate3d(0,0,0);\"><p>Komplekti kuuluvad 8 mm karastatud klaasist ukselehed, hinged, k\u00e4epide ja vajalikud tihendid. Toode tarnitakse t\u00e4ielikult komplekteerituna.<\/p>\n<\/div><div class=\"fusion-button-wrapper\"><style type=\"text\/css\">.fusion-button.button-1 {border-radius:0px;}<\/style><a class=\"fusion-button button-flat fusion-button-default-size button-default button-1 fusion-button-default-span fusion-button-default-type fusion-animated\" data-animationType=\"fadeInLeft\" data-animationDuration=\"0.1\" data-animationOffset=\"100%\" target=\"_blank\" rel=\"noopener noreferrer\" href=\"https:\/\/andres.ee\/wp-content\/uploads\/2025\/09\/Franceska_manual_EE.pdf \"><span class=\"fusion-button-text\">Paigaldusjuhend<\/span><\/a><\/div><div class=\"fusion-button-wrapper\"><style type=\"text\/css\">.fusion-button.button-2 {border-radius:0px;}<\/style><a class=\"fusion-button button-flat fusion-button-default-size button-default button-2 fusion-button-default-span fusion-button-default-type fusion-animated\" data-animationType=\"fadeInLeft\" data-animationDuration=\"0.1\" data-animationOffset=\"100%\" target=\"_blank\" rel=\"noopener noreferrer\" href=\"https:\/\/andres.ee\/wp-content\/uploads\/2025\/02\/Use_and_maintenance_instructions_EE.pdf \"><span class=\"fusion-button-text\">Hooldusjuhend<\/span><\/a><\/div><div class=\"fusion-button-wrapper\"><style type=\"text\/css\">.fusion-button.button-3 {border-radius:0px;}<\/style><a class=\"fusion-button button-flat fusion-button-default-size button-default button-3 fusion-button-default-span fusion-button-default-type fusion-animated\" data-animationType=\"fadeInLeft\" data-animationDuration=\"0.5\" data-animationOffset=\"100%\" target=\"_blank\" rel=\"noopener noreferrer\" href=\"https:\/\/www.klaasistuudio.ee\/et\/franceska.html\"><span class=\"fusion-button-text\">Osta \u00fchekaupa<\/span><\/a><\/div><div class=\"fusion-clearfix\"><\/div><\/div><\/div><\/div><\/div><div class=\"fusion-fullwidth fullwidth-box fusion-builder-row-2 ariklient nonhundred-percent-fullwidth non-hundred-percent-height-scrolling\" style=\"background-color: rgba(255,255,255,0);background-position: center center;background-repeat: no-repeat;padding-top:0px;padding-right:0px;padding-bottom:0px;padding-left:0px;margin-bottom: 0px;margin-top: 0px;border-width: 0px 0px 0px 0px;border-color:#eae9e9;border-style:solid;\" ><div class=\"fusion-builder-row fusion-row\"><div class=\"fusion-layout-column fusion_builder_column fusion-builder-column-1 fusion_builder_column_1_1 1_1 fusion-one-full fusion-column-first fusion-column-last\" style=\"margin-top:0px;margin-bottom:0px;\"><div class=\"fusion-column-wrapper fusion-flex-column-wrapper-legacy\" style=\"background-position:left top;background-repeat:no-repeat;-webkit-background-size:cover;-moz-background-size:cover;-o-background-size:cover;background-size:cover;padding: 0px 0px 0px 0px;\"><div class=\"fusion-clearfix\"><\/div><\/div><\/div><\/div><\/div><\/p>\n","protected":false},"excerpt":{"rendered":"<p>&nbsp;<\/p>\n<p>Franceska on monohingega liigutatav vanniklaas, mille klaasi \u00fclemine nurk on \u00fcmardatud ning mida saab liigutada 90\u00b0 \u00fchele v\u00f5i teisele poole, et vajadusel vannialas rohkem ruumi teha. Vanniklaasil on spetsiaalne monohing, mis fikseerib klaasi \u00f5iges asendis ja t\u00f5stab klaasi avamisel \u00fclespoole, t\u00e4nu millele liigub klaas sujuvalt. Toodet on v\u00f5imalik komplekteerida alltoodult (kastiga on \u00fcmbritsetud vaikev\u00e4\u00e4rtus).<\/p>\n","protected":false},"featured_media":33334,"template":"","meta":[],"yoast_head":"<!-- This site is optimized with the Yoast SEO plugin v15.3 - https:\/\/yoast.com\/wordpress\/plugins\/seo\/ -->\n<title>Franceska - Andres<\/title>\n<meta name=\"robots\" content=\"index, follow, max-snippet:-1, max-image-preview:large, max-video-preview:-1\" \/>\n<link rel=\"canonical\" href=\"https:\/\/andres.ee\/et\/tooted\/dusi-ja-vannilahendused\/vanniseinad\/franceska\/\" \/>\n<meta property=\"og:locale\" content=\"et_EE\" \/>\n<meta property=\"og:type\" content=\"article\" \/>\n<meta property=\"og:title\" content=\"Franceska - Andres\" \/>\n<meta property=\"og:description\" content=\"&nbsp;  Franceska on monohingega liigutatav vanniklaas, mille klaasi \u00fclemine nurk on \u00fcmardatud ning mida saab liigutada 90\u00b0 \u00fchele v\u00f5i teisele poole, et vajadusel vannialas rohkem ruumi teha. Vanniklaasil on spetsiaalne monohing, mis fikseerib klaasi \u00f5iges asendis ja t\u00f5stab klaasi avamisel \u00fclespoole, t\u00e4nu millele liigub klaas sujuvalt. Toodet on v\u00f5imalik komplekteerida alltoodult (kastiga on \u00fcmbritsetud vaikev\u00e4\u00e4rtus).\" \/>\n<meta property=\"og:url\" content=\"https:\/\/andres.ee\/et\/tooted\/dusi-ja-vannilahendused\/vanniseinad\/franceska\/\" \/>\n<meta property=\"og:site_name\" content=\"Andres\" \/>\n<meta property=\"article:modified_time\" content=\"2025-09-22T12:01:00+00:00\" \/>\n<meta property=\"og:image\" content=\"https:\/\/andres.ee\/wp-content\/uploads\/2024\/06\/FRANCESKA_CLEAR.jpg\" \/>\n\t<meta property=\"og:image:width\" content=\"900\" \/>\n\t<meta property=\"og:image:height\" content=\"1200\" \/>\n<meta name=\"twitter:card\" content=\"summary_large_image\" \/>\n<meta name=\"twitter:label1\" content=\"Written by\">\n\t<meta name=\"twitter:data1\" content=\"Krislyn Lillev\u00e4li\">\n\t<meta name=\"twitter:label2\" content=\"Est. reading time\">\n\t<meta name=\"twitter:data2\" content=\"3 minutit\">\n<script type=\"application\/ld+json\" class=\"yoast-schema-graph\">{\"@context\":\"https:\/\/schema.org\",\"@graph\":[{\"@type\":\"WebSite\",\"@id\":\"https:\/\/andres.ee\/et\/#website\",\"url\":\"https:\/\/andres.ee\/et\/\",\"name\":\"Andres\",\"description\":\"Glass Solutions\",\"potentialAction\":[{\"@type\":\"SearchAction\",\"target\":\"https:\/\/andres.ee\/et\/?s={search_term_string}\",\"query-input\":\"required name=search_term_string\"}],\"inLanguage\":\"et\"},{\"@type\":\"ImageObject\",\"@id\":\"https:\/\/andres.ee\/et\/tooted\/dusi-ja-vannilahendused\/vanniseinad\/franceska\/#primaryimage\",\"inLanguage\":\"et\",\"url\":\"https:\/\/andres.ee\/wp-content\/uploads\/2024\/06\/FRANCESKA_CLEAR.jpg\",\"width\":900,\"height\":1200},{\"@type\":\"WebPage\",\"@id\":\"https:\/\/andres.ee\/et\/tooted\/dusi-ja-vannilahendused\/vanniseinad\/franceska\/#webpage\",\"url\":\"https:\/\/andres.ee\/et\/tooted\/dusi-ja-vannilahendused\/vanniseinad\/franceska\/\",\"name\":\"Franceska - Andres\",\"isPartOf\":{\"@id\":\"https:\/\/andres.ee\/et\/#website\"},\"primaryImageOfPage\":{\"@id\":\"https:\/\/andres.ee\/et\/tooted\/dusi-ja-vannilahendused\/vanniseinad\/franceska\/#primaryimage\"},\"datePublished\":\"2024-06-26T08:42:16+00:00\",\"dateModified\":\"2025-09-22T12:01:00+00:00\",\"inLanguage\":\"et\",\"potentialAction\":[{\"@type\":\"ReadAction\",\"target\":[\"https:\/\/andres.ee\/et\/tooted\/dusi-ja-vannilahendused\/vanniseinad\/franceska\/\"]}]}]}<\/script>\n<!-- \/ Yoast SEO plugin. -->","_links":{"self":[{"href":"https:\/\/andres.ee\/et\/wp-json\/wp\/v2\/product\/33271"}],"collection":[{"href":"https:\/\/andres.ee\/et\/wp-json\/wp\/v2\/product"}],"about":[{"href":"https:\/\/andres.ee\/et\/wp-json\/wp\/v2\/types\/product"}],"wp:featuredmedia":[{"embeddable":true,"href":"https:\/\/andres.ee\/et\/wp-json\/wp\/v2\/media\/33334"}],"wp:attachment":[{"href":"https:\/\/andres.ee\/et\/wp-json\/wp\/v2\/media?parent=33271"}],"curies":[{"name":"wp","href":"https:\/\/api.w.org\/{rel}","templated":true}]}}