{"id":33118,"date":"2024-05-22T12:37:09","date_gmt":"2024-05-22T09:37:09","guid":{"rendered":"https:\/\/andres.ee\/?post_type=product&#038;p=33118"},"modified":"2025-09-22T14:06:23","modified_gmt":"2025-09-22T11:06:23","slug":"dorado-black","status":"publish","type":"product","link":"https:\/\/andres.ee\/et\/tooted\/uksed\/niiske-ruumi-uksed\/dorado-black\/","title":{"rendered":"Dorado Black"},"content":{"rendered":"<p><div class=\"fusion-fullwidth fullwidth-box fusion-builder-row-1 nonhundred-percent-fullwidth non-hundred-percent-height-scrolling\" style=\"background-color: rgba(255,255,255,0);background-position: center center;background-repeat: no-repeat;padding-top:0px;padding-right:0px;padding-bottom:0px;padding-left:0px;margin-bottom: 0px;margin-top: 0px;border-width: 0px 0px 0px 0px;border-color:#eae9e9;border-style:solid;\" ><div class=\"fusion-builder-row fusion-row\"><div class=\"fusion-layout-column fusion_builder_column fusion-builder-column-0 fusion_builder_column_1_1 1_1 fusion-one-full fusion-column-first fusion-column-last\" style=\"margin-top:0px;margin-bottom:0px;\"><div class=\"fusion-column-wrapper fusion-flex-column-wrapper-legacy\" style=\"background-position:left top;background-repeat:no-repeat;-webkit-background-size:cover;-moz-background-size:cover;-o-background-size:cover;background-size:cover;padding: 0px 0px 0px 0px;\"><div class=\"fusion-text fusion-text-1\" style=\"transform:translate3d(0,0,0);\"><p>Uks on valmistatud 8 mm paksusest karastatud klaasist ning 50 mm s\u00fcgavustest alumiiniumlengidest. Standardm\u00f5\u00f5duga toode on universaalse k\u00e4elisusega ning tarnitakse kompleksselt. Toode on paigaldatav analoogselt saunaukse paigaldusele.<\/p>\n<\/div><div class=\"fusion-button-wrapper\"><style type=\"text\/css\">.fusion-button.button-1 {border-radius:0px;}<\/style><a class=\"fusion-button button-flat fusion-button-default-size button-default button-1 fusion-button-default-span fusion-button-default-type\" target=\"_blank\" rel=\"noopener noreferrer\" href=\"https:\/\/andres.ee\/wp-content\/uploads\/2020\/01\/Saunaukse-Paigaldusjuhend.pdf\"><span class=\"fusion-button-text\">Uste paigaldusjuhend<\/span><\/a><\/div><div class=\"fusion-button-wrapper\"><style type=\"text\/css\">.fusion-button.button-2 {border-radius:0px;}<\/style><a class=\"fusion-button button-flat fusion-button-default-size button-default button-2 fusion-button-default-span fusion-button-default-type\" target=\"_blank\" rel=\"noopener noreferrer\" href=\"https:\/\/youtu.be\/e8JYWFxANVY\"><span class=\"fusion-button-text\">Uste paigaldusvideo<\/span><\/a><\/div><div class=\"fusion-button-wrapper\"><style type=\"text\/css\">.fusion-button.button-3 {border-radius:0px;}<\/style><a class=\"fusion-button button-flat fusion-button-default-size button-default button-3 fusion-button-default-span fusion-button-default-type\" target=\"_blank\" rel=\"noopener noreferrer\" href=\"https:\/\/andres.ee\/wp-content\/uploads\/2025\/02\/Use_and_maintenance_instructions_EE.pdf \"><span class=\"fusion-button-text\">Hooldusjuhend<\/span><\/a><\/div><div class=\"fusion-button-wrapper\"><style type=\"text\/css\">.fusion-button.button-4 {border-radius:0px;}<\/style><a class=\"fusion-button button-flat fusion-button-default-size button-default button-4 fusion-button-default-span fusion-button-default-type\" target=\"_blank\" rel=\"noopener noreferrer\" href=\"https:\/\/andres.ee\/wp-content\/uploads\/2025\/08\/EE_doors_sizes.pdf \"><span class=\"fusion-button-text\">Uste m\u00f5\u00f5dud<\/span><\/a><\/div><div class=\"fusion-clearfix\"><\/div><\/div><\/div><\/div><\/div><div class=\"fusion-fullwidth fullwidth-box fusion-builder-row-2 ariklient nonhundred-percent-fullwidth non-hundred-percent-height-scrolling\" style=\"background-color: rgba(255,255,255,0);background-position: center center;background-repeat: no-repeat;padding-top:0px;padding-right:0px;padding-bottom:0px;padding-left:0px;margin-bottom: 0px;margin-top: 0px;border-width: 0px 0px 0px 0px;border-color:#eae9e9;border-style:solid;\" ><div class=\"fusion-builder-row fusion-row\"><div class=\"fusion-layout-column fusion_builder_column fusion-builder-column-1 fusion_builder_column_1_1 1_1 fusion-one-full fusion-column-first fusion-column-last\" style=\"margin-top:0px;margin-bottom:0px;\"><div class=\"fusion-column-wrapper fusion-flex-column-wrapper-legacy\" style=\"background-position:left top;background-repeat:no-repeat;-webkit-background-size:cover;-moz-background-size:cover;-o-background-size:cover;background-size:cover;padding: 0px 0px 0px 0px;\"><div class=\"fusion-clearfix\"><\/div><\/div><\/div><\/div><\/div><\/p>\n","protected":false},"excerpt":{"rendered":"<p>&nbsp;<\/p>\n<p>Dorado Black on v\u00f5tmega suletav alumiiniumlengidega niiske ruumi uks, mis sobib ideaalselt kasutamiseks du\u0161iruumides, tualettides, ujulates ja muudes ruumides, kus esineb niiskust. Antud ust on v\u00f5imalik komplekteerida alltoodult (kastiga on \u00fcmbritsetud vaikev\u00e4\u00e4rtus).<\/p>\n","protected":false},"featured_media":33128,"template":"","meta":[],"yoast_head":"<!-- This site is optimized with the Yoast SEO plugin v15.3 - https:\/\/yoast.com\/wordpress\/plugins\/seo\/ -->\n<title>Dorado Black - Andres<\/title>\n<meta name=\"robots\" content=\"index, follow, max-snippet:-1, max-image-preview:large, max-video-preview:-1\" \/>\n<link rel=\"canonical\" href=\"https:\/\/andres.ee\/et\/tooted\/uksed\/niiske-ruumi-uksed\/dorado-black\/\" \/>\n<meta property=\"og:locale\" content=\"et_EE\" \/>\n<meta property=\"og:type\" content=\"article\" \/>\n<meta property=\"og:title\" content=\"Dorado Black - Andres\" \/>\n<meta property=\"og:description\" content=\"&nbsp;  Dorado Black on v\u00f5tmega suletav alumiiniumlengidega niiske ruumi uks, mis sobib ideaalselt kasutamiseks du\u0161iruumides, tualettides, ujulates ja muudes ruumides, kus esineb niiskust. Antud ust on v\u00f5imalik komplekteerida alltoodult (kastiga on \u00fcmbritsetud vaikev\u00e4\u00e4rtus).\" \/>\n<meta property=\"og:url\" content=\"https:\/\/andres.ee\/et\/tooted\/uksed\/niiske-ruumi-uksed\/dorado-black\/\" \/>\n<meta property=\"og:site_name\" content=\"Andres\" \/>\n<meta property=\"article:modified_time\" content=\"2025-09-22T11:06:23+00:00\" \/>\n<meta property=\"og:image\" content=\"https:\/\/andres.ee\/wp-content\/uploads\/2024\/05\/DoradoBlack_bronze.jpg\" \/>\n\t<meta property=\"og:image:width\" content=\"1200\" \/>\n\t<meta property=\"og:image:height\" content=\"1600\" \/>\n<meta name=\"twitter:card\" content=\"summary_large_image\" \/>\n<meta name=\"twitter:label1\" content=\"Written by\">\n\t<meta name=\"twitter:data1\" content=\"Krislyn Lillev\u00e4li\">\n\t<meta name=\"twitter:label2\" content=\"Est. reading time\">\n\t<meta name=\"twitter:data2\" content=\"4 minutit\">\n<script type=\"application\/ld+json\" class=\"yoast-schema-graph\">{\"@context\":\"https:\/\/schema.org\",\"@graph\":[{\"@type\":\"WebSite\",\"@id\":\"https:\/\/andres.ee\/et\/#website\",\"url\":\"https:\/\/andres.ee\/et\/\",\"name\":\"Andres\",\"description\":\"Glass Solutions\",\"potentialAction\":[{\"@type\":\"SearchAction\",\"target\":\"https:\/\/andres.ee\/et\/?s={search_term_string}\",\"query-input\":\"required name=search_term_string\"}],\"inLanguage\":\"et\"},{\"@type\":\"ImageObject\",\"@id\":\"https:\/\/andres.ee\/et\/tooted\/uksed\/niiske-ruumi-uksed\/dorado-black\/#primaryimage\",\"inLanguage\":\"et\",\"url\":\"https:\/\/andres.ee\/wp-content\/uploads\/2024\/05\/DoradoBlack_bronze.jpg\",\"width\":1200,\"height\":1600},{\"@type\":\"WebPage\",\"@id\":\"https:\/\/andres.ee\/et\/tooted\/uksed\/niiske-ruumi-uksed\/dorado-black\/#webpage\",\"url\":\"https:\/\/andres.ee\/et\/tooted\/uksed\/niiske-ruumi-uksed\/dorado-black\/\",\"name\":\"Dorado Black - Andres\",\"isPartOf\":{\"@id\":\"https:\/\/andres.ee\/et\/#website\"},\"primaryImageOfPage\":{\"@id\":\"https:\/\/andres.ee\/et\/tooted\/uksed\/niiske-ruumi-uksed\/dorado-black\/#primaryimage\"},\"datePublished\":\"2024-05-22T09:37:09+00:00\",\"dateModified\":\"2025-09-22T11:06:23+00:00\",\"inLanguage\":\"et\",\"potentialAction\":[{\"@type\":\"ReadAction\",\"target\":[\"https:\/\/andres.ee\/et\/tooted\/uksed\/niiske-ruumi-uksed\/dorado-black\/\"]}]}]}<\/script>\n<!-- \/ Yoast SEO plugin. -->","_links":{"self":[{"href":"https:\/\/andres.ee\/et\/wp-json\/wp\/v2\/product\/33118"}],"collection":[{"href":"https:\/\/andres.ee\/et\/wp-json\/wp\/v2\/product"}],"about":[{"href":"https:\/\/andres.ee\/et\/wp-json\/wp\/v2\/types\/product"}],"wp:featuredmedia":[{"embeddable":true,"href":"https:\/\/andres.ee\/et\/wp-json\/wp\/v2\/media\/33128"}],"wp:attachment":[{"href":"https:\/\/andres.ee\/et\/wp-json\/wp\/v2\/media?parent=33118"}],"curies":[{"name":"wp","href":"https:\/\/api.w.org\/{rel}","templated":true}]}}