{"id":26511,"date":"2020-09-22T13:28:34","date_gmt":"2020-09-22T10:28:34","guid":{"rendered":"https:\/\/andres.veebispetsid.com\/?post_type=product&#038;p=26511"},"modified":"2025-09-22T13:21:23","modified_gmt":"2025-09-22T10:21:23","slug":"modern","status":"publish","type":"product","link":"https:\/\/andres.ee\/et\/tooted\/uksed\/saunauksed\/modern\/","title":{"rendered":"Modern"},"content":{"rendered":"<p><div class=\"fusion-fullwidth fullwidth-box fusion-builder-row-1 nonhundred-percent-fullwidth non-hundred-percent-height-scrolling\" style=\"background-color: rgba(255,255,255,0);background-position: center center;background-repeat: no-repeat;padding-top:0px;padding-right:0px;padding-bottom:0px;padding-left:0px;margin-bottom: 0px;margin-top: 0px;border-width: 0px 0px 0px 0px;border-color:#eae9e9;border-style:solid;\" ><div class=\"fusion-builder-row fusion-row\"><div class=\"fusion-layout-column fusion_builder_column fusion-builder-column-0 fusion_builder_column_1_1 1_1 fusion-one-full fusion-column-first fusion-column-last\" style=\"margin-top:0px;margin-bottom:0px;\"><div class=\"fusion-column-wrapper fusion-flex-column-wrapper-legacy\" style=\"background-position:left top;background-repeat:no-repeat;-webkit-background-size:cover;-moz-background-size:cover;-o-background-size:cover;background-size:cover;padding: 0px 0px 0px 0px;\"><div class=\"fusion-text fusion-text-1\" style=\"transform:translate3d(0,0,0);\"><p>Uks on valmistatud 8 mm paksusest karastatud klaasist ning 92 mm s\u00fcgavustest s\u00f5rmj\u00e4tkatud lengidest. Toode on universaalse k\u00e4elisusega ning tarnitakse kompleksselt. L\u00e4vepakk kuulub toote komplekti juurde.<\/p>\n<\/div><div class=\"fusion-button-wrapper\"><style type=\"text\/css\">.fusion-button.button-1 {border-radius:0px;}<\/style><a class=\"fusion-button button-flat fusion-button-default-size button-default button-1 fusion-button-default-span fusion-button-default-type\" target=\"_blank\" rel=\"noopener noreferrer\" href=\"https:\/\/andres.ee\/wp-content\/uploads\/2025\/02\/EE_Sauna_door_manualterms.pdf\"><span class=\"fusion-button-text\">Uste paigaldusjuhend<\/span><\/a><\/div><div class=\"fusion-button-wrapper\"><style type=\"text\/css\">.fusion-button.button-2 {border-radius:0px;}<\/style><a class=\"fusion-button button-flat fusion-button-default-size button-default button-2 fusion-button-default-span fusion-button-default-type\" target=\"_blank\" rel=\"noopener noreferrer\" href=\"https:\/\/youtu.be\/e8JYWFxANVY\"><span class=\"fusion-button-text\">Uste paigaldusvideo<\/span><\/a><\/div><div class=\"fusion-button-wrapper\"><style type=\"text\/css\">.fusion-button.button-3 {border-radius:0px;}<\/style><a class=\"fusion-button button-flat fusion-button-default-size button-default button-3 fusion-button-default-span fusion-button-default-type\" target=\"_blank\" rel=\"noopener noreferrer\" href=\"https:\/\/andres.ee\/wp-content\/uploads\/2025\/02\/Use_and_maintenance_instructions_EE.pdf \"><span class=\"fusion-button-text\">Hooldusjuhend<\/span><\/a><\/div><div class=\"fusion-button-wrapper\"><style type=\"text\/css\">.fusion-button.button-4 {border-radius:0px;}<\/style><a class=\"fusion-button button-flat fusion-button-default-size button-default button-4 fusion-button-default-span fusion-button-default-type\" target=\"_blank\" rel=\"noopener noreferrer\" href=\"https:\/\/andres.ee\/wp-content\/uploads\/2025\/08\/EE_doors_sizes.pdf \"><span class=\"fusion-button-text\">Uste m\u00f5\u00f5dud<\/span><\/a><\/div><div class=\"fusion-clearfix\"><\/div><\/div><\/div><\/div><\/div><div class=\"fusion-fullwidth fullwidth-box fusion-builder-row-2 ariklient nonhundred-percent-fullwidth non-hundred-percent-height-scrolling\" style=\"background-color: rgba(255,255,255,0);background-position: center center;background-repeat: no-repeat;padding-top:0px;padding-right:0px;padding-bottom:0px;padding-left:0px;margin-bottom: 0px;margin-top: 0px;border-width: 0px 0px 0px 0px;border-color:#eae9e9;border-style:solid;\" ><div class=\"fusion-builder-row fusion-row\"><div class=\"fusion-layout-column fusion_builder_column fusion-builder-column-1 fusion_builder_column_1_1 1_1 fusion-one-full fusion-column-first fusion-column-last\" style=\"margin-top:0px;margin-bottom:0px;\"><div class=\"fusion-column-wrapper fusion-flex-column-wrapper-legacy\" style=\"background-position:left top;background-repeat:no-repeat;-webkit-background-size:cover;-moz-background-size:cover;-o-background-size:cover;background-size:cover;padding: 0px 0px 0px 0px;\"><div class=\"fusion-clearfix\"><\/div><\/div><\/div><\/div><\/div><\/p>\n","protected":false},"excerpt":{"rendered":"<p>&nbsp;<\/p>\n<p>Modern on uue tehnoloogia j\u00e4rgi valmistatud kaasaegse disainiga saunaukse tippmudel. Lisaks nurgelistele vormidele \u00fcllatab Modern elegantse magnetlukustuse ja uudse \u00f5huavaga, mis tagab maksimaalselt tervisliku \u00f5huvahetuse saunas. Toodet\u00a0on v\u00f5imalik komplekteerida alltoodult (kastiga on \u00fcmbritsetud vaikev\u00e4\u00e4rtus).<\/p>\n","protected":false},"featured_media":22877,"template":"","meta":[],"yoast_head":"<!-- This site is optimized with the Yoast SEO plugin v15.3 - https:\/\/yoast.com\/wordpress\/plugins\/seo\/ -->\n<title>Modern - Andres<\/title>\n<meta name=\"robots\" content=\"index, follow, max-snippet:-1, max-image-preview:large, max-video-preview:-1\" \/>\n<link rel=\"canonical\" href=\"https:\/\/andres.ee\/et\/tooted\/uksed\/saunauksed\/modern\/\" \/>\n<meta property=\"og:locale\" content=\"et_EE\" \/>\n<meta property=\"og:type\" content=\"article\" \/>\n<meta property=\"og:title\" content=\"Modern - Andres\" \/>\n<meta property=\"og:description\" content=\"&nbsp;  Modern on uue tehnoloogia j\u00e4rgi valmistatud kaasaegse disainiga saunaukse tippmudel. Lisaks nurgelistele vormidele \u00fcllatab Modern elegantse magnetlukustuse ja uudse \u00f5huavaga, mis tagab maksimaalselt tervisliku \u00f5huvahetuse saunas. Toodet\u00a0on v\u00f5imalik komplekteerida alltoodult (kastiga on \u00fcmbritsetud vaikev\u00e4\u00e4rtus).\" \/>\n<meta property=\"og:url\" content=\"https:\/\/andres.ee\/et\/tooted\/uksed\/saunauksed\/modern\/\" \/>\n<meta property=\"og:site_name\" content=\"Andres\" \/>\n<meta property=\"article:modified_time\" content=\"2025-09-22T10:21:23+00:00\" \/>\n<meta property=\"og:image\" content=\"https:\/\/andres.ee\/wp-content\/uploads\/2020\/03\/Modern.jpg\" \/>\n\t<meta property=\"og:image:width\" content=\"1200\" \/>\n\t<meta property=\"og:image:height\" content=\"1600\" \/>\n<meta name=\"twitter:card\" content=\"summary_large_image\" \/>\n<meta name=\"twitter:label1\" content=\"Written by\">\n\t<meta name=\"twitter:data1\" content=\"Daniel\">\n\t<meta name=\"twitter:label2\" content=\"Est. reading time\">\n\t<meta name=\"twitter:data2\" content=\"4 minutit\">\n<script type=\"application\/ld+json\" class=\"yoast-schema-graph\">{\"@context\":\"https:\/\/schema.org\",\"@graph\":[{\"@type\":\"WebSite\",\"@id\":\"https:\/\/andres.ee\/et\/#website\",\"url\":\"https:\/\/andres.ee\/et\/\",\"name\":\"Andres\",\"description\":\"Glass Solutions\",\"potentialAction\":[{\"@type\":\"SearchAction\",\"target\":\"https:\/\/andres.ee\/et\/?s={search_term_string}\",\"query-input\":\"required name=search_term_string\"}],\"inLanguage\":\"et\"},{\"@type\":\"ImageObject\",\"@id\":\"https:\/\/andres.ee\/et\/tooted\/uksed\/saunauksed\/modern\/#primaryimage\",\"inLanguage\":\"et\",\"url\":\"https:\/\/andres.ee\/wp-content\/uploads\/2020\/03\/Modern.jpg\",\"width\":1200,\"height\":1600},{\"@type\":\"WebPage\",\"@id\":\"https:\/\/andres.ee\/et\/tooted\/uksed\/saunauksed\/modern\/#webpage\",\"url\":\"https:\/\/andres.ee\/et\/tooted\/uksed\/saunauksed\/modern\/\",\"name\":\"Modern - Andres\",\"isPartOf\":{\"@id\":\"https:\/\/andres.ee\/et\/#website\"},\"primaryImageOfPage\":{\"@id\":\"https:\/\/andres.ee\/et\/tooted\/uksed\/saunauksed\/modern\/#primaryimage\"},\"datePublished\":\"2020-09-22T10:28:34+00:00\",\"dateModified\":\"2025-09-22T10:21:23+00:00\",\"inLanguage\":\"et\",\"potentialAction\":[{\"@type\":\"ReadAction\",\"target\":[\"https:\/\/andres.ee\/et\/tooted\/uksed\/saunauksed\/modern\/\"]}]}]}<\/script>\n<!-- \/ Yoast SEO plugin. -->","_links":{"self":[{"href":"https:\/\/andres.ee\/et\/wp-json\/wp\/v2\/product\/26511"}],"collection":[{"href":"https:\/\/andres.ee\/et\/wp-json\/wp\/v2\/product"}],"about":[{"href":"https:\/\/andres.ee\/et\/wp-json\/wp\/v2\/types\/product"}],"wp:featuredmedia":[{"embeddable":true,"href":"https:\/\/andres.ee\/et\/wp-json\/wp\/v2\/media\/22877"}],"wp:attachment":[{"href":"https:\/\/andres.ee\/et\/wp-json\/wp\/v2\/media?parent=26511"}],"curies":[{"name":"wp","href":"https:\/\/api.w.org\/{rel}","templated":true}]}}