{"id":4097,"date":"2018-08-28T12:34:15","date_gmt":"2018-08-28T09:34:15","guid":{"rendered":"http:\/\/vebimarket.veebispetsid.com\/?page_id=4097"},"modified":"2020-10-16T11:06:43","modified_gmt":"2020-10-16T08:06:43","slug":"kupsised","status":"publish","type":"page","link":"https:\/\/andres.ee\/et\/kupsised\/","title":{"rendered":"K\u00fcpsised"},"content":{"rendered":"<div class=\"fusion-fullwidth fullwidth-box fusion-builder-row-1 nonhundred-percent-fullwidth non-hundred-percent-height-scrolling\" style=\"background-color: rgba(255,255,255,0);background-position: center center;background-repeat: no-repeat;padding-top:0px;padding-right:0px;padding-bottom:0px;padding-left:0px;margin-bottom: 0px;margin-top: 0px;border-width: 0px 0px 0px 0px;border-color:#eae9e9;border-style:solid;\" ><div class=\"fusion-builder-row fusion-row\"><div class=\"fusion-layout-column fusion_builder_column fusion-builder-column-0 fusion_builder_column_1_1 1_1 fusion-one-full fusion-column-first fusion-column-last\" style=\"margin-top:0px;margin-bottom:0px;\"><div class=\"fusion-column-wrapper fusion-flex-column-wrapper-legacy\" style=\"background-position:left top;background-repeat:no-repeat;-webkit-background-size:cover;-moz-background-size:cover;-o-background-size:cover;background-size:cover;padding: 0px 0px 0px 0px;\"><div class=\"fusion-text fusion-text-1\" style=\"transform:translate3d(0,0,0);\"><h1 class=\"fusion-responsive-typography-calculated\" data-fontsize=\"28\" data-lineheight=\"42px\" data-wahfont=\"28\">K\u00fcpsised<\/h1>\n<h3 class=\"fusion-responsive-typography-calculated\" data-fontsize=\"24\" data-lineheight=\"36px\" data-wahfont=\"24\">Mis on k\u00fcpsised?<\/h3>\n<p data-wahfont=\"17\">K\u00fcpsised on v\u00e4ikesed tekstifailid, mis saadetakse k\u00fclastatud veebilehtedelt kasutaja seadmele. K\u00fcpsiseid s\u00e4ilitatakse seadme k\u00f5vakettal lehe k\u00fclastamiseks kasutatud veebilehitseja failikataloogis.<\/p>\n<p data-wahfont=\"17\">K\u00fcpsistel on erinevad aegumisperioodid. Sessioonik\u00fcpsisteks kutsutavad k\u00fcpsised aeguvad niipea, kui kasutaja veebilehitseja sulgeb. Teistel k\u00fcpsistel on aga tehniline funktsioon ja neid hoitakse alles kindla aja jooksul. Neid kutsutakse p\u00fcsik\u00fcpsisteks. Kui veebilehte k\u00fclastatakse mitu korda, loeb veebilehitseja alles hoitud k\u00fcpsiseid ning annab veebilehele v\u00f5i k\u00fcpsise algselt paigaldanud elemendile infot.<\/p>\n<h3 class=\"fusion-responsive-typography-calculated\" data-fontsize=\"24\" data-lineheight=\"36px\" data-wahfont=\"24\">\u00a0<\/h3>\n<h3 class=\"\" data-fontsize=\"24\" data-lineheight=\"36px\" data-wahfont=\"24\">Meie veebilehel kasutatavad k\u00fcpsised<\/h3>\n<p data-wahfont=\"17\"><strong>V\u00e4ga vajalikud k\u00fcpsised<\/strong><br \/>Neil k\u00fcpsistel on oluline roll meie saidi t\u00f6\u00f6s. N\u00e4iteks kuuluvad siia k\u00fcpsised, mille abil saate liikuda \u00f5igetele lehtedele, kui teeme veebisaidi t\u00f6\u00f6s uuendusi.<\/p>\n<p data-wahfont=\"17\"><strong>Talitlusk\u00fcpsised<\/strong><br \/>Need k\u00fcpsised koguvad teavet, kuidas k\u00fclastajad kodulehte kasutavad. Nii saame teada, kui on ilmnenud m\u00f5ni viga. Me ei kogu otsest kasutajat tuvastavat teavet, vaid anon\u00fc\u00fcmseid andmeid. Kasutame seda teavet ainult veebisaidi t\u00f6\u00f6 t\u00e4iustamiseks.<\/p>\n<h3 class=\"fusion-responsive-typography-calculated\" data-fontsize=\"24\" data-lineheight=\"36px\" data-wahfont=\"24\">\u00a0<\/h3>\n<h3 class=\"fusion-responsive-typography-calculated\" data-fontsize=\"24\" data-lineheight=\"36px\" data-wahfont=\"24\">Kuidas k\u00fcpsiseid kustutada v\u00f5i eelistusi muuta?<\/h3>\n<p data-wahfont=\"17\">Kui veebilehe k\u00fclastaja soovib k\u00fcpsistega n\u00f5ustumist ja nende talletamist oma seadmetesse piirata v\u00f5i keelata v\u00f5i juba salvestatud k\u00fcpsiseid kustutada, saab ta seda teha veebilehitseja seadete alt.<\/p>\n<p data-wahfont=\"17\">Veebilehitseja saab h\u00e4\u00e4lestada k\u00f5igi k\u00fcpsistega n\u00f5ustuma, k\u00f5igist k\u00fcpsistest keelduma v\u00f5i saatma teavitusi, kui k\u00fcpsis alla laaditakse. Iga veebilehitseja on erinev \u2013 kui te ei tea, kuidas k\u00fcpsiste seadeid muuta, on abiks allpool lingitud k\u00fcpsiste kontrolli ja kasutamise juhend . Teie seadme operatsioonis\u00fcsteemil v\u00f5ivad k\u00fcpsiste kontrollimiseks olla eraldi seaded. Kui te ei soovi, et k\u00fcpsised teavet koguks, v\u00f5ite veebilehitseja seadete all neist loobuda. K\u00fcpsiste haldamise kohta leiate rohkem teavet aadressilt\u00a0<a class=\"external\" href=\"http:\/\/www.allaboutcookies.org\/manage-cookies\" target=\"_blank\" rel=\"noopener noreferrer\" data-wahfont=\"17\">www.allaboutcookies.org\/manage-cookies<\/a>.<\/p>\n<\/div><div class=\"fusion-clearfix\"><\/div><\/div><\/div><\/div><\/div>\n","protected":false},"excerpt":{"rendered":"","protected":false},"author":5,"featured_media":0,"parent":0,"menu_order":381,"comment_status":"closed","ping_status":"closed","template":"","meta":[],"yoast_head":"<!-- This site is optimized with the Yoast SEO plugin v15.3 - https:\/\/yoast.com\/wordpress\/plugins\/seo\/ -->\n<title>K\u00fcpsised - Andres<\/title>\n<meta name=\"robots\" content=\"index, follow, max-snippet:-1, max-image-preview:large, max-video-preview:-1\" \/>\n<link rel=\"canonical\" href=\"https:\/\/andres.ee\/et\/kupsised\/\" \/>\n<meta property=\"og:locale\" content=\"et_EE\" \/>\n<meta property=\"og:type\" content=\"article\" \/>\n<meta property=\"og:title\" content=\"K\u00fcpsised - Andres\" \/>\n<meta property=\"og:url\" content=\"https:\/\/andres.ee\/et\/kupsised\/\" \/>\n<meta property=\"og:site_name\" content=\"Andres\" \/>\n<meta property=\"article:modified_time\" content=\"2020-10-16T08:06:43+00:00\" \/>\n<meta name=\"twitter:card\" content=\"summary_large_image\" \/>\n<meta name=\"twitter:label1\" content=\"Written by\">\n\t<meta name=\"twitter:data1\" content=\"Daniel\">\n\t<meta name=\"twitter:label2\" content=\"Est. reading time\">\n\t<meta name=\"twitter:data2\" content=\"2 minutit\">\n<script type=\"application\/ld+json\" class=\"yoast-schema-graph\">{\"@context\":\"https:\/\/schema.org\",\"@graph\":[{\"@type\":\"WebSite\",\"@id\":\"https:\/\/andres.ee\/et\/#website\",\"url\":\"https:\/\/andres.ee\/et\/\",\"name\":\"Andres\",\"description\":\"Glass Solutions\",\"potentialAction\":[{\"@type\":\"SearchAction\",\"target\":\"https:\/\/andres.ee\/et\/?s={search_term_string}\",\"query-input\":\"required name=search_term_string\"}],\"inLanguage\":\"et\"},{\"@type\":\"WebPage\",\"@id\":\"https:\/\/andres.ee\/et\/kupsised\/#webpage\",\"url\":\"https:\/\/andres.ee\/et\/kupsised\/\",\"name\":\"K\\u00fcpsised - Andres\",\"isPartOf\":{\"@id\":\"https:\/\/andres.ee\/et\/#website\"},\"datePublished\":\"2018-08-28T09:34:15+00:00\",\"dateModified\":\"2020-10-16T08:06:43+00:00\",\"inLanguage\":\"et\",\"potentialAction\":[{\"@type\":\"ReadAction\",\"target\":[\"https:\/\/andres.ee\/et\/kupsised\/\"]}]}]}<\/script>\n<!-- \/ Yoast SEO plugin. -->","_links":{"self":[{"href":"https:\/\/andres.ee\/et\/wp-json\/wp\/v2\/pages\/4097"}],"collection":[{"href":"https:\/\/andres.ee\/et\/wp-json\/wp\/v2\/pages"}],"about":[{"href":"https:\/\/andres.ee\/et\/wp-json\/wp\/v2\/types\/page"}],"author":[{"embeddable":true,"href":"https:\/\/andres.ee\/et\/wp-json\/wp\/v2\/users\/5"}],"replies":[{"embeddable":true,"href":"https:\/\/andres.ee\/et\/wp-json\/wp\/v2\/comments?post=4097"}],"version-history":[{"count":10,"href":"https:\/\/andres.ee\/et\/wp-json\/wp\/v2\/pages\/4097\/revisions"}],"predecessor-version":[{"id":27481,"href":"https:\/\/andres.ee\/et\/wp-json\/wp\/v2\/pages\/4097\/revisions\/27481"}],"wp:attachment":[{"href":"https:\/\/andres.ee\/et\/wp-json\/wp\/v2\/media?parent=4097"}],"curies":[{"name":"wp","href":"https:\/\/api.w.org\/{rel}","templated":true}]}}