{"id":36005,"date":"2025-11-13T13:10:19","date_gmt":"2025-11-13T11:10:19","guid":{"rendered":"https:\/\/andres.ee\/?page_id=36005"},"modified":"2026-02-17T13:51:27","modified_gmt":"2026-02-17T11:51:27","slug":"kaminaesine-porandaklaas","status":"publish","type":"page","link":"https:\/\/andres.ee\/et\/tooted\/kaminaesine-porandaklaas\/","title":{"rendered":"Kaminaesine p\u00f5randaklaas"},"content":{"rendered":"<p><div class=\"fusion-fullwidth fullwidth-box fusion-builder-row-1 nonhundred-percent-fullwidth non-hundred-percent-height-scrolling\" style=\"background-color: rgba(255,255,255,0);background-position: center center;background-repeat: no-repeat;padding-top:0px;padding-right:0px;padding-bottom:0px;padding-left:0px;margin-bottom: 0px;margin-top: 0px;border-width: 0px 0px 0px 0px;border-color:#eae9e9;border-style:solid;\" ><div class=\"fusion-builder-row fusion-row\"><div class=\"fusion-layout-column fusion_builder_column fusion-builder-column-0 fusion_builder_column_1_1 1_1 fusion-one-full fusion-column-first fusion-column-last\" style=\"margin-top:0px;margin-bottom:0px;\"><div class=\"fusion-column-wrapper fusion-flex-column-wrapper-legacy\" style=\"background-position:left top;background-repeat:no-repeat;-webkit-background-size:cover;-moz-background-size:cover;-o-background-size:cover;background-size:cover;padding: 0px 0px 0px 0px;\"><div class=\"fusion-text fusion-text-1\" style=\"transform:translate3d(0,0,0);\"><p data-start=\"34\" data-end=\"425\">Kamina esise p\u00f5randa klaas on praktiline ja elegantne lahendus, mis kaitseb p\u00f5randapinda s\u00e4demete ja kuumuse eest ning lisab interj\u00f6\u00f6rile modernse ja luksusliku viimistluse. Valmistatud vastupidavast karastatud klaasist, mis tagab turvalisuse ja lihtsa hoolduse. Klaas sobib nii klassikalise kui ka kaasaegse interj\u00f6\u00f6ri juurde, tuues esile kamina ilu ja luues puhta, viimistletud \u00fcldmulje.<\/p>\n<p data-start=\"427\" data-end=\"524\" data-is-last-node=\"\" data-is-only-node=\"\">Valikus on erinevad klaasitoonid, mis v\u00f5imaldavad leida just sinu kodu stiiliga sobiva lahenduse.<\/p>\n<\/div><div class=\"fusion-clearfix\"><\/div><\/div><\/div><\/div><\/div><div class=\"fusion-fullwidth fullwidth-box fusion-builder-row-2 nonhundred-percent-fullwidth non-hundred-percent-height-scrolling\" style=\"background-color: rgba(255,255,255,0);background-position: center center;background-repeat: no-repeat;padding-top:0px;padding-right:0px;padding-bottom:0px;padding-left:0px;margin-bottom: 0px;margin-top: 0px;border-width: 0px 0px 0px 0px;border-color:#eae9e9;border-style:solid;\" ><div class=\"fusion-builder-row fusion-row\"><div class=\"fusion-layout-column fusion_builder_column fusion-builder-column-1 fusion_builder_column_1_1 1_1 fusion-one-full fusion-column-first fusion-column-last\" style=\"margin-top:0px;margin-bottom:0px;\"><div class=\"fusion-column-wrapper fusion-flex-column-wrapper-legacy\" style=\"background-position:left top;background-repeat:no-repeat;-webkit-background-size:cover;-moz-background-size:cover;-o-background-size:cover;background-size:cover;padding: 0px 0px 0px 0px;\"><div class=\"fusion-text fusion-text-2\" style=\"transform:translate3d(0,0,0);\"><div class=\"woocommerce columns-4 \"><ul class=\"products clearfix products-4\">\n<li class=\"product type-product post-36184 status-publish first instock product_cat-kaminaesine-porandaklaas has-post-thumbnail taxable shipping-taxable purchasable product-type-variable product-grid-view\">\n\t<div class=\"fusion-product-wrapper\">\n<div class=\"fusion-clean-product-image-wrapper \">\n\t\n\n<div  class=\"fusion-image-wrapper fusion-image-size-fixed\" aria-haspopup=\"true\">\n\t\n\t\n\t\n\t\t\n\t\t\t\t\t<img width=\"400\" height=\"533\" src=\"https:\/\/andres.ee\/wp-content\/uploads\/2026\/02\/800x570_CRESCENT_grey-400x533.jpg\" class=\"attachment-shop_catalog size-shop_catalog wp-post-image\" alt=\"\" \/>\n\t\n\n\t\t<div class=\"fusion-rollover\">\n\t<div class=\"fusion-rollover-content\">\n\n\t\t\t\t\n\t\t\t\t\n\t\t\t\t\t\t\t\t\n\t\t\t\t\t\t\t\t\n\t\t\n\t\t\t\t\t\t\t\t\t\t\t\t\t\t\t\n\t\t\t\t\t\t\n\t\t\t\t\t\t\t\t\t\t<div class=\"fusion-product-buttons\">\n\t\t\t\t\t<a href=\"https:\/\/andres.ee\/et\/tooted\/kaminaesine-porandaklaas\/crescent\/\" data-quantity=\"1\" class=\"button product_type_variable add_to_cart_button\" data-product_id=\"36184\" data-product_sku=\"\" aria-label=\"Vali tootele &ldquo;Crescent&rdquo; omadused\" rel=\"nofollow\">Vali<\/a><span class=\"fusion-rollover-linebreak\">\n\t\/<\/span>\n\n<a href=\"https:\/\/andres.ee\/et\/tooted\/kaminaesine-porandaklaas\/crescent\/\" class=\"show_details_button\">\n\tVaata<\/a>\n\n\t\t\t\t<\/div>\n\t\t\t\t\t\t\t<a class=\"fusion-link-wrapper\" href=\"https:\/\/andres.ee\/et\/tooted\/kaminaesine-porandaklaas\/crescent\/\" aria-label=\"Crescent\"><\/a>\n\t<\/div>\n<\/div>\n\n\t\n<\/div>\n<\/div>\n<div class=\"fusion-product-content\">\n\t<div class=\"product-details\">\n\t\t<div class=\"product-details-container\">\n<h3 class=\"product-title\">\n\t<a href=\"https:\/\/andres.ee\/et\/tooted\/kaminaesine-porandaklaas\/crescent\/\">\n\t\tCrescent\t<\/a>\n<\/h3>\n<div class=\"fusion-price-rating\">\n\t\t<\/div>\n\t<\/div>\n<\/div>\n\n\t<\/div> \n\n\n<\/div>\n<\/li>\n<li class=\"product type-product post-36281 status-publish instock product_cat-kaminaesine-porandaklaas has-post-thumbnail taxable shipping-taxable purchasable product-type-variable product-grid-view\">\n\t<div class=\"fusion-product-wrapper\">\n<div class=\"fusion-clean-product-image-wrapper \">\n\t\n\n<div  class=\"fusion-image-wrapper fusion-image-size-fixed\" aria-haspopup=\"true\">\n\t\n\t\n\t\n\t\t\n\t\t\t\t\t<img width=\"400\" height=\"533\" src=\"https:\/\/andres.ee\/wp-content\/uploads\/2026\/02\/Drop_1100x1100-400x533.png\" class=\"attachment-shop_catalog size-shop_catalog wp-post-image\" alt=\"\" \/>\n\t\n\n\t\t<div class=\"fusion-rollover\">\n\t<div class=\"fusion-rollover-content\">\n\n\t\t\t\t\n\t\t\t\t\n\t\t\t\t\t\t\t\t\n\t\t\t\t\t\t\t\t\n\t\t\n\t\t\t\t\t\t\t\t\t\t\t\t\t\t\t\n\t\t\t\t\t\t\n\t\t\t\t\t\t\t\t\t\t<div class=\"fusion-product-buttons\">\n\t\t\t\t\t<a href=\"https:\/\/andres.ee\/et\/tooted\/kaminaesine-porandaklaas\/drop\/\" data-quantity=\"1\" class=\"button product_type_variable add_to_cart_button\" data-product_id=\"36281\" data-product_sku=\"\" aria-label=\"Vali tootele &ldquo;Drop&rdquo; omadused\" rel=\"nofollow\">Vali<\/a><span class=\"fusion-rollover-linebreak\">\n\t\/<\/span>\n\n<a href=\"https:\/\/andres.ee\/et\/tooted\/kaminaesine-porandaklaas\/drop\/\" class=\"show_details_button\">\n\tVaata<\/a>\n\n\t\t\t\t<\/div>\n\t\t\t\t\t\t\t<a class=\"fusion-link-wrapper\" href=\"https:\/\/andres.ee\/et\/tooted\/kaminaesine-porandaklaas\/drop\/\" aria-label=\"Drop\"><\/a>\n\t<\/div>\n<\/div>\n\n\t\n<\/div>\n<\/div>\n<div class=\"fusion-product-content\">\n\t<div class=\"product-details\">\n\t\t<div class=\"product-details-container\">\n<h3 class=\"product-title\">\n\t<a href=\"https:\/\/andres.ee\/et\/tooted\/kaminaesine-porandaklaas\/drop\/\">\n\t\tDrop\t<\/a>\n<\/h3>\n<div class=\"fusion-price-rating\">\n\t\t<\/div>\n\t<\/div>\n<\/div>\n\n\t<\/div> \n\n\n<\/div>\n<\/li>\n<li class=\"product type-product post-36431 status-publish instock product_cat-kaminaesine-porandaklaas has-post-thumbnail taxable shipping-taxable purchasable product-type-variable product-grid-view\">\n\t<div class=\"fusion-product-wrapper\">\n<div class=\"fusion-clean-product-image-wrapper \">\n\t\n\n<div  class=\"fusion-image-wrapper fusion-image-size-fixed\" aria-haspopup=\"true\">\n\t\n\t\n\t\n\t\t\n\t\t\t\t\t<img width=\"400\" height=\"533\" src=\"https:\/\/andres.ee\/wp-content\/uploads\/2026\/02\/Heat1_600x400_grey_I-400x533.png\" class=\"attachment-shop_catalog size-shop_catalog wp-post-image\" alt=\"\" \/>\n\t\n\n\t\t<div class=\"fusion-rollover\">\n\t<div class=\"fusion-rollover-content\">\n\n\t\t\t\t\n\t\t\t\t\n\t\t\t\t\t\t\t\t\n\t\t\t\t\t\t\t\t\n\t\t\n\t\t\t\t\t\t\t\t\t\t\t\t\t\t\t\n\t\t\t\t\t\t\n\t\t\t\t\t\t\t\t\t\t<div class=\"fusion-product-buttons\">\n\t\t\t\t\t<a href=\"https:\/\/andres.ee\/et\/tooted\/kaminaesine-porandaklaas\/heat-1\/\" data-quantity=\"1\" class=\"button product_type_variable add_to_cart_button\" data-product_id=\"36431\" data-product_sku=\"\" aria-label=\"Vali tootele &ldquo;Heat 1&rdquo; omadused\" rel=\"nofollow\">Vali<\/a><span class=\"fusion-rollover-linebreak\">\n\t\/<\/span>\n\n<a href=\"https:\/\/andres.ee\/et\/tooted\/kaminaesine-porandaklaas\/heat-1\/\" class=\"show_details_button\">\n\tVaata<\/a>\n\n\t\t\t\t<\/div>\n\t\t\t\t\t\t\t<a class=\"fusion-link-wrapper\" href=\"https:\/\/andres.ee\/et\/tooted\/kaminaesine-porandaklaas\/heat-1\/\" aria-label=\"Heat 1\"><\/a>\n\t<\/div>\n<\/div>\n\n\t\n<\/div>\n<\/div>\n<div class=\"fusion-product-content\">\n\t<div class=\"product-details\">\n\t\t<div class=\"product-details-container\">\n<h3 class=\"product-title\">\n\t<a href=\"https:\/\/andres.ee\/et\/tooted\/kaminaesine-porandaklaas\/heat-1\/\">\n\t\tHeat 1\t<\/a>\n<\/h3>\n<div class=\"fusion-price-rating\">\n\t\t<\/div>\n\t<\/div>\n<\/div>\n\n\t<\/div> \n\n\n<\/div>\n<\/li>\n<li class=\"product type-product post-36533 status-publish last instock product_cat-kaminaesine-porandaklaas has-post-thumbnail taxable shipping-taxable purchasable product-type-variable product-grid-view\">\n\t<div class=\"fusion-product-wrapper\">\n<div class=\"fusion-clean-product-image-wrapper \">\n\t\n\n<div  class=\"fusion-image-wrapper fusion-image-size-fixed\" aria-haspopup=\"true\">\n\t\n\t\n\t\n\t\t\n\t\t\t\t\t<img width=\"400\" height=\"533\" src=\"https:\/\/andres.ee\/wp-content\/uploads\/2026\/02\/Heat2_800x500_clear_I-400x533.png\" class=\"attachment-shop_catalog size-shop_catalog wp-post-image\" alt=\"\" \/>\n\t\n\n\t\t<div class=\"fusion-rollover\">\n\t<div class=\"fusion-rollover-content\">\n\n\t\t\t\t\n\t\t\t\t\n\t\t\t\t\t\t\t\t\n\t\t\t\t\t\t\t\t\n\t\t\n\t\t\t\t\t\t\t\t\t\t\t\t\t\t\t\n\t\t\t\t\t\t\n\t\t\t\t\t\t\t\t\t\t<div class=\"fusion-product-buttons\">\n\t\t\t\t\t<a href=\"https:\/\/andres.ee\/et\/tooted\/kaminaesine-porandaklaas\/heat-2\/\" data-quantity=\"1\" class=\"button product_type_variable add_to_cart_button\" data-product_id=\"36533\" data-product_sku=\"\" aria-label=\"Vali tootele &ldquo;Heat 2&rdquo; omadused\" rel=\"nofollow\">Vali<\/a><span class=\"fusion-rollover-linebreak\">\n\t\/<\/span>\n\n<a href=\"https:\/\/andres.ee\/et\/tooted\/kaminaesine-porandaklaas\/heat-2\/\" class=\"show_details_button\">\n\tVaata<\/a>\n\n\t\t\t\t<\/div>\n\t\t\t\t\t\t\t<a class=\"fusion-link-wrapper\" href=\"https:\/\/andres.ee\/et\/tooted\/kaminaesine-porandaklaas\/heat-2\/\" aria-label=\"Heat 2\"><\/a>\n\t<\/div>\n<\/div>\n\n\t\n<\/div>\n<\/div>\n<div class=\"fusion-product-content\">\n\t<div class=\"product-details\">\n\t\t<div class=\"product-details-container\">\n<h3 class=\"product-title\">\n\t<a href=\"https:\/\/andres.ee\/et\/tooted\/kaminaesine-porandaklaas\/heat-2\/\">\n\t\tHeat 2\t<\/a>\n<\/h3>\n<div class=\"fusion-price-rating\">\n\t\t<\/div>\n\t<\/div>\n<\/div>\n\n\t<\/div> \n\n\n<\/div>\n<\/li>\n<li class=\"product type-product post-36565 status-publish first instock product_cat-kaminaesine-porandaklaas has-post-thumbnail taxable shipping-taxable purchasable product-type-variable product-grid-view\">\n\t<div class=\"fusion-product-wrapper\">\n<div class=\"fusion-clean-product-image-wrapper \">\n\t\n\n<div  class=\"fusion-image-wrapper fusion-image-size-fixed\" aria-haspopup=\"true\">\n\t\n\t\n\t\n\t\t\n\t\t\t\t\t<img width=\"400\" height=\"533\" src=\"https:\/\/andres.ee\/wp-content\/uploads\/2026\/02\/Heat3_1000x500-400x533.png\" class=\"attachment-shop_catalog size-shop_catalog wp-post-image\" alt=\"\" \/>\n\t\n\n\t\t<div class=\"fusion-rollover\">\n\t<div class=\"fusion-rollover-content\">\n\n\t\t\t\t\n\t\t\t\t\n\t\t\t\t\t\t\t\t\n\t\t\t\t\t\t\t\t\n\t\t\n\t\t\t\t\t\t\t\t\t\t\t\t\t\t\t\n\t\t\t\t\t\t\n\t\t\t\t\t\t\t\t\t\t<div class=\"fusion-product-buttons\">\n\t\t\t\t\t<a href=\"https:\/\/andres.ee\/et\/tooted\/kaminaesine-porandaklaas\/heat-3\/\" data-quantity=\"1\" class=\"button product_type_variable add_to_cart_button\" data-product_id=\"36565\" data-product_sku=\"\" aria-label=\"Vali tootele &ldquo;Heat 3&rdquo; omadused\" rel=\"nofollow\">Vali<\/a><span class=\"fusion-rollover-linebreak\">\n\t\/<\/span>\n\n<a href=\"https:\/\/andres.ee\/et\/tooted\/kaminaesine-porandaklaas\/heat-3\/\" class=\"show_details_button\">\n\tVaata<\/a>\n\n\t\t\t\t<\/div>\n\t\t\t\t\t\t\t<a class=\"fusion-link-wrapper\" href=\"https:\/\/andres.ee\/et\/tooted\/kaminaesine-porandaklaas\/heat-3\/\" aria-label=\"Heat 3\"><\/a>\n\t<\/div>\n<\/div>\n\n\t\n<\/div>\n<\/div>\n<div class=\"fusion-product-content\">\n\t<div class=\"product-details\">\n\t\t<div class=\"product-details-container\">\n<h3 class=\"product-title\">\n\t<a href=\"https:\/\/andres.ee\/et\/tooted\/kaminaesine-porandaklaas\/heat-3\/\">\n\t\tHeat 3\t<\/a>\n<\/h3>\n<div class=\"fusion-price-rating\">\n\t\t<\/div>\n\t<\/div>\n<\/div>\n\n\t<\/div> \n\n\n<\/div>\n<\/li>\n<li class=\"product type-product post-36627 status-publish instock product_cat-kaminaesine-porandaklaas has-post-thumbnail taxable shipping-taxable purchasable product-type-variable product-grid-view\">\n\t<div class=\"fusion-product-wrapper\">\n<div class=\"fusion-clean-product-image-wrapper \">\n\t\n\n<div  class=\"fusion-image-wrapper fusion-image-size-fixed\" aria-haspopup=\"true\">\n\t\n\t\n\t\n\t\t\n\t\t\t\t\t<img width=\"400\" height=\"533\" src=\"https:\/\/andres.ee\/wp-content\/uploads\/2026\/02\/Oblong_1000x850-400x533.png\" class=\"attachment-shop_catalog size-shop_catalog wp-post-image\" alt=\"\" \/>\n\t\n\n\t\t<div class=\"fusion-rollover\">\n\t<div class=\"fusion-rollover-content\">\n\n\t\t\t\t\n\t\t\t\t\n\t\t\t\t\t\t\t\t\n\t\t\t\t\t\t\t\t\n\t\t\n\t\t\t\t\t\t\t\t\t\t\t\t\t\t\t\n\t\t\t\t\t\t\n\t\t\t\t\t\t\t\t\t\t<div class=\"fusion-product-buttons\">\n\t\t\t\t\t<a href=\"https:\/\/andres.ee\/et\/tooted\/kaminaesine-porandaklaas\/oblong\/\" data-quantity=\"1\" class=\"button product_type_variable add_to_cart_button\" data-product_id=\"36627\" data-product_sku=\"\" aria-label=\"Vali tootele &ldquo;Oblong&rdquo; omadused\" rel=\"nofollow\">Vali<\/a><span class=\"fusion-rollover-linebreak\">\n\t\/<\/span>\n\n<a href=\"https:\/\/andres.ee\/et\/tooted\/kaminaesine-porandaklaas\/oblong\/\" class=\"show_details_button\">\n\tVaata<\/a>\n\n\t\t\t\t<\/div>\n\t\t\t\t\t\t\t<a class=\"fusion-link-wrapper\" href=\"https:\/\/andres.ee\/et\/tooted\/kaminaesine-porandaklaas\/oblong\/\" aria-label=\"Oblong\"><\/a>\n\t<\/div>\n<\/div>\n\n\t\n<\/div>\n<\/div>\n<div class=\"fusion-product-content\">\n\t<div class=\"product-details\">\n\t\t<div class=\"product-details-container\">\n<h3 class=\"product-title\">\n\t<a href=\"https:\/\/andres.ee\/et\/tooted\/kaminaesine-porandaklaas\/oblong\/\">\n\t\tOblong\t<\/a>\n<\/h3>\n<div class=\"fusion-price-rating\">\n\t\t<\/div>\n\t<\/div>\n<\/div>\n\n\t<\/div> \n\n\n<\/div>\n<\/li>\n<li class=\"product type-product post-36354 status-publish instock product_cat-kaminaesine-porandaklaas has-post-thumbnail taxable shipping-taxable purchasable product-type-variable product-grid-view\">\n\t<div class=\"fusion-product-wrapper\">\n<div class=\"fusion-clean-product-image-wrapper \">\n\t\n\n<div  class=\"fusion-image-wrapper fusion-image-size-fixed\" aria-haspopup=\"true\">\n\t\n\t\n\t\n\t\t\n\t\t\t\t\t<img width=\"400\" height=\"533\" src=\"https:\/\/andres.ee\/wp-content\/uploads\/2026\/02\/Semi_1100x950-400x533.png\" class=\"attachment-shop_catalog size-shop_catalog wp-post-image\" alt=\"\" \/>\n\t\n\n\t\t<div class=\"fusion-rollover\">\n\t<div class=\"fusion-rollover-content\">\n\n\t\t\t\t\n\t\t\t\t\n\t\t\t\t\t\t\t\t\n\t\t\t\t\t\t\t\t\n\t\t\n\t\t\t\t\t\t\t\t\t\t\t\t\t\t\t\n\t\t\t\t\t\t\n\t\t\t\t\t\t\t\t\t\t<div class=\"fusion-product-buttons\">\n\t\t\t\t\t<a href=\"https:\/\/andres.ee\/et\/tooted\/kaminaesine-porandaklaas\/semi\/\" data-quantity=\"1\" class=\"button product_type_variable add_to_cart_button\" data-product_id=\"36354\" data-product_sku=\"\" aria-label=\"Vali tootele &ldquo;Semi&rdquo; omadused\" rel=\"nofollow\">Vali<\/a><span class=\"fusion-rollover-linebreak\">\n\t\/<\/span>\n\n<a href=\"https:\/\/andres.ee\/et\/tooted\/kaminaesine-porandaklaas\/semi\/\" class=\"show_details_button\">\n\tVaata<\/a>\n\n\t\t\t\t<\/div>\n\t\t\t\t\t\t\t<a class=\"fusion-link-wrapper\" href=\"https:\/\/andres.ee\/et\/tooted\/kaminaesine-porandaklaas\/semi\/\" aria-label=\"Semi\"><\/a>\n\t<\/div>\n<\/div>\n\n\t\n<\/div>\n<\/div>\n<div class=\"fusion-product-content\">\n\t<div class=\"product-details\">\n\t\t<div class=\"product-details-container\">\n<h3 class=\"product-title\">\n\t<a href=\"https:\/\/andres.ee\/et\/tooted\/kaminaesine-porandaklaas\/semi\/\">\n\t\tSemi\t<\/a>\n<\/h3>\n<div class=\"fusion-price-rating\">\n\t\t<\/div>\n\t<\/div>\n<\/div>\n\n\t<\/div> \n\n\n<\/div>\n<\/li>\n<\/ul>\n<\/div>\n<\/div><div class=\"fusion-clearfix\"><\/div><\/div><\/div><\/div><\/div><\/p>\n","protected":false},"excerpt":{"rendered":"","protected":false},"author":58,"featured_media":0,"parent":21139,"menu_order":4,"comment_status":"closed","ping_status":"closed","template":"","meta":[],"yoast_head":"<!-- This site is optimized with the Yoast SEO plugin v15.3 - https:\/\/yoast.com\/wordpress\/plugins\/seo\/ -->\n<title>Kaminaesine p\u00f5randaklaas - Andres<\/title>\n<meta name=\"robots\" content=\"index, follow, max-snippet:-1, max-image-preview:large, max-video-preview:-1\" \/>\n<link rel=\"canonical\" href=\"https:\/\/andres.ee\/et\/tooted\/kaminaesine-porandaklaas\/\" \/>\n<meta property=\"og:locale\" content=\"et_EE\" \/>\n<meta property=\"og:type\" content=\"article\" \/>\n<meta property=\"og:title\" content=\"Kaminaesine p\u00f5randaklaas - Andres\" \/>\n<meta property=\"og:url\" content=\"https:\/\/andres.ee\/et\/tooted\/kaminaesine-porandaklaas\/\" \/>\n<meta property=\"og:site_name\" content=\"Andres\" \/>\n<meta property=\"article:modified_time\" content=\"2026-02-17T11:51:27+00:00\" \/>\n<meta name=\"twitter:card\" content=\"summary_large_image\" \/>\n<meta name=\"twitter:label1\" content=\"Written by\">\n\t<meta name=\"twitter:data1\" content=\"Krislyn Lillev\u00e4li\">\n\t<meta name=\"twitter:label2\" content=\"Est. reading time\">\n\t<meta name=\"twitter:data2\" content=\"2 minutit\">\n<script type=\"application\/ld+json\" class=\"yoast-schema-graph\">{\"@context\":\"https:\/\/schema.org\",\"@graph\":[{\"@type\":\"WebSite\",\"@id\":\"https:\/\/andres.ee\/et\/#website\",\"url\":\"https:\/\/andres.ee\/et\/\",\"name\":\"Andres\",\"description\":\"Glass Solutions\",\"potentialAction\":[{\"@type\":\"SearchAction\",\"target\":\"https:\/\/andres.ee\/et\/?s={search_term_string}\",\"query-input\":\"required name=search_term_string\"}],\"inLanguage\":\"et\"},{\"@type\":\"WebPage\",\"@id\":\"https:\/\/andres.ee\/et\/tooted\/kaminaesine-porandaklaas\/#webpage\",\"url\":\"https:\/\/andres.ee\/et\/tooted\/kaminaesine-porandaklaas\/\",\"name\":\"Kaminaesine p\\u00f5randaklaas - Andres\",\"isPartOf\":{\"@id\":\"https:\/\/andres.ee\/et\/#website\"},\"datePublished\":\"2025-11-13T11:10:19+00:00\",\"dateModified\":\"2026-02-17T11:51:27+00:00\",\"inLanguage\":\"et\",\"potentialAction\":[{\"@type\":\"ReadAction\",\"target\":[\"https:\/\/andres.ee\/et\/tooted\/kaminaesine-porandaklaas\/\"]}]}]}<\/script>\n<!-- \/ Yoast SEO plugin. -->","_links":{"self":[{"href":"https:\/\/andres.ee\/et\/wp-json\/wp\/v2\/pages\/36005"}],"collection":[{"href":"https:\/\/andres.ee\/et\/wp-json\/wp\/v2\/pages"}],"about":[{"href":"https:\/\/andres.ee\/et\/wp-json\/wp\/v2\/types\/page"}],"author":[{"embeddable":true,"href":"https:\/\/andres.ee\/et\/wp-json\/wp\/v2\/users\/58"}],"replies":[{"embeddable":true,"href":"https:\/\/andres.ee\/et\/wp-json\/wp\/v2\/comments?post=36005"}],"version-history":[{"count":6,"href":"https:\/\/andres.ee\/et\/wp-json\/wp\/v2\/pages\/36005\/revisions"}],"predecessor-version":[{"id":36689,"href":"https:\/\/andres.ee\/et\/wp-json\/wp\/v2\/pages\/36005\/revisions\/36689"}],"up":[{"embeddable":true,"href":"https:\/\/andres.ee\/et\/wp-json\/wp\/v2\/pages\/21139"}],"wp:attachment":[{"href":"https:\/\/andres.ee\/et\/wp-json\/wp\/v2\/media?parent=36005"}],"curies":[{"name":"wp","href":"https:\/\/api.w.org\/{rel}","templated":true}]}}