{"id":20418,"date":"2020-01-09T15:57:02","date_gmt":"2020-01-09T13:57:02","guid":{"rendered":"https:\/\/andres.veebispetsid.com\/?page_id=20418"},"modified":"2020-02-03T15:36:41","modified_gmt":"2020-02-03T13:36:41","slug":"kkk","status":"publish","type":"page","link":"https:\/\/andres.ee\/et\/kkk\/","title":{"rendered":"KKK"},"content":{"rendered":"<p><div class=\"fusion-fullwidth fullwidth-box fusion-builder-row-1 nonhundred-percent-fullwidth non-hundred-percent-height-scrolling\" style=\"background-color: rgba(255,255,255,0);background-position: center center;background-repeat: no-repeat;padding-top:0px;padding-right:0px;padding-bottom:0px;padding-left:0px;margin-bottom: 50px;margin-top: 0px;border-width: 0px 0px 0px 0px;border-color:#eae9e9;border-style:solid;\" ><div class=\"fusion-builder-row fusion-row\"><div class=\"fusion-layout-column fusion_builder_column fusion-builder-column-0 fusion_builder_column_1_1 1_1 fusion-one-full fusion-column-first fusion-column-last\" style=\"margin-top:0px;margin-bottom:0px;\"><div class=\"fusion-column-wrapper fusion-flex-column-wrapper-legacy\" style=\"background-position:left top;background-repeat:no-repeat;-webkit-background-size:cover;-moz-background-size:cover;-o-background-size:cover;background-size:cover;padding: 0px 0px 0px 0px;\"><style type=\"text\/css\">.fusion-accordian #accordian-1 .panel-title a .fa-fusion-box:before{ font-size: 20px;}.fusion-accordian #accordian-1 .panel-title a .fa-fusion-box{ color: #ffffff;}.fusion-accordian #accordian-1 .panel-title a{font-size:23px;}.fusion-accordian #accordian-1 .fa-fusion-box { background-color: #333333;border-color: #333333;}.fusion-accordian #accordian-1 .panel-title a:hover,.fusion-accordian #accordian-1 .panel-title a.hover { color: #553325;}.fusion-faq-shortcode .fusion-accordian #accordian-1 .fusion-toggle-boxed-mode:hover .panel-title a { color: #553325;}.fusion-accordian #accordian-1 .panel-title .active .fa-fusion-box,.fusion-accordian #accordian-1 .panel-title a:hover .fa-fusion-box,.fusion-accordian #accordian-1 .panel-title a.hover .fa-fusion-box { background-color: #553325!important;border-color: #553325!important;}<\/style><div class=\"fusion-faq-shortcode\"><div class=\"fusion-faqs-wrapper\"><div class=\"accordian fusion-accordian\"><div class=\"panel-group \" id=\"accordian-1\"><div class=\"fusion-panel panel-default fusion-faq-post fusion-faq-post-20629 \"><span class=\"entry-title rich-snippet-hidden\">Kui paksust klaasist on valmistatud Andrese tooted?<\/span><span class=\"vcard rich-snippet-hidden\"><span class=\"fn\"><a href=\"https:\/\/andres.ee\/et\/author\/andres\/\" title=\"Daniel tehtud postitused\" rel=\"author\">Daniel<\/a><\/span><\/span><span class=\"updated rich-snippet-hidden\">2020-01-10T12:56:05+02:00<\/span><div class=\"panel-heading\"><h4 class=\"panel-title toggle\"><a data-toggle=\"collapse\" class=\"collapsed\" data-parent=\"#accordian-1\" data-target=\"#collapse-1-20629\" href=\"#collapse-1-20629\"><div class=\"fusion-toggle-icon-wrapper\"><div class=\"fusion-toggle-icon-wrapper-main\"><div class=\"fusion-toggle-icon-wrapper-sub\"><i class=\"fa-fusion-box\" aria-hidden=\"true\"><\/i><\/div><\/div><\/div><div class=\"fusion-toggle-heading\">Kui paksust klaasist on valmistatud Andrese tooted?<\/div><\/a><\/h4><\/div><div id=\"collapse-1-20629\" class=\"panel-collapse collapse\"><div class=\"panel-body toggle-content post-content\"><p>Vaikimisi on k\u00f5ik tooted valmistatud 8mm karastatud klaasist. Erandiks on vaid du\u0161iuksed, mis on valmistatud 6 mm karastatud klaasist.<\/p>\n<\/div><\/div><\/div><div class=\"fusion-panel panel-default fusion-faq-post fusion-faq-post-20635 \"><span class=\"entry-title rich-snippet-hidden\">Millised on Andrese uste t\u00e4psed v\u00e4lism\u00f5\u00f5dud ja millised klaasim\u00f5\u00f5dud neile vastavad?<\/span><span class=\"vcard rich-snippet-hidden\"><span class=\"fn\"><a href=\"https:\/\/andres.ee\/et\/author\/andres\/\" title=\"Daniel tehtud postitused\" rel=\"author\">Daniel<\/a><\/span><\/span><span class=\"updated rich-snippet-hidden\">2025-08-26T09:06:55+03:00<\/span><div class=\"panel-heading\"><h4 class=\"panel-title toggle\"><a data-toggle=\"collapse\" class=\"collapsed\" data-parent=\"#accordian-1\" data-target=\"#collapse-1-20635\" href=\"#collapse-1-20635\"><div class=\"fusion-toggle-icon-wrapper\"><div class=\"fusion-toggle-icon-wrapper-main\"><div class=\"fusion-toggle-icon-wrapper-sub\"><i class=\"fa-fusion-box\" aria-hidden=\"true\"><\/i><\/div><\/div><\/div><div class=\"fusion-toggle-heading\">Millised on Andrese uste t\u00e4psed v\u00e4lism\u00f5\u00f5dud ja millised klaasim\u00f5\u00f5dud neile vastavad?<\/div><\/a><\/h4><\/div><div id=\"collapse-1-20635\" class=\"panel-collapse collapse\"><div class=\"panel-body toggle-content post-content\"><div class=\"fusion-fullwidth fullwidth-box fusion-builder-row-1-1 nonhundred-percent-fullwidth non-hundred-percent-height-scrolling\" style=\"background-color: rgba(255,255,255,0);background-position: center center;background-repeat: no-repeat;padding-top:0px;padding-right:0px;padding-bottom:0px;padding-left:0px;margin-bottom: 0px;margin-top: 0px;border-width: 0px 0px 0px 0px;border-color:#eae9e9;border-style:solid;\" ><div class=\"fusion-builder-row fusion-row\"><div class=\"fusion-layout-column fusion_builder_column fusion-builder-column-1 fusion_builder_column_1_1 1_1 fusion-one-full fusion-column-first fusion-column-last\" style=\"margin-top:0px;margin-bottom:0px;\"><div class=\"fusion-column-wrapper fusion-flex-column-wrapper-legacy\" style=\"background-position:left top;background-repeat:no-repeat;-webkit-background-size:cover;-moz-background-size:cover;-o-background-size:cover;background-size:cover;padding: 0px 0px 0px 0px;\"><div class=\"fusion-text fusion-text-1\" style=\"transform:translate3d(0,0,0);\"><p>T\u00e4psed ustega seotud m\u00f5\u00f5dud on v\u00f5imalik leida siit:<\/p>\n<\/div><div class=\"fusion-button-wrapper\"><style type=\"text\/css\">.fusion-button.button-1 {border-radius:0px;}<\/style><a class=\"fusion-button button-flat fusion-button-default-size button-default button-1 fusion-button-default-span fusion-button-default-type\" target=\"_blank\" rel=\"noopener noreferrer\" href=\"https:\/\/andres.ee\/wp-content\/uploads\/2025\/08\/EE_doors_sizes.pdf\"><span class=\"fusion-button-text\">Andrese uste m\u00f5\u00f5dud<\/span><\/a><\/div><div class=\"fusion-clearfix\"><\/div><\/div><\/div><\/div><\/div>\n<\/div><\/div><\/div><div class=\"fusion-panel panel-default fusion-faq-post fusion-faq-post-20643 \"><span class=\"entry-title rich-snippet-hidden\">Millised on puidust- ja alumiiniumist valmistatud ukselengide m\u00f5\u00f5dud?<\/span><span class=\"vcard rich-snippet-hidden\"><span class=\"fn\"><a href=\"https:\/\/andres.ee\/et\/author\/andres\/\" title=\"Daniel tehtud postitused\" rel=\"author\">Daniel<\/a><\/span><\/span><span class=\"updated rich-snippet-hidden\">2020-06-02T15:57:03+03:00<\/span><div class=\"panel-heading\"><h4 class=\"panel-title toggle\"><a data-toggle=\"collapse\" class=\"collapsed\" data-parent=\"#accordian-1\" data-target=\"#collapse-1-20643\" href=\"#collapse-1-20643\"><div class=\"fusion-toggle-icon-wrapper\"><div class=\"fusion-toggle-icon-wrapper-main\"><div class=\"fusion-toggle-icon-wrapper-sub\"><i class=\"fa-fusion-box\" aria-hidden=\"true\"><\/i><\/div><\/div><\/div><div class=\"fusion-toggle-heading\">Millised on puidust- ja alumiiniumist valmistatud ukselengide m\u00f5\u00f5dud?<\/div><\/a><\/h4><\/div><div id=\"collapse-1-20643\" class=\"panel-collapse collapse\"><div class=\"panel-body toggle-content post-content\"><ul>\n<li><strong>Puidust lengide<\/strong> laius on 42 mm ja s\u00fcgavus 92mm (saunaukse Raiser-68 puhul aga vastavalt 42x68mm).<\/li>\n<li><strong>Alumiiniumlengide<\/strong> puhul aga m\u00f5\u00f5dud vastavalt 43x50mm.<\/li>\n<\/ul>\n<\/div><\/div><\/div><div class=\"fusion-panel panel-default fusion-faq-post fusion-faq-post-20645 \"><span class=\"entry-title rich-snippet-hidden\">Kas Andrese uksed on parema- v\u00f5i vasakuk\u00e4elised ja kas ukse tellimisel peab k\u00e4elisuse kindlasti t\u00e4psustama?<\/span><span class=\"vcard rich-snippet-hidden\"><span class=\"fn\"><a href=\"https:\/\/andres.ee\/et\/author\/andres\/\" title=\"Daniel tehtud postitused\" rel=\"author\">Daniel<\/a><\/span><\/span><span class=\"updated rich-snippet-hidden\">2024-04-03T13:05:47+03:00<\/span><div class=\"panel-heading\"><h4 class=\"panel-title toggle\"><a data-toggle=\"collapse\" class=\"collapsed\" data-parent=\"#accordian-1\" data-target=\"#collapse-1-20645\" href=\"#collapse-1-20645\"><div class=\"fusion-toggle-icon-wrapper\"><div class=\"fusion-toggle-icon-wrapper-main\"><div class=\"fusion-toggle-icon-wrapper-sub\"><i class=\"fa-fusion-box\" aria-hidden=\"true\"><\/i><\/div><\/div><\/div><div class=\"fusion-toggle-heading\">Kas Andrese uksed on parema- v\u00f5i vasakuk\u00e4elised ja kas ukse tellimisel peab k\u00e4elisuse kindlasti t\u00e4psustama?<\/div><\/a><\/h4><\/div><div id=\"collapse-1-20645\" class=\"panel-collapse collapse\"><div class=\"panel-body toggle-content post-content\"><div class=\"fusion-fullwidth fullwidth-box fusion-builder-row-1-2 nonhundred-percent-fullwidth non-hundred-percent-height-scrolling\" style=\"background-color: rgba(255,255,255,0);background-position: center center;background-repeat: no-repeat;padding-top:0px;padding-right:0px;padding-bottom:0px;padding-left:0px;margin-bottom: 0px;margin-top: 0px;border-width: 0px 0px 0px 0px;border-color:#eae9e9;border-style:solid;\" ><div class=\"fusion-builder-row fusion-row\"><div class=\"fusion-layout-column fusion_builder_column fusion-builder-column-2 fusion_builder_column_1_1 1_1 fusion-one-full fusion-column-first fusion-column-last\" style=\"margin-top:0px;margin-bottom:0px;\"><div class=\"fusion-column-wrapper fusion-flex-column-wrapper-legacy\" style=\"background-position:left top;background-repeat:no-repeat;-webkit-background-size:cover;-moz-background-size:cover;-o-background-size:cover;background-size:cover;padding: 0px 0px 0px 0px;\"><div class=\"fusion-text fusion-text-2\" style=\"transform:translate3d(0,0,0);\"><p>Vaikimisi valmistatakse k\u00f5ik uksed paremak\u00e4elistena (hinged asuvad paremal pool), kuid enamus Andrese standard m\u00f5\u00f5tudega ustest* on universaalsed. Universaalsus t\u00e4hendab aga seda, et k\u00e4elisus on paigalduse hetkel kergesti muudetav. K\u00e4elisuse muutmiseks on vaja vaid \u00fclapuu \u00fchest lengi otsast teise kinnitada. Kui t\u00e4psustate ukse k\u00e4elisuse juba tellimisel, siis valmib uks koheselt vastavalt Teie soovile.<\/p>\n<p><span style=\"color: #808080;\"><em>*Eranditeks on saunauksed ComLux ja m\u00f5ningad disainklaasiga uksed nagu SDD, TLD ja HHD (t\u00e4psema info saamiseks p\u00f6\u00f6rduge palun edasim\u00fc\u00fcja poole).<\/em><\/span><\/p>\n<\/div><div class=\"fusion-clearfix\"><\/div><\/div><\/div><\/div><\/div>\n<\/div><\/div><\/div><div class=\"fusion-panel panel-default fusion-faq-post fusion-faq-post-20647 \"><span class=\"entry-title rich-snippet-hidden\">Kui palju on ukse klaas lengist l\u00fchem?<\/span><span class=\"vcard rich-snippet-hidden\"><span class=\"fn\"><a href=\"https:\/\/andres.ee\/et\/author\/andres\/\" title=\"Daniel tehtud postitused\" rel=\"author\">Daniel<\/a><\/span><\/span><span class=\"updated rich-snippet-hidden\">2020-01-10T13:18:23+02:00<\/span><div class=\"panel-heading\"><h4 class=\"panel-title toggle\"><a data-toggle=\"collapse\" class=\"collapsed\" data-parent=\"#accordian-1\" data-target=\"#collapse-1-20647\" href=\"#collapse-1-20647\"><div class=\"fusion-toggle-icon-wrapper\"><div class=\"fusion-toggle-icon-wrapper-main\"><div class=\"fusion-toggle-icon-wrapper-sub\"><i class=\"fa-fusion-box\" aria-hidden=\"true\"><\/i><\/div><\/div><\/div><div class=\"fusion-toggle-heading\">Kui palju on ukse klaas lengist l\u00fchem?<\/div><\/a><\/h4><\/div><div id=\"collapse-1-20647\" class=\"panel-collapse collapse\"><div class=\"panel-body toggle-content post-content\"><p>Saunauste puhul on klaas lengist 21 mm l\u00fchem (Raiser-68 ukse puhul 3 mm), aurusaunauste puhul 30 mm ja siseuste puhul 5 mm. Klaaslahenduste puhul j\u00e4tame ukse alla (p\u00f5randa ja ukse klaasi vahele) vaikimisi \u00f5huvaheks 50 mm.<\/p>\n<\/div><\/div><\/div><div class=\"fusion-panel panel-default fusion-faq-post fusion-faq-post-20649 \"><span class=\"entry-title rich-snippet-hidden\">Kas on v\u00f5imalik tellida ka klaaslahendusi v\u00f5i lengideta uksi aurusaunade jaoks?<\/span><span class=\"vcard rich-snippet-hidden\"><span class=\"fn\"><a href=\"https:\/\/andres.ee\/et\/author\/andres\/\" title=\"Daniel tehtud postitused\" rel=\"author\">Daniel<\/a><\/span><\/span><span class=\"updated rich-snippet-hidden\">2021-01-19T12:47:30+02:00<\/span><div class=\"panel-heading\"><h4 class=\"panel-title toggle\"><a data-toggle=\"collapse\" class=\"collapsed\" data-parent=\"#accordian-1\" data-target=\"#collapse-1-20649\" href=\"#collapse-1-20649\"><div class=\"fusion-toggle-icon-wrapper\"><div class=\"fusion-toggle-icon-wrapper-main\"><div class=\"fusion-toggle-icon-wrapper-sub\"><i class=\"fa-fusion-box\" aria-hidden=\"true\"><\/i><\/div><\/div><\/div><div class=\"fusion-toggle-heading\">Kas on v\u00f5imalik tellida ka klaaslahendusi v\u00f5i lengideta uksi aurusaunade jaoks?<\/div><\/a><\/h4><\/div><div id=\"collapse-1-20649\" class=\"panel-collapse collapse\"><div class=\"panel-body toggle-content post-content\"><p>Ikka on! Sellisel juhul tulevad komplektiga kaasa t\u00e4iendavad tihendid, mis hoiavad auru saunas.<\/p>\n<\/div><\/div><\/div><div class=\"fusion-panel panel-default fusion-faq-post fusion-faq-post-20651 \"><span class=\"entry-title rich-snippet-hidden\">Kas Andrese toodangut on v\u00f5imalik ka tarnida segaalustega (saunauksed, aurusaunauksed, klaaslahendused \u2013 k\u00f5ik \u00fchel alusel)?<\/span><span class=\"vcard rich-snippet-hidden\"><span class=\"fn\"><a href=\"https:\/\/andres.ee\/et\/author\/andres\/\" title=\"Daniel tehtud postitused\" rel=\"author\">Daniel<\/a><\/span><\/span><span class=\"updated rich-snippet-hidden\">2020-01-10T13:20:01+02:00<\/span><div class=\"panel-heading\"><h4 class=\"panel-title toggle\"><a data-toggle=\"collapse\" class=\"collapsed\" data-parent=\"#accordian-1\" data-target=\"#collapse-1-20651\" href=\"#collapse-1-20651\"><div class=\"fusion-toggle-icon-wrapper\"><div class=\"fusion-toggle-icon-wrapper-main\"><div class=\"fusion-toggle-icon-wrapper-sub\"><i class=\"fa-fusion-box\" aria-hidden=\"true\"><\/i><\/div><\/div><\/div><div class=\"fusion-toggle-heading\">Kas Andrese toodangut on v\u00f5imalik ka tarnida segaalustega (saunauksed, aurusaunauksed, klaaslahendused \u2013 k\u00f5ik \u00fchel alusel)?<\/div><\/a><\/h4><\/div><div id=\"collapse-1-20651\" class=\"panel-collapse collapse\"><div class=\"panel-body toggle-content post-content\"><p>Ikka on! S\u00f5ltuvalt tellitavate klaaslahenduste ja uste suurustest ja kaaludest on v\u00f5imalik toodangut tellida ka segaalusel. N\u00e4iteks: \u00fchele alusele mahub kokku 18-20 pakendit, seega \u00fchele alusele v\u00f5ib pakendada 15-17 ust ja \u00fche klaaslahenduse. <\/p>\n<\/div><\/div><\/div><div class=\"fusion-panel panel-default fusion-faq-post fusion-faq-post-20653 \"><span class=\"entry-title rich-snippet-hidden\">Kas on v\u00f5imalik tellida ust koos l\u00e4vepakuga?<\/span><span class=\"vcard rich-snippet-hidden\"><span class=\"fn\"><a href=\"https:\/\/andres.ee\/et\/author\/andres\/\" title=\"Daniel tehtud postitused\" rel=\"author\">Daniel<\/a><\/span><\/span><span class=\"updated rich-snippet-hidden\">2021-01-19T13:01:24+02:00<\/span><div class=\"panel-heading\"><h4 class=\"panel-title toggle\"><a data-toggle=\"collapse\" class=\"collapsed\" data-parent=\"#accordian-1\" data-target=\"#collapse-1-20653\" href=\"#collapse-1-20653\"><div class=\"fusion-toggle-icon-wrapper\"><div class=\"fusion-toggle-icon-wrapper-main\"><div class=\"fusion-toggle-icon-wrapper-sub\"><i class=\"fa-fusion-box\" aria-hidden=\"true\"><\/i><\/div><\/div><\/div><div class=\"fusion-toggle-heading\">Kas on v\u00f5imalik tellida ust koos l\u00e4vepakuga?<\/div><\/a><\/h4><\/div><div id=\"collapse-1-20653\" class=\"panel-collapse collapse\"><div class=\"panel-body toggle-content post-content\"><div class=\"fusion-fullwidth fullwidth-box fusion-builder-row-1-3 nonhundred-percent-fullwidth non-hundred-percent-height-scrolling\" style=\"background-color: rgba(255,255,255,0);background-position: center center;background-repeat: no-repeat;padding-top:0px;padding-right:0px;padding-bottom:0px;padding-left:0px;margin-bottom: 0px;margin-top: 0px;border-width: 0px 0px 0px 0px;border-color:#eae9e9;border-style:solid;\" ><div class=\"fusion-builder-row fusion-row\"><div class=\"fusion-layout-column fusion_builder_column fusion-builder-column-3 fusion_builder_column_1_1 1_1 fusion-one-full fusion-column-first fusion-column-last\" style=\"margin-top:0px;margin-bottom:0px;\"><div class=\"fusion-column-wrapper fusion-flex-column-wrapper-legacy\" style=\"background-position:left top;background-repeat:no-repeat;-webkit-background-size:cover;-moz-background-size:cover;-o-background-size:cover;background-size:cover;padding: 0px 0px 0px 0px;\"><div class=\"fusion-text fusion-text-3\" style=\"transform:translate3d(0,0,0);\"><p>Ikka on! Palume enne tellimist t\u00e4psustada l\u00e4vepaku hind meie edasim\u00fc\u00fcjalt.<\/p>\n<\/div><div class=\"fusion-button-wrapper\"><style type=\"text\/css\">.fusion-button.button-2 {border-radius:0px;}<\/style><a class=\"fusion-button button-flat fusion-button-default-size button-default button-2 fusion-button-default-span fusion-button-default-type\" target=\"_self\" href=\"https:\/\/andres.ee\/edasimuujad\/andrese-klaasistuudio\/\"><span class=\"fusion-button-text\">Andrese edasim\u00fc\u00fcjad<\/span><\/a><\/div><div class=\"fusion-clearfix\"><\/div><\/div><\/div><\/div><\/div>\n<\/div><\/div><\/div><div class=\"fusion-panel panel-default fusion-faq-post fusion-faq-post-20656 \"><span class=\"entry-title rich-snippet-hidden\">Kas rull-lukk v\u00f5ib klaasi kriimustada?<\/span><span class=\"vcard rich-snippet-hidden\"><span class=\"fn\"><a href=\"https:\/\/andres.ee\/et\/author\/andres\/\" title=\"Daniel tehtud postitused\" rel=\"author\">Daniel<\/a><\/span><\/span><span class=\"updated rich-snippet-hidden\">2020-01-10T13:25:56+02:00<\/span><div class=\"panel-heading\"><h4 class=\"panel-title toggle\"><a data-toggle=\"collapse\" class=\"collapsed\" data-parent=\"#accordian-1\" data-target=\"#collapse-1-20656\" href=\"#collapse-1-20656\"><div class=\"fusion-toggle-icon-wrapper\"><div class=\"fusion-toggle-icon-wrapper-main\"><div class=\"fusion-toggle-icon-wrapper-sub\"><i class=\"fa-fusion-box\" aria-hidden=\"true\"><\/i><\/div><\/div><\/div><div class=\"fusion-toggle-heading\">Kas rull-lukk v\u00f5ib klaasi kriimustada?<\/div><\/a><\/h4><\/div><div id=\"collapse-1-20656\" class=\"panel-collapse collapse\"><div class=\"panel-body toggle-content post-content\"><p>Ei v\u00f5i! Andres kasutab k\u00f5rgekvaliteedilisi rull-lukke, mille rullikud on tehtud plastikust ja ei kriimusta klaasi.<\/p>\n<\/div><\/div><\/div><div class=\"fusion-panel panel-default fusion-faq-post fusion-faq-post-20658 \"><span class=\"entry-title rich-snippet-hidden\">Kui kaua \u00fcks uks t\u00f6\u00f6korras p\u00fcsib?<\/span><span class=\"vcard rich-snippet-hidden\"><span class=\"fn\"><a href=\"https:\/\/andres.ee\/et\/author\/andres\/\" title=\"Daniel tehtud postitused\" rel=\"author\">Daniel<\/a><\/span><\/span><span class=\"updated rich-snippet-hidden\">2025-10-07T15:26:44+03:00<\/span><div class=\"panel-heading\"><h4 class=\"panel-title toggle\"><a data-toggle=\"collapse\" class=\"collapsed\" data-parent=\"#accordian-1\" data-target=\"#collapse-1-20658\" href=\"#collapse-1-20658\"><div class=\"fusion-toggle-icon-wrapper\"><div class=\"fusion-toggle-icon-wrapper-main\"><div class=\"fusion-toggle-icon-wrapper-sub\"><i class=\"fa-fusion-box\" aria-hidden=\"true\"><\/i><\/div><\/div><\/div><div class=\"fusion-toggle-heading\">Kui kaua \u00fcks uks t\u00f6\u00f6korras p\u00fcsib?<\/div><\/a><\/h4><\/div><div id=\"collapse-1-20658\" class=\"panel-collapse collapse\"><div class=\"panel-body toggle-content post-content\"><p>Kui ust paigaldada <span style=\"color: #000000;\">(<\/span><span style=\"text-decoration: underline;\"><span style=\"color: #ff0000;\"><a style=\"color: #ff0000;\" href=\"https:\/\/andres.ee\/wp-content\/uploads\/2025\/02\/EE_Sauna_door_manualterms.pdf\" target=\"_blank\" rel=\"noopener noreferrer\"><span style=\"color: #000000; text-decoration: underline;\">l\u00e4htudes juhendist<\/span><\/a><\/span><\/span><span style=\"color: #000000;\">)<\/span> ja hooldada n\u00f5uetekohaselt <span style=\"color: #000000;\">(<\/span><span style=\"text-decoration: underline;\"><span style=\"color: #ff0000;\"><a style=\"color: #ff0000;\" href=\"https:\/\/andres.ee\/wp-content\/uploads\/2025\/02\/Use_and_maintenance_instructions_EE.pdf\" target=\"_blank\" rel=\"noopener noreferrer\"><span style=\"color: #000000; text-decoration: underline;\">l\u00e4htudes juhendist<\/span><\/a><\/span><\/span><span style=\"color: #000000;\">),<\/span> p\u00fcsib see t\u00f6\u00f6korras ja vastupidavana pikka aega.<\/p>\n<\/div><\/div><\/div><div class=\"fusion-panel panel-default fusion-faq-post fusion-faq-post-20660 \"><span class=\"entry-title rich-snippet-hidden\">Miks on hingedel AU Premium ja Lux kolm paigaldusava, aga klaas on higedele kinnitatud siiski \u00fche poldiga?<\/span><span class=\"vcard rich-snippet-hidden\"><span class=\"fn\"><a href=\"https:\/\/andres.ee\/et\/author\/andres\/\" title=\"Daniel tehtud postitused\" rel=\"author\">Daniel<\/a><\/span><\/span><span class=\"updated rich-snippet-hidden\">2025-10-07T14:54:11+03:00<\/span><div class=\"panel-heading\"><h4 class=\"panel-title toggle\"><a data-toggle=\"collapse\" class=\"collapsed\" data-parent=\"#accordian-1\" data-target=\"#collapse-1-20660\" href=\"#collapse-1-20660\"><div class=\"fusion-toggle-icon-wrapper\"><div class=\"fusion-toggle-icon-wrapper-main\"><div class=\"fusion-toggle-icon-wrapper-sub\"><i class=\"fa-fusion-box\" aria-hidden=\"true\"><\/i><\/div><\/div><\/div><div class=\"fusion-toggle-heading\">Miks on hingedel AU Premium ja Lux kolm paigaldusava, aga klaas on higedele kinnitatud siiski \u00fche poldiga?<\/div><\/a><\/h4><\/div><div id=\"collapse-1-20660\" class=\"panel-collapse collapse\"><div class=\"panel-body toggle-content post-content\"><p>AU Premium ja Lux hinged on universaalsed sobides kokku erinevate klaasit\u00fc\u00fcpidega. \u00dche poldiga kinnitamine on aga analoogne SU hingede kinnitusega, mis on t\u00e4iesti piisav turvaliseks kasutamiseks.<\/p>\n<\/div><\/div><\/div><\/div><\/div><\/div><\/div><div class=\"fusion-clearfix\"><\/div><\/div><\/div><\/div><\/div><div class=\"fusion-fullwidth fullwidth-box fusion-builder-row-2 nonhundred-percent-fullwidth non-hundred-percent-height-scrolling\" style=\"background-color: rgba(255,255,255,0);background-position: center center;background-repeat: no-repeat;padding-top:0px;padding-right:0px;padding-bottom:0px;padding-left:0px;margin-bottom: 0px;margin-top: 0px;border-width: 0px 0px 0px 0px;border-color:#eae9e9;border-style:solid;\" ><div class=\"fusion-builder-row fusion-row\"><div class=\"fusion-layout-column fusion_builder_column fusion-builder-column-4 fusion_builder_column_1_1 1_1 fusion-one-full fusion-column-first fusion-column-last\" style=\"margin-top:0px;margin-bottom:0px;\"><div class=\"fusion-column-wrapper fusion-flex-column-wrapper-legacy\" style=\"background-position:left top;background-repeat:no-repeat;-webkit-background-size:cover;-moz-background-size:cover;-o-background-size:cover;background-size:cover;padding: 0px 0px 0px 0px;\"><div class=\"fusion-modal modal fade modal-1 paigaldusvideo\" tabindex=\"-1\" role=\"dialog\" aria-labelledby=\"modal-heading-1\" aria-hidden=\"true\"><style type=\"text\/css\">.modal-1 .modal-header, .modal-1 .modal-footer{border-color:rgba(235,235,235,0);}<\/style><div class=\"modal-dialog modal-lg\"><div class=\"modal-content fusion-modal-content\" style=\"background-color:#ffffff\"><div class=\"modal-header\"><button class=\"close\" type=\"button\" data-dismiss=\"modal\" aria-hidden=\"true\">&times;<\/button><h3 class=\"modal-title\" id=\"modal-heading-1\" data-dismiss=\"modal\" aria-hidden=\"true\">Paigaldusvideo<\/h3><\/div><div class=\"modal-body fusion-clearfix\"><iframe src=\"https:\/\/www.youtube.com\/embed\/e8JYWFxANVY\" width=\"100%\" height=\"500\" frameborder=\"0\" allowfullscreen=\"allowfullscreen\"><\/iframe><\/div><\/div><\/div><\/div><div class=\"fusion-clearfix\"><\/div><\/div><\/div><\/div><\/div><\/p>\n","protected":false},"excerpt":{"rendered":"","protected":false},"author":5,"featured_media":0,"parent":0,"menu_order":340,"comment_status":"closed","ping_status":"closed","template":"","meta":[],"yoast_head":"<!-- This site is optimized with the Yoast SEO plugin v15.3 - https:\/\/yoast.com\/wordpress\/plugins\/seo\/ -->\n<title>KKK - Andres<\/title>\n<meta name=\"robots\" content=\"index, follow, max-snippet:-1, max-image-preview:large, max-video-preview:-1\" \/>\n<link rel=\"canonical\" href=\"https:\/\/andres.ee\/et\/kkk\/\" \/>\n<meta property=\"og:locale\" content=\"et_EE\" \/>\n<meta property=\"og:type\" content=\"article\" \/>\n<meta property=\"og:title\" content=\"KKK - Andres\" \/>\n<meta property=\"og:url\" content=\"https:\/\/andres.ee\/et\/kkk\/\" \/>\n<meta property=\"og:site_name\" content=\"Andres\" \/>\n<meta property=\"article:modified_time\" content=\"2020-02-03T13:36:41+00:00\" \/>\n<meta name=\"twitter:card\" content=\"summary_large_image\" \/>\n<meta name=\"twitter:label1\" content=\"Written by\">\n\t<meta name=\"twitter:data1\" content=\"Daniel\">\n\t<meta name=\"twitter:label2\" content=\"Est. reading time\">\n\t<meta name=\"twitter:data2\" content=\"3 minutit\">\n<script type=\"application\/ld+json\" class=\"yoast-schema-graph\">{\"@context\":\"https:\/\/schema.org\",\"@graph\":[{\"@type\":\"WebSite\",\"@id\":\"https:\/\/andres.ee\/et\/#website\",\"url\":\"https:\/\/andres.ee\/et\/\",\"name\":\"Andres\",\"description\":\"Glass Solutions\",\"potentialAction\":[{\"@type\":\"SearchAction\",\"target\":\"https:\/\/andres.ee\/et\/?s={search_term_string}\",\"query-input\":\"required name=search_term_string\"}],\"inLanguage\":\"et\"},{\"@type\":\"WebPage\",\"@id\":\"https:\/\/andres.ee\/et\/kkk\/#webpage\",\"url\":\"https:\/\/andres.ee\/et\/kkk\/\",\"name\":\"KKK - Andres\",\"isPartOf\":{\"@id\":\"https:\/\/andres.ee\/et\/#website\"},\"datePublished\":\"2020-01-09T13:57:02+00:00\",\"dateModified\":\"2020-02-03T13:36:41+00:00\",\"inLanguage\":\"et\",\"potentialAction\":[{\"@type\":\"ReadAction\",\"target\":[\"https:\/\/andres.ee\/et\/kkk\/\"]}]}]}<\/script>\n<!-- \/ Yoast SEO plugin. -->","_links":{"self":[{"href":"https:\/\/andres.ee\/et\/wp-json\/wp\/v2\/pages\/20418"}],"collection":[{"href":"https:\/\/andres.ee\/et\/wp-json\/wp\/v2\/pages"}],"about":[{"href":"https:\/\/andres.ee\/et\/wp-json\/wp\/v2\/types\/page"}],"author":[{"embeddable":true,"href":"https:\/\/andres.ee\/et\/wp-json\/wp\/v2\/users\/5"}],"replies":[{"embeddable":true,"href":"https:\/\/andres.ee\/et\/wp-json\/wp\/v2\/comments?post=20418"}],"version-history":[{"count":12,"href":"https:\/\/andres.ee\/et\/wp-json\/wp\/v2\/pages\/20418\/revisions"}],"predecessor-version":[{"id":21264,"href":"https:\/\/andres.ee\/et\/wp-json\/wp\/v2\/pages\/20418\/revisions\/21264"}],"wp:attachment":[{"href":"https:\/\/andres.ee\/et\/wp-json\/wp\/v2\/media?parent=20418"}],"curies":[{"name":"wp","href":"https:\/\/api.w.org\/{rel}","templated":true}]}}