{"id":34945,"date":"2025-05-12T15:44:00","date_gmt":"2025-05-12T12:44:00","guid":{"rendered":"https:\/\/andres.ee\/?post_type=product&#038;p=34945"},"modified":"2025-09-22T13:20:07","modified_gmt":"2025-09-22T10:20:07","slug":"etna-black","status":"publish","type":"product","link":"https:\/\/andres.ee\/de\/produkte\/turen\/saunaturen\/etna-black\/","title":{"rendered":"Etna Black"},"content":{"rendered":"<p><div class=\"fusion-fullwidth fullwidth-box fusion-builder-row-1 nonhundred-percent-fullwidth non-hundred-percent-height-scrolling\" style=\"background-color: rgba(255,255,255,0);background-position: center center;background-repeat: no-repeat;padding-top:0px;padding-right:0px;padding-bottom:0px;padding-left:0px;margin-bottom: 0px;margin-top: 0px;border-width: 0px 0px 0px 0px;border-color:#eae9e9;border-style:solid;\" ><div class=\"fusion-builder-row fusion-row\"><div class=\"fusion-layout-column fusion_builder_column fusion-builder-column-0 fusion_builder_column_1_1 1_1 fusion-one-full fusion-column-first fusion-column-last\" style=\"margin-top:0px;margin-bottom:0px;\"><div class=\"fusion-column-wrapper fusion-flex-column-wrapper-legacy\" style=\"background-position:left top;background-repeat:no-repeat;-webkit-background-size:cover;-moz-background-size:cover;-o-background-size:cover;background-size:cover;padding: 0px 0px 0px 0px;\"><div class=\"fusion-text fusion-text-1\" style=\"transform:translate3d(0,0,0);\"><p>Die T\u00fcr besteht aus geh\u00e4rtetem Glas und 92 mm tiefen, verdeckten Scharnieren. Das Produkt ist universell einsetzbar und wird als eine komplette Einheit geliefert.<\/p>\n<\/div><div class=\"fusion-button-wrapper\"><style type=\"text\/css\">.fusion-button.button-1 {border-radius:0px;}<\/style><a class=\"fusion-button button-flat fusion-button-default-size button-default button-1 fusion-button-default-span fusion-button-default-type\" target=\"_blank\" rel=\"noopener noreferrer\" href=\"https:\/\/andres.ee\/wp-content\/uploads\/2025\/02\/DE_ETNA_manualterms.pdf\"><span class=\"fusion-button-text\">Installationsanleitung<\/span><\/a><\/div><div class=\"fusion-button-wrapper\"><style type=\"text\/css\">.fusion-button.button-2 {border-radius:0px;}<\/style><a class=\"fusion-button button-flat fusion-button-default-size button-default button-2 fusion-button-default-span fusion-button-default-type\" target=\"_blank\" rel=\"noopener noreferrer\" href=\"https:\/\/youtu.be\/e8JYWFxANVY\"><span class=\"fusion-button-text\">Installationsvideo<\/span><\/a><\/div><div class=\"fusion-button-wrapper\"><style type=\"text\/css\">.fusion-button.button-3 {border-radius:0px;}<\/style><a class=\"fusion-button button-flat fusion-button-default-size button-default button-3 fusion-button-default-span fusion-button-default-type\" target=\"_blank\" rel=\"noopener noreferrer\" href=\"https:\/\/andres.ee\/wp-content\/uploads\/2025\/08\/Etna_Handle_Manual_DE.pdf \"><span class=\"fusion-button-text\">T\u00fcrgriffmontage<\/span><\/a><\/div><div class=\"fusion-button-wrapper\"><style type=\"text\/css\">.fusion-button.button-4 {border-radius:0px;}<\/style><a class=\"fusion-button button-flat fusion-button-default-size button-default button-4 fusion-button-default-span fusion-button-default-type\" target=\"_blank\" rel=\"noopener noreferrer\" href=\"https:\/\/andres.ee\/wp-content\/uploads\/2025\/08\/Etna_Hinge_adjustment_Manual_DE.pdf \"><span class=\"fusion-button-text\">Scharniereinstellung<\/span><\/a><\/div><div class=\"fusion-button-wrapper\"><style type=\"text\/css\">.fusion-button.button-5 {border-radius:0px;}<\/style><a class=\"fusion-button button-flat fusion-button-default-size button-default button-5 fusion-button-default-span fusion-button-default-type\" target=\"_blank\" rel=\"noopener noreferrer\" href=\"https:\/\/andres.ee\/wp-content\/uploads\/2025\/02\/Use_and_maintenance_instructions_DE.pdf\"><span class=\"fusion-button-text\">Wartungshandbuch<\/span><\/a><\/div><div class=\"fusion-button-wrapper\"><style type=\"text\/css\">.fusion-button.button-6 {border-radius:0px;}<\/style><a class=\"fusion-button button-flat fusion-button-default-size button-default button-6 fusion-button-default-span fusion-button-default-type\" target=\"_blank\" rel=\"noopener noreferrer\" href=\"https:\/\/andres.ee\/wp-content\/uploads\/2025\/09\/DE_AGS_door_sizes.pdf \"><span class=\"fusion-button-text\">Abmessungen von T\u00fcren<\/span><\/a><\/div><div class=\"fusion-clearfix\"><\/div><\/div><\/div><\/div><\/div><div class=\"fusion-fullwidth fullwidth-box fusion-builder-row-2 ariklient nonhundred-percent-fullwidth non-hundred-percent-height-scrolling\" style=\"background-color: rgba(255,255,255,0);background-position: center center;background-repeat: no-repeat;padding-top:0px;padding-right:0px;padding-bottom:0px;padding-left:0px;margin-bottom: 0px;margin-top: 0px;border-width: 0px 0px 0px 0px;border-color:#eae9e9;border-style:solid;\" ><div class=\"fusion-builder-row fusion-row\"><div class=\"fusion-layout-column fusion_builder_column fusion-builder-column-1 fusion_builder_column_1_1 1_1 fusion-one-full fusion-column-first fusion-column-last\" style=\"margin-top:0px;margin-bottom:0px;\"><div class=\"fusion-column-wrapper fusion-flex-column-wrapper-legacy\" style=\"background-position:left top;background-repeat:no-repeat;-webkit-background-size:cover;-moz-background-size:cover;-o-background-size:cover;background-size:cover;padding: 0px 0px 0px 0px;\"><div class=\"fusion-clearfix\"><\/div><\/div><\/div><\/div><\/div><\/p>\n","protected":false},"excerpt":{"rendered":"<p>&nbsp;<\/p>\n<p>Die Thermoholz-Saunat\u00fcr ist die ideale Wahl f\u00fcr alle, die Wert auf Energieeinsparungen legen und dabei ein sch\u00f6nes Design genie\u00dfen m\u00f6chten. Die isolierte Doppelglast\u00fcr ist aus hochwertigem Thermoholz gefertigt, das gegen Feuchtigkeit und Temperaturschwankungen resistent ist, somit W\u00e4rmeverluste verhindert und zur Aufrechterhaltung einer optimalen Temperatur beitr\u00e4gt. Die Doppelverglasung verhindert zudem Kondenswasserbildung. Standardm\u00e4\u00dfig wird die T\u00fcr mit einer Schwelle geliefert. Das Produkt kann wie unten gezeigt zusammengebaut werden (im Kasten finden Sie die Standardwerte).<\/p>\n","protected":false},"featured_media":35213,"template":"","meta":[],"yoast_head":"<!-- This site is optimized with the Yoast SEO plugin v15.3 - https:\/\/yoast.com\/wordpress\/plugins\/seo\/ -->\n<title>Etna Black - Andres<\/title>\n<meta name=\"robots\" content=\"index, follow, max-snippet:-1, max-image-preview:large, max-video-preview:-1\" \/>\n<link rel=\"canonical\" href=\"https:\/\/andres.ee\/de\/produkte\/turen\/saunaturen\/etna-black\/\" \/>\n<meta property=\"og:locale\" content=\"de_DE\" \/>\n<meta property=\"og:type\" content=\"article\" \/>\n<meta property=\"og:title\" content=\"Etna Black - Andres\" \/>\n<meta property=\"og:description\" content=\"&nbsp;  Die Thermoholz-Saunat\u00fcr ist die ideale Wahl f\u00fcr alle, die Wert auf Energieeinsparungen legen und dabei ein sch\u00f6nes Design genie\u00dfen m\u00f6chten. Die isolierte Doppelglast\u00fcr ist aus hochwertigem Thermoholz gefertigt, das gegen Feuchtigkeit und Temperaturschwankungen resistent ist, somit W\u00e4rmeverluste verhindert und zur Aufrechterhaltung einer optimalen Temperatur beitr\u00e4gt. Die Doppelverglasung verhindert zudem Kondenswasserbildung. Standardm\u00e4\u00dfig wird die T\u00fcr mit einer Schwelle geliefert. Das Produkt kann wie unten gezeigt zusammengebaut werden (im Kasten finden Sie die Standardwerte).\" \/>\n<meta property=\"og:url\" content=\"https:\/\/andres.ee\/de\/produkte\/turen\/saunaturen\/etna-black\/\" \/>\n<meta property=\"og:site_name\" content=\"Andres\" \/>\n<meta property=\"article:modified_time\" content=\"2025-09-22T10:20:07+00:00\" \/>\n<meta property=\"og:image\" content=\"https:\/\/andres.ee\/wp-content\/uploads\/2025\/05\/Etna-Black_matted-grey-1-scaled.jpg\" \/>\n\t<meta property=\"og:image:width\" content=\"1707\" \/>\n\t<meta property=\"og:image:height\" content=\"2560\" \/>\n<meta name=\"twitter:card\" content=\"summary_large_image\" \/>\n<meta name=\"twitter:label1\" content=\"Verfasst von\">\n\t<meta name=\"twitter:data1\" content=\"Krislyn Lillev\u00e4li\">\n\t<meta name=\"twitter:label2\" content=\"Gesch\u00e4tzte Lesezeit\">\n\t<meta name=\"twitter:data2\" content=\"5 Minuten\">\n<script type=\"application\/ld+json\" class=\"yoast-schema-graph\">{\"@context\":\"https:\/\/schema.org\",\"@graph\":[{\"@type\":\"WebSite\",\"@id\":\"https:\/\/andres.ee\/et\/#website\",\"url\":\"https:\/\/andres.ee\/et\/\",\"name\":\"Andres\",\"description\":\"Glass Solutions\",\"potentialAction\":[{\"@type\":\"SearchAction\",\"target\":\"https:\/\/andres.ee\/et\/?s={search_term_string}\",\"query-input\":\"required name=search_term_string\"}],\"inLanguage\":\"de-DE\"},{\"@type\":\"ImageObject\",\"@id\":\"https:\/\/andres.ee\/de\/produkte\/turen\/saunaturen\/etna-black\/#primaryimage\",\"inLanguage\":\"de-DE\",\"url\":\"https:\/\/andres.ee\/wp-content\/uploads\/2025\/05\/Etna-Black_matted-grey-1-scaled.jpg\",\"width\":1707,\"height\":2560},{\"@type\":\"WebPage\",\"@id\":\"https:\/\/andres.ee\/de\/produkte\/turen\/saunaturen\/etna-black\/#webpage\",\"url\":\"https:\/\/andres.ee\/de\/produkte\/turen\/saunaturen\/etna-black\/\",\"name\":\"Etna Black - Andres\",\"isPartOf\":{\"@id\":\"https:\/\/andres.ee\/et\/#website\"},\"primaryImageOfPage\":{\"@id\":\"https:\/\/andres.ee\/de\/produkte\/turen\/saunaturen\/etna-black\/#primaryimage\"},\"datePublished\":\"2025-05-12T12:44:00+00:00\",\"dateModified\":\"2025-09-22T10:20:07+00:00\",\"inLanguage\":\"de-DE\",\"potentialAction\":[{\"@type\":\"ReadAction\",\"target\":[\"https:\/\/andres.ee\/de\/produkte\/turen\/saunaturen\/etna-black\/\"]}]}]}<\/script>\n<!-- \/ Yoast SEO plugin. -->","_links":{"self":[{"href":"https:\/\/andres.ee\/de\/wp-json\/wp\/v2\/product\/34945"}],"collection":[{"href":"https:\/\/andres.ee\/de\/wp-json\/wp\/v2\/product"}],"about":[{"href":"https:\/\/andres.ee\/de\/wp-json\/wp\/v2\/types\/product"}],"wp:featuredmedia":[{"embeddable":true,"href":"https:\/\/andres.ee\/de\/wp-json\/wp\/v2\/media\/35213"}],"wp:attachment":[{"href":"https:\/\/andres.ee\/de\/wp-json\/wp\/v2\/media?parent=34945"}],"curies":[{"name":"wp","href":"https:\/\/api.w.org\/{rel}","templated":true}]}}