{"id":32824,"date":"2024-04-03T10:10:17","date_gmt":"2024-04-03T07:10:17","guid":{"rendered":"https:\/\/andres.ee\/?post_type=product&#038;p=32824"},"modified":"2025-02-19T16:09:07","modified_gmt":"2025-02-19T14:09:07","slug":"moon","status":"publish","type":"product","link":"https:\/\/andres.ee\/de\/produkte\/spiegel-und-regale\/spiegel\/moon\/","title":{"rendered":"Moon"},"content":{"rendered":"<p><div class=\"fusion-fullwidth fullwidth-box fusion-builder-row-1 nonhundred-percent-fullwidth non-hundred-percent-height-scrolling\" style=\"background-color: rgba(255,255,255,0);background-position: center center;background-repeat: no-repeat;padding-top:0px;padding-right:0px;padding-bottom:0px;padding-left:0px;margin-bottom: 0px;margin-top: 0px;border-width: 0px 0px 0px 0px;border-color:#eae9e9;border-style:solid;\" ><div class=\"fusion-builder-row fusion-row\"><div class=\"fusion-layout-column fusion_builder_column fusion-builder-column-0 fusion_builder_column_1_1 1_1 fusion-one-full fusion-column-first fusion-column-last\" style=\"margin-top:0px;margin-bottom:0px;\"><div class=\"fusion-column-wrapper fusion-flex-column-wrapper-legacy\" style=\"background-position:left top;background-repeat:no-repeat;-webkit-background-size:cover;-moz-background-size:cover;-o-background-size:cover;background-size:cover;padding: 0px 0px 0px 0px;\"><div class=\"fusion-text fusion-text-1 fusion-animated\" data-animationType=\"fadeInLeft\" data-animationDuration=\"0.1\" data-animationOffset=\"100%\"><p>Das Spiegel-Set enth\u00e4lt alle notwendigen Befestigungen zum Aufh\u00e4ngen des Produkts.<\/p>\n<\/div><div class=\"fusion-button-wrapper\"><style type=\"text\/css\">.fusion-button.button-1 {border-radius:0px;}<\/style><a class=\"fusion-button button-flat fusion-button-default-size button-default button-1 fusion-button-default-span fusion-button-default-type fusion-animated\" data-animationType=\"fadeInLeft\" data-animationDuration=\"0.1\" data-animationOffset=\"100%\" target=\"_blank\" rel=\"noopener noreferrer\" href=\"https:\/\/andres.ee\/wp-content\/uploads\/2025\/02\/Installation-manual-for-mirror_EN.pdf \"><span class=\"fusion-button-text\">Installationsanleitung<\/span><\/a><\/div><div class=\"fusion-button-wrapper\"><style type=\"text\/css\">.fusion-button.button-2 {border-radius:0px;}<\/style><a class=\"fusion-button button-flat fusion-button-default-size button-default button-2 fusion-button-default-span fusion-button-default-type fusion-animated\" data-animationType=\"fadeInLeft\" data-animationDuration=\"1.0\" data-animationOffset=\"100%\" target=\"_blank\" rel=\"noopener noreferrer\" href=\"mailto:andres@andres.ee\"><span class=\"fusion-button-text\">Gro\u00dfeinkauf Anfrage<\/span><\/a><\/div><div class=\"fusion-clearfix\"><\/div><\/div><\/div><\/div><\/div><div class=\"fusion-fullwidth fullwidth-box fusion-builder-row-2 ariklient nonhundred-percent-fullwidth non-hundred-percent-height-scrolling\" style=\"background-color: rgba(255,255,255,0);background-position: center center;background-repeat: no-repeat;padding-top:0px;padding-right:0px;padding-bottom:0px;padding-left:0px;margin-bottom: 0px;margin-top: 0px;border-width: 0px 0px 0px 0px;border-color:#eae9e9;border-style:solid;\" ><div class=\"fusion-builder-row fusion-row\"><div class=\"fusion-layout-column fusion_builder_column fusion-builder-column-1 fusion_builder_column_1_1 1_1 fusion-one-full fusion-column-first fusion-column-last\" style=\"margin-top:0px;margin-bottom:0px;\"><div class=\"fusion-column-wrapper fusion-flex-column-wrapper-legacy\" style=\"background-position:left top;background-repeat:no-repeat;-webkit-background-size:cover;-moz-background-size:cover;-o-background-size:cover;background-size:cover;padding: 0px 0px 0px 0px;\"><div class=\"fusion-clearfix\"><\/div><\/div><\/div><\/div><\/div><\/p>\n","protected":false},"excerpt":{"rendered":"<p>&nbsp;<\/p>\n<p>Die gekr\u00fcmmte Form des Moon-Spiegels erinnert an den Mond und bringt ein einzigartiges und bezauberndes Gef\u00fchl in Ihr Zuhause. Der Spiegel eignet sich f\u00fcr die Verwendung in Innenr\u00e4umen.<\/p>\n","protected":false},"featured_media":32860,"template":"","meta":[],"yoast_head":"<!-- This site is optimized with the Yoast SEO plugin v15.3 - https:\/\/yoast.com\/wordpress\/plugins\/seo\/ -->\n<title>Moon - Andres<\/title>\n<meta name=\"robots\" content=\"index, follow, max-snippet:-1, max-image-preview:large, max-video-preview:-1\" \/>\n<link rel=\"canonical\" href=\"https:\/\/andres.ee\/de\/produkte\/spiegel-und-regale\/spiegel\/moon\/\" \/>\n<meta property=\"og:locale\" content=\"de_DE\" \/>\n<meta property=\"og:type\" content=\"article\" \/>\n<meta property=\"og:title\" content=\"Moon - Andres\" \/>\n<meta property=\"og:description\" content=\"&nbsp;  Die gekr\u00fcmmte Form des Moon-Spiegels erinnert an den Mond und bringt ein einzigartiges und bezauberndes Gef\u00fchl in Ihr Zuhause. Der Spiegel eignet sich f\u00fcr die Verwendung in Innenr\u00e4umen.\" \/>\n<meta property=\"og:url\" content=\"https:\/\/andres.ee\/de\/produkte\/spiegel-und-regale\/spiegel\/moon\/\" \/>\n<meta property=\"og:site_name\" content=\"Andres\" \/>\n<meta property=\"article:modified_time\" content=\"2025-02-19T14:09:07+00:00\" \/>\n<meta property=\"og:image\" content=\"https:\/\/andres.ee\/wp-content\/uploads\/2024\/04\/Moon-1200x1200-1.jpg\" \/>\n\t<meta property=\"og:image:width\" content=\"1200\" \/>\n\t<meta property=\"og:image:height\" content=\"1200\" \/>\n<meta name=\"twitter:card\" content=\"summary_large_image\" \/>\n<meta name=\"twitter:label1\" content=\"Verfasst von\">\n\t<meta name=\"twitter:data1\" content=\"Krislyn Lillev\u00e4li\">\n\t<meta name=\"twitter:label2\" content=\"Gesch\u00e4tzte Lesezeit\">\n\t<meta name=\"twitter:data2\" content=\"3 Minuten\">\n<script type=\"application\/ld+json\" class=\"yoast-schema-graph\">{\"@context\":\"https:\/\/schema.org\",\"@graph\":[{\"@type\":\"WebSite\",\"@id\":\"https:\/\/andres.ee\/et\/#website\",\"url\":\"https:\/\/andres.ee\/et\/\",\"name\":\"Andres\",\"description\":\"Glass Solutions\",\"potentialAction\":[{\"@type\":\"SearchAction\",\"target\":\"https:\/\/andres.ee\/et\/?s={search_term_string}\",\"query-input\":\"required name=search_term_string\"}],\"inLanguage\":\"de-DE\"},{\"@type\":\"ImageObject\",\"@id\":\"https:\/\/andres.ee\/de\/produkte\/spiegel-und-regale\/spiegel\/moon\/#primaryimage\",\"inLanguage\":\"de-DE\",\"url\":\"https:\/\/andres.ee\/wp-content\/uploads\/2024\/04\/Moon-1200x1200-1.jpg\",\"width\":1200,\"height\":1200},{\"@type\":\"WebPage\",\"@id\":\"https:\/\/andres.ee\/de\/produkte\/spiegel-und-regale\/spiegel\/moon\/#webpage\",\"url\":\"https:\/\/andres.ee\/de\/produkte\/spiegel-und-regale\/spiegel\/moon\/\",\"name\":\"Moon - Andres\",\"isPartOf\":{\"@id\":\"https:\/\/andres.ee\/et\/#website\"},\"primaryImageOfPage\":{\"@id\":\"https:\/\/andres.ee\/de\/produkte\/spiegel-und-regale\/spiegel\/moon\/#primaryimage\"},\"datePublished\":\"2024-04-03T07:10:17+00:00\",\"dateModified\":\"2025-02-19T14:09:07+00:00\",\"inLanguage\":\"de-DE\",\"potentialAction\":[{\"@type\":\"ReadAction\",\"target\":[\"https:\/\/andres.ee\/de\/produkte\/spiegel-und-regale\/spiegel\/moon\/\"]}]}]}<\/script>\n<!-- \/ Yoast SEO plugin. -->","_links":{"self":[{"href":"https:\/\/andres.ee\/de\/wp-json\/wp\/v2\/product\/32824"}],"collection":[{"href":"https:\/\/andres.ee\/de\/wp-json\/wp\/v2\/product"}],"about":[{"href":"https:\/\/andres.ee\/de\/wp-json\/wp\/v2\/types\/product"}],"wp:featuredmedia":[{"embeddable":true,"href":"https:\/\/andres.ee\/de\/wp-json\/wp\/v2\/media\/32860"}],"wp:attachment":[{"href":"https:\/\/andres.ee\/de\/wp-json\/wp\/v2\/media?parent=32824"}],"curies":[{"name":"wp","href":"https:\/\/api.w.org\/{rel}","templated":true}]}}