{"id":31334,"date":"2023-05-17T09:48:49","date_gmt":"2023-05-17T06:48:49","guid":{"rendered":"https:\/\/andres.ee\/?post_type=product&#038;p=31334"},"modified":"2025-09-22T13:23:33","modified_gmt":"2025-09-22T10:23:33","slug":"modern-black","status":"publish","type":"product","link":"https:\/\/andres.ee\/de\/produkte\/turen\/saunaturen\/modern-black\/","title":{"rendered":"Modern Black"},"content":{"rendered":"<p><div class=\"fusion-fullwidth fullwidth-box fusion-builder-row-1 nonhundred-percent-fullwidth non-hundred-percent-height-scrolling\" style=\"background-color: rgba(255,255,255,0);background-position: center center;background-repeat: no-repeat;padding-top:0px;padding-right:0px;padding-bottom:0px;padding-left:0px;margin-bottom: 0px;margin-top: 0px;border-width: 0px 0px 0px 0px;border-color:#eae9e9;border-style:solid;\" ><div class=\"fusion-builder-row fusion-row\"><div class=\"fusion-layout-column fusion_builder_column fusion-builder-column-0 fusion_builder_column_1_1 1_1 fusion-one-full fusion-column-first fusion-column-last\" style=\"margin-top:0px;margin-bottom:0px;\"><div class=\"fusion-column-wrapper fusion-flex-column-wrapper-legacy\" style=\"background-position:left top;background-repeat:no-repeat;-webkit-background-size:cover;-moz-background-size:cover;-o-background-size:cover;background-size:cover;padding: 0px 0px 0px 0px;\"><div class=\"fusion-text fusion-text-1\" style=\"transform:translate3d(0,0,0);\"><p>Die T\u00fcr besteht aus 8 mm dickem geh\u00e4rtetem Glas und 92 mm tiefen keilgezinkten Rahmen. Die T\u00fcr hat eine universelle H\u00e4ndigkeit und wird komplett ausgeliefert. Die Schwelle ist im Produktpaket enthalten.<\/p>\n<\/div><div class=\"fusion-button-wrapper\"><style type=\"text\/css\">.fusion-button.button-1 {border-radius:0px;}<\/style><a class=\"fusion-button button-flat fusion-button-default-size button-default button-1 fusion-button-default-span fusion-button-default-type\" target=\"_blank\" rel=\"noopener noreferrer\" href=\"https:\/\/andres.ee\/wp-content\/uploads\/2025\/02\/DE_Sauna_door_manualterms.pdf \"><span class=\"fusion-button-text\">Installationsanleitung<\/span><\/a><\/div><div class=\"fusion-button-wrapper\"><style type=\"text\/css\">.fusion-button.button-2 {border-radius:0px;}<\/style><a class=\"fusion-button button-flat fusion-button-default-size button-default button-2 fusion-button-default-span fusion-button-default-type\" target=\"_blank\" rel=\"noopener noreferrer\" href=\"https:\/\/youtu.be\/e8JYWFxANVY\"><span class=\"fusion-button-text\">Installationsvideo<\/span><\/a><\/div><div class=\"fusion-button-wrapper\"><style type=\"text\/css\">.fusion-button.button-3 {border-radius:0px;}<\/style><a class=\"fusion-button button-flat fusion-button-default-size button-default button-3 fusion-button-default-span fusion-button-default-type\" target=\"_blank\" rel=\"noopener noreferrer\" href=\"https:\/\/andres.ee\/wp-content\/uploads\/2025\/02\/Use_and_maintenance_instructions_DE.pdf\"><span class=\"fusion-button-text\">Wartungshandbuch<\/span><\/a><\/div><div class=\"fusion-button-wrapper\"><style type=\"text\/css\">.fusion-button.button-4 {border-radius:0px;}<\/style><a class=\"fusion-button button-flat fusion-button-default-size button-default button-4 fusion-button-default-span fusion-button-default-type\" target=\"_blank\" rel=\"noopener noreferrer\" href=\"https:\/\/andres.ee\/wp-content\/uploads\/2025\/09\/DE_AGS_door_sizes.pdf \"><span class=\"fusion-button-text\">Abmessungen von T\u00fcren<\/span><\/a><\/div><div class=\"fusion-clearfix\"><\/div><\/div><\/div><\/div><\/div><div class=\"fusion-fullwidth fullwidth-box fusion-builder-row-2 ariklient nonhundred-percent-fullwidth non-hundred-percent-height-scrolling\" style=\"background-color: rgba(255,255,255,0);background-position: center center;background-repeat: no-repeat;padding-top:0px;padding-right:0px;padding-bottom:0px;padding-left:0px;margin-bottom: 0px;margin-top: 0px;border-width: 0px 0px 0px 0px;border-color:#eae9e9;border-style:solid;\" ><div class=\"fusion-builder-row fusion-row\"><div class=\"fusion-layout-column fusion_builder_column fusion-builder-column-1 fusion_builder_column_1_1 1_1 fusion-one-full fusion-column-first fusion-column-last\" style=\"margin-top:0px;margin-bottom:0px;\"><div class=\"fusion-column-wrapper fusion-flex-column-wrapper-legacy\" style=\"background-position:left top;background-repeat:no-repeat;-webkit-background-size:cover;-moz-background-size:cover;-o-background-size:cover;background-size:cover;padding: 0px 0px 0px 0px;\"><div class=\"fusion-clearfix\"><\/div><\/div><\/div><\/div><\/div><\/p>\n","protected":false},"excerpt":{"rendered":"<p>&nbsp;<\/p>\n<p>Modern Black ist das Spitzenmodell einer Saunat\u00fcr mit modernem Design, hergestellt nach einer neuen Technologie. Zus\u00e4tzlich zu den kantigen Formen \u00fcberrascht Modern Black mit einem eleganten Magnetverschluss und einem innovativen Luftauslass, der einen maximal gesunden Luftaustausch in der Sauna gew\u00e4hrleistet. Diese T\u00fcr kann wie folgt zusammengebaut werden (im Kasten ist ein Standardwert angegeben).<\/p>\n","protected":false},"featured_media":31359,"template":"","meta":[],"yoast_head":"<!-- This site is optimized with the Yoast SEO plugin v15.3 - https:\/\/yoast.com\/wordpress\/plugins\/seo\/ -->\n<title>Modern Black - Andres<\/title>\n<meta name=\"robots\" content=\"index, follow, max-snippet:-1, max-image-preview:large, max-video-preview:-1\" \/>\n<link rel=\"canonical\" href=\"https:\/\/andres.ee\/de\/produkte\/turen\/saunaturen\/modern-black\/\" \/>\n<meta property=\"og:locale\" content=\"de_DE\" \/>\n<meta property=\"og:type\" content=\"article\" \/>\n<meta property=\"og:title\" content=\"Modern Black - Andres\" \/>\n<meta property=\"og:description\" content=\"&nbsp;  Modern Black ist das Spitzenmodell einer Saunat\u00fcr mit modernem Design, hergestellt nach einer neuen Technologie. Zus\u00e4tzlich zu den kantigen Formen \u00fcberrascht Modern Black mit einem eleganten Magnetverschluss und einem innovativen Luftauslass, der einen maximal gesunden Luftaustausch in der Sauna gew\u00e4hrleistet. Diese T\u00fcr kann wie folgt zusammengebaut werden (im Kasten ist ein Standardwert angegeben).\" \/>\n<meta property=\"og:url\" content=\"https:\/\/andres.ee\/de\/produkte\/turen\/saunaturen\/modern-black\/\" \/>\n<meta property=\"og:site_name\" content=\"Andres\" \/>\n<meta property=\"article:modified_time\" content=\"2025-09-22T10:23:33+00:00\" \/>\n<meta property=\"og:image\" content=\"https:\/\/andres.ee\/wp-content\/uploads\/2023\/05\/Modern_Black_laine-1.jpg\" \/>\n\t<meta property=\"og:image:width\" content=\"1200\" \/>\n\t<meta property=\"og:image:height\" content=\"1600\" \/>\n<meta name=\"twitter:card\" content=\"summary_large_image\" \/>\n<meta name=\"twitter:label1\" content=\"Verfasst von\">\n\t<meta name=\"twitter:data1\" content=\"Daniel\">\n\t<meta name=\"twitter:label2\" content=\"Gesch\u00e4tzte Lesezeit\">\n\t<meta name=\"twitter:data2\" content=\"4 Minuten\">\n<script type=\"application\/ld+json\" class=\"yoast-schema-graph\">{\"@context\":\"https:\/\/schema.org\",\"@graph\":[{\"@type\":\"WebSite\",\"@id\":\"https:\/\/andres.ee\/et\/#website\",\"url\":\"https:\/\/andres.ee\/et\/\",\"name\":\"Andres\",\"description\":\"Glass Solutions\",\"potentialAction\":[{\"@type\":\"SearchAction\",\"target\":\"https:\/\/andres.ee\/et\/?s={search_term_string}\",\"query-input\":\"required name=search_term_string\"}],\"inLanguage\":\"de-DE\"},{\"@type\":\"ImageObject\",\"@id\":\"https:\/\/andres.ee\/de\/produkte\/turen\/saunaturen\/modern-black\/#primaryimage\",\"inLanguage\":\"de-DE\",\"url\":\"https:\/\/andres.ee\/wp-content\/uploads\/2023\/05\/Modern_Black_laine-1.jpg\",\"width\":1200,\"height\":1600},{\"@type\":\"WebPage\",\"@id\":\"https:\/\/andres.ee\/de\/produkte\/turen\/saunaturen\/modern-black\/#webpage\",\"url\":\"https:\/\/andres.ee\/de\/produkte\/turen\/saunaturen\/modern-black\/\",\"name\":\"Modern Black - Andres\",\"isPartOf\":{\"@id\":\"https:\/\/andres.ee\/et\/#website\"},\"primaryImageOfPage\":{\"@id\":\"https:\/\/andres.ee\/de\/produkte\/turen\/saunaturen\/modern-black\/#primaryimage\"},\"datePublished\":\"2023-05-17T06:48:49+00:00\",\"dateModified\":\"2025-09-22T10:23:33+00:00\",\"inLanguage\":\"de-DE\",\"potentialAction\":[{\"@type\":\"ReadAction\",\"target\":[\"https:\/\/andres.ee\/de\/produkte\/turen\/saunaturen\/modern-black\/\"]}]}]}<\/script>\n<!-- \/ Yoast SEO plugin. -->","_links":{"self":[{"href":"https:\/\/andres.ee\/de\/wp-json\/wp\/v2\/product\/31334"}],"collection":[{"href":"https:\/\/andres.ee\/de\/wp-json\/wp\/v2\/product"}],"about":[{"href":"https:\/\/andres.ee\/de\/wp-json\/wp\/v2\/types\/product"}],"wp:featuredmedia":[{"embeddable":true,"href":"https:\/\/andres.ee\/de\/wp-json\/wp\/v2\/media\/31359"}],"wp:attachment":[{"href":"https:\/\/andres.ee\/de\/wp-json\/wp\/v2\/media?parent=31334"}],"curies":[{"name":"wp","href":"https:\/\/api.w.org\/{rel}","templated":true}]}}