{"id":29658,"date":"2020-09-08T14:49:45","date_gmt":"2020-09-08T11:49:45","guid":{"rendered":"https:\/\/andres.veebispetsid.com\/toode\/romeo-led-nb\/"},"modified":"2025-02-19T13:38:49","modified_gmt":"2025-02-19T11:38:49","slug":"romeo-led-nb","status":"publish","type":"product","link":"https:\/\/andres.ee\/de\/produkte\/spiegel-und-regale\/led_spiegel\/romeo-led-nb\/","title":{"rendered":"Romeo LED NB"},"content":{"rendered":"<p><div class=\"fusion-fullwidth fullwidth-box fusion-builder-row-1 nonhundred-percent-fullwidth non-hundred-percent-height-scrolling\" style=\"background-color: rgba(255,255,255,0);background-position: center center;background-repeat: no-repeat;padding-top:0px;padding-right:0px;padding-bottom:0px;padding-left:0px;margin-bottom: 0px;margin-top: 0px;border-width: 0px 0px 0px 0px;border-color:#eae9e9;border-style:solid;\" ><div class=\"fusion-builder-row fusion-row\"><div class=\"fusion-layout-column fusion_builder_column fusion-builder-column-0 fusion_builder_column_1_1 1_1 fusion-one-full fusion-column-first fusion-column-last\" style=\"margin-top:0px;margin-bottom:0px;\"><div class=\"fusion-column-wrapper fusion-flex-column-wrapper-legacy\" style=\"background-position:left top;background-repeat:no-repeat;-webkit-background-size:cover;-moz-background-size:cover;-o-background-size:cover;background-size:cover;padding: 0px 0px 0px 0px;\"><div class=\"fusion-button-wrapper\"><style type=\"text\/css\">.fusion-button.button-1 {border-radius:0px;}<\/style><a class=\"fusion-button button-flat fusion-button-default-size button-default button-1 fusion-button-default-span fusion-button-default-type fusion-animated\" data-animationType=\"fadeInLeft\" data-animationDuration=\"0.1\" data-animationOffset=\"100%\" target=\"_blank\" rel=\"noopener noreferrer\" href=\"https:\/\/andres.ee\/wp-content\/uploads\/2020\/06\/peegel2.mp4\"><span class=\"fusion-button-text\">Beispiel f\u00fcr den Betrieb eines Sensorschalters<\/span><\/a><\/div><div class=\"fusion-button-wrapper\"><style type=\"text\/css\">.fusion-button.button-2 {border-radius:0px;}<\/style><a class=\"fusion-button button-flat fusion-button-default-size button-default button-2 fusion-button-default-span fusion-button-default-type fusion-animated\" data-animationType=\"fadeInLeft\" data-animationDuration=\"0.3\" data-animationOffset=\"100%\" target=\"_blank\" rel=\"noopener noreferrer\" href=\"https:\/\/andres.ee\/wp-content\/uploads\/2025\/02\/Installation-manual-for-LED-mirror_EN-1.pdf \"><span class=\"fusion-button-text\">Installationsanleitung<\/span><\/a><\/div><div class=\"fusion-button-wrapper\"><style type=\"text\/css\">.fusion-button.button-3 {border-radius:0px;}<\/style><a class=\"fusion-button button-flat fusion-button-default-size button-default button-3 fusion-button-default-span fusion-button-default-type fusion-animated\" data-animationType=\"fadeInLeft\" data-animationDuration=\"1.0\" data-animationOffset=\"100%\" target=\"_self\" href=\"mailto:andres@andres.ee\"><span class=\"fusion-button-text\">Gro\u00dfeinkauf Anfrage<\/span><\/a><\/div><div class=\"fusion-clearfix\"><\/div><\/div><\/div><\/div><\/div><div class=\"fusion-fullwidth fullwidth-box fusion-builder-row-2 ariklient nonhundred-percent-fullwidth non-hundred-percent-height-scrolling\" style=\"background-color: rgba(255,255,255,0);background-position: center center;background-repeat: no-repeat;padding-top:0px;padding-right:0px;padding-bottom:0px;padding-left:0px;margin-bottom: 0px;margin-top: 0px;border-width: 0px 0px 0px 0px;border-color:#eae9e9;border-style:solid;\" ><div class=\"fusion-builder-row fusion-row\"><div class=\"fusion-layout-column fusion_builder_column fusion-builder-column-1 fusion_builder_column_1_1 1_1 fusion-one-full fusion-column-first fusion-column-last\" style=\"margin-top:0px;margin-bottom:0px;\"><div class=\"fusion-column-wrapper fusion-flex-column-wrapper-legacy\" style=\"background-position:left top;background-repeat:no-repeat;-webkit-background-size:cover;-moz-background-size:cover;-o-background-size:cover;background-size:cover;padding: 0px 0px 0px 0px;\"><div class=\"fusion-clearfix\"><\/div><\/div><\/div><\/div><\/div><\/p>\n","protected":false},"excerpt":{"rendered":"<p>&nbsp;<\/p>\n<p>Romeo LED NB ist ein hinterleuchteter Spiegel mit matten Kanten, der sowohl f\u00fcr den Einsatz in Innenr\u00e4umen als auch in Feuchtr\u00e4umen geeignet ist, mit Schutzart IP55 (ausgenommen das Produkt mit Sensorschalter).<\/p>\n","protected":false},"featured_media":30227,"template":"","meta":[],"yoast_head":"<!-- This site is optimized with the Yoast SEO plugin v15.3 - https:\/\/yoast.com\/wordpress\/plugins\/seo\/ -->\n<title>Romeo LED NB - Andres<\/title>\n<meta name=\"robots\" content=\"index, follow, max-snippet:-1, max-image-preview:large, max-video-preview:-1\" \/>\n<link rel=\"canonical\" href=\"https:\/\/andres.ee\/de\/produkte\/peeglid-ja-riiulid\/led_peeglid\/romeo-led-nb\/\" \/>\n<meta property=\"og:locale\" content=\"de_DE\" \/>\n<meta property=\"og:type\" content=\"article\" \/>\n<meta property=\"og:title\" content=\"Romeo LED NB - Andres\" \/>\n<meta property=\"og:description\" content=\"&nbsp;  Romeo LED NB ist ein hinterleuchteter Spiegel mit matten Kanten, der sowohl f\u00fcr den Einsatz in Innenr\u00e4umen als auch in Feuchtr\u00e4umen geeignet ist, mit Schutzart IP55 (ausgenommen das Produkt mit Sensorschalter).\" \/>\n<meta property=\"og:url\" content=\"https:\/\/andres.ee\/de\/produkte\/peeglid-ja-riiulid\/led_peeglid\/romeo-led-nb\/\" \/>\n<meta property=\"og:site_name\" content=\"Andres\" \/>\n<meta property=\"article:modified_time\" content=\"2025-02-19T11:38:49+00:00\" \/>\n<meta property=\"og:image\" content=\"https:\/\/andres.ee\/wp-content\/uploads\/2020\/09\/ROMEO-LED-NB.jpg\" \/>\n\t<meta property=\"og:image:width\" content=\"600\" \/>\n\t<meta property=\"og:image:height\" content=\"900\" \/>\n<meta name=\"twitter:card\" content=\"summary_large_image\" \/>\n<meta name=\"twitter:label1\" content=\"Verfasst von\">\n\t<meta name=\"twitter:data1\" content=\"Daniel\">\n\t<meta name=\"twitter:label2\" content=\"Gesch\u00e4tzte Lesezeit\">\n\t<meta name=\"twitter:data2\" content=\"3 Minuten\">\n<script type=\"application\/ld+json\" class=\"yoast-schema-graph\">{\"@context\":\"https:\/\/schema.org\",\"@graph\":[{\"@type\":\"WebSite\",\"@id\":\"https:\/\/andres.ee\/et\/#website\",\"url\":\"https:\/\/andres.ee\/et\/\",\"name\":\"Andres\",\"description\":\"Glass Solutions\",\"potentialAction\":[{\"@type\":\"SearchAction\",\"target\":\"https:\/\/andres.ee\/et\/?s={search_term_string}\",\"query-input\":\"required name=search_term_string\"}],\"inLanguage\":\"de-DE\"},{\"@type\":\"ImageObject\",\"@id\":\"https:\/\/andres.ee\/de\/produkte\/peeglid-ja-riiulid\/led_peeglid\/romeo-led-nb\/#primaryimage\",\"inLanguage\":\"de-DE\",\"url\":\"https:\/\/andres.ee\/wp-content\/uploads\/2020\/09\/ROMEO-LED-NB.jpg\",\"width\":600,\"height\":900},{\"@type\":\"WebPage\",\"@id\":\"https:\/\/andres.ee\/de\/produkte\/peeglid-ja-riiulid\/led_peeglid\/romeo-led-nb\/#webpage\",\"url\":\"https:\/\/andres.ee\/de\/produkte\/peeglid-ja-riiulid\/led_peeglid\/romeo-led-nb\/\",\"name\":\"Romeo LED NB - Andres\",\"isPartOf\":{\"@id\":\"https:\/\/andres.ee\/et\/#website\"},\"primaryImageOfPage\":{\"@id\":\"https:\/\/andres.ee\/de\/produkte\/peeglid-ja-riiulid\/led_peeglid\/romeo-led-nb\/#primaryimage\"},\"datePublished\":\"2020-09-08T11:49:45+00:00\",\"dateModified\":\"2025-02-19T11:38:49+00:00\",\"inLanguage\":\"de-DE\",\"potentialAction\":[{\"@type\":\"ReadAction\",\"target\":[\"https:\/\/andres.ee\/de\/produkte\/peeglid-ja-riiulid\/led_peeglid\/romeo-led-nb\/\"]}]}]}<\/script>\n<!-- \/ Yoast SEO plugin. -->","_links":{"self":[{"href":"https:\/\/andres.ee\/de\/wp-json\/wp\/v2\/product\/29658"}],"collection":[{"href":"https:\/\/andres.ee\/de\/wp-json\/wp\/v2\/product"}],"about":[{"href":"https:\/\/andres.ee\/de\/wp-json\/wp\/v2\/types\/product"}],"wp:featuredmedia":[{"embeddable":true,"href":"https:\/\/andres.ee\/de\/wp-json\/wp\/v2\/media\/30227"}],"wp:attachment":[{"href":"https:\/\/andres.ee\/de\/wp-json\/wp\/v2\/media?parent=29658"}],"curies":[{"name":"wp","href":"https:\/\/api.w.org\/{rel}","templated":true}]}}