{"id":22472,"date":"2020-03-02T17:35:15","date_gmt":"2020-03-02T15:35:15","guid":{"rendered":"https:\/\/andres.veebispetsid.com\/?page_id=22472"},"modified":"2021-04-29T09:09:09","modified_gmt":"2021-04-29T06:09:09","slug":"datenschutzerklaerung","status":"publish","type":"page","link":"https:\/\/andres.ee\/de\/datenschutzerklaerung\/","title":{"rendered":"Datenschutzerkl\u00e4rung"},"content":{"rendered":"<div class=\"fusion-fullwidth fullwidth-box fusion-builder-row-1 nonhundred-percent-fullwidth non-hundred-percent-height-scrolling\" style=\"background-color: rgba(255,255,255,0);background-position: center center;background-repeat: no-repeat;padding-top:0px;padding-right:0px;padding-bottom:0px;padding-left:0px;margin-bottom: 0px;margin-top: 0px;border-width: 0px 0px 0px 0px;border-color:#eae9e9;border-style:solid;\" ><div class=\"fusion-builder-row fusion-row\"><div class=\"fusion-layout-column fusion_builder_column fusion-builder-column-0 fusion_builder_column_1_1 1_1 fusion-one-full fusion-column-first fusion-column-last\" style=\"margin-top:0px;margin-bottom:0px;\"><div class=\"fusion-column-wrapper fusion-flex-column-wrapper-legacy\" style=\"background-position:left top;background-repeat:no-repeat;-webkit-background-size:cover;-moz-background-size:cover;-o-background-size:cover;background-size:cover;padding: 0px 0px 0px 0px;\"><div class=\"fusion-text fusion-text-1\" style=\"transform:translate3d(0,0,0);\"><h2>Was sind Cookies?<\/h2>\n<p>Cookies sind kleine Textdateien, die von besuchten Websites an das Ger\u00e4t des Benutzers gesendet werden. Cookies werden auf der Festplatte des Ger\u00e4ts im Dateiverzeichnis des Browsers gespeichert, mit dem die Seite besucht wurde.<br \/>\nCookies haben unterschiedliche Verfallszeiten. Die sogenannten Session-Cookies verfallen, sobald der Benutzer den Browser schlie\u00dft. Andere Cookies hingegen haben eine technische Funktion und werden f\u00fcr eine bestimmte Zeit aufbewahrt. Diese werden als persistente Cookies bezeichnet. Wenn eine Website mehrmals besucht wird, liest der Browser die noch gespeicherten Cookies aus und liefert Informationen an die Website oder das Element, das das Cookie urspr\u00fcnglich gesetzt hat.<\/p>\n<h2>Auf unserer Website verwendete Cookies<\/h2>\n<p><strong>Wesentliche Cookies<\/strong><br \/>\nDiese Cookies spielen eine wichtige Rolle f\u00fcr den Betrieb unserer Website. Dazu geh\u00f6ren zum Beispiel Cookies, die es Ihnen erm\u00f6glichen, auf die richtigen Seiten zu navigieren, wenn wir die Funktionsweise der Website aktualisieren.<\/p>\n<p><strong>Funktionalit\u00e4tscookies<\/strong><br \/>\nDiese Cookies sammeln Informationen dar\u00fcber, wie Besucher die Website nutzen. So k\u00f6nnen wir wissen, ob ein Fehler aufgetreten ist. Wir sammeln keine Informationen, die den Benutzer direkt identifizieren, sondern anonyme Daten. Wir verwenden diese Informationen nur, um die Website zu verbessern.<\/p>\n<h2>Wie l\u00f6scht man Cookies oder \u00e4ndert die Einstellungen?<\/h2>\n<p>M\u00f6chte ein Website-Besucher die Annahme und Speicherung von Cookies auf seinen Ger\u00e4ten einschr\u00e4nken oder verweigern bzw. bereits gespeicherte Cookies l\u00f6schen, so kann er dies in den Einstellungen seines Browsers tun.<\/p>\n<p>Der Browser kann so eingestellt werden, dass er alle Cookies akzeptiert, alle Cookies ablehnt oder Benachrichtigungen sendet, wenn ein Cookie heruntergeladen wird. Jeder Browser ist anders \u2013 wenn Sie nicht wissen, wie Sie Ihre Cookie-Einstellungen \u00e4ndern k\u00f6nnen, ist die unten verlinkte Anleitung zur Kontrolle und Verwendung von Cookies hilfreich. Das Betriebssystem Ihres Ger\u00e4ts verf\u00fcgt m\u00f6glicherweise \u00fcber separate Einstellungen zur Steuerung von Cookies. Wenn Sie nicht m\u00f6chten, dass Informationen von Cookies gesammelt werden, dann k\u00f6nnen Sie diese in Ihren Browsereinstellungen deaktivieren. Weitere Informationen zur Handhabung von Cookie finden Sie unter www.allaboutcookies.org\/manage-cookies.<\/p>\n<\/div><div class=\"fusion-clearfix\"><\/div><\/div><\/div><\/div><\/div>\n","protected":false},"excerpt":{"rendered":"","protected":false},"author":5,"featured_media":0,"parent":0,"menu_order":381,"comment_status":"closed","ping_status":"closed","template":"","meta":[],"yoast_head":"<!-- This site is optimized with the Yoast SEO plugin v15.3 - https:\/\/yoast.com\/wordpress\/plugins\/seo\/ -->\n<title>Datenschutzerkl\u00e4rung - Andres<\/title>\n<meta name=\"robots\" content=\"index, follow, max-snippet:-1, max-image-preview:large, max-video-preview:-1\" \/>\n<link rel=\"canonical\" href=\"https:\/\/andres.ee\/de\/datenschutzerklaerung\/\" \/>\n<meta property=\"og:locale\" content=\"de_DE\" \/>\n<meta property=\"og:type\" content=\"article\" \/>\n<meta property=\"og:title\" content=\"Datenschutzerkl\u00e4rung - Andres\" \/>\n<meta property=\"og:url\" content=\"https:\/\/andres.ee\/de\/datenschutzerklaerung\/\" \/>\n<meta property=\"og:site_name\" content=\"Andres\" \/>\n<meta property=\"article:modified_time\" content=\"2021-04-29T06:09:09+00:00\" \/>\n<meta name=\"twitter:card\" content=\"summary_large_image\" \/>\n<meta name=\"twitter:label1\" content=\"Verfasst von\">\n\t<meta name=\"twitter:data1\" content=\"Daniel\">\n\t<meta name=\"twitter:label2\" content=\"Gesch\u00e4tzte Lesezeit\">\n\t<meta name=\"twitter:data2\" content=\"2 Minuten\">\n<script type=\"application\/ld+json\" class=\"yoast-schema-graph\">{\"@context\":\"https:\/\/schema.org\",\"@graph\":[{\"@type\":\"WebSite\",\"@id\":\"https:\/\/andres.ee\/et\/#website\",\"url\":\"https:\/\/andres.ee\/et\/\",\"name\":\"Andres\",\"description\":\"Glass Solutions\",\"potentialAction\":[{\"@type\":\"SearchAction\",\"target\":\"https:\/\/andres.ee\/et\/?s={search_term_string}\",\"query-input\":\"required name=search_term_string\"}],\"inLanguage\":\"de-DE\"},{\"@type\":\"WebPage\",\"@id\":\"https:\/\/andres.ee\/de\/datenschutzerklaerung\/#webpage\",\"url\":\"https:\/\/andres.ee\/de\/datenschutzerklaerung\/\",\"name\":\"Datenschutzerkl\\u00e4rung - Andres\",\"isPartOf\":{\"@id\":\"https:\/\/andres.ee\/et\/#website\"},\"datePublished\":\"2020-03-02T15:35:15+00:00\",\"dateModified\":\"2021-04-29T06:09:09+00:00\",\"inLanguage\":\"de-DE\",\"potentialAction\":[{\"@type\":\"ReadAction\",\"target\":[\"https:\/\/andres.ee\/de\/datenschutzerklaerung\/\"]}]}]}<\/script>\n<!-- \/ Yoast SEO plugin. -->","_links":{"self":[{"href":"https:\/\/andres.ee\/de\/wp-json\/wp\/v2\/pages\/22472"}],"collection":[{"href":"https:\/\/andres.ee\/de\/wp-json\/wp\/v2\/pages"}],"about":[{"href":"https:\/\/andres.ee\/de\/wp-json\/wp\/v2\/types\/page"}],"author":[{"embeddable":true,"href":"https:\/\/andres.ee\/de\/wp-json\/wp\/v2\/users\/5"}],"replies":[{"embeddable":true,"href":"https:\/\/andres.ee\/de\/wp-json\/wp\/v2\/comments?post=22472"}],"version-history":[{"count":2,"href":"https:\/\/andres.ee\/de\/wp-json\/wp\/v2\/pages\/22472\/revisions"}],"predecessor-version":[{"id":30789,"href":"https:\/\/andres.ee\/de\/wp-json\/wp\/v2\/pages\/22472\/revisions\/30789"}],"wp:attachment":[{"href":"https:\/\/andres.ee\/de\/wp-json\/wp\/v2\/media?parent=22472"}],"curies":[{"name":"wp","href":"https:\/\/api.w.org\/{rel}","templated":true}]}}