{"id":21944,"date":"2020-02-29T20:23:38","date_gmt":"2020-02-29T18:23:38","guid":{"rendered":"https:\/\/andres.veebispetsid.com\/?page_id=21944"},"modified":"2020-12-22T10:55:32","modified_gmt":"2020-12-22T08:55:32","slug":"faq","status":"publish","type":"page","link":"https:\/\/andres.ee\/de\/faq\/","title":{"rendered":"FAQ"},"content":{"rendered":"<p><div class=\"fusion-fullwidth fullwidth-box fusion-builder-row-1 nonhundred-percent-fullwidth non-hundred-percent-height-scrolling\" style=\"background-color: rgba(255,255,255,0);background-position: center center;background-repeat: no-repeat;padding-top:0px;padding-right:0px;padding-bottom:0px;padding-left:0px;margin-bottom: 50px;margin-top: 0px;border-width: 0px 0px 0px 0px;border-color:#eae9e9;border-style:solid;\" ><div class=\"fusion-builder-row fusion-row\"><div class=\"fusion-layout-column fusion_builder_column fusion-builder-column-0 fusion_builder_column_1_1 1_1 fusion-one-full fusion-column-first fusion-column-last\" style=\"margin-top:0px;margin-bottom:0px;\"><div class=\"fusion-column-wrapper fusion-flex-column-wrapper-legacy\" style=\"background-position:left top;background-repeat:no-repeat;-webkit-background-size:cover;-moz-background-size:cover;-o-background-size:cover;background-size:cover;padding: 0px 0px 0px 0px;\"><style type=\"text\/css\">.fusion-accordian #accordian-1 .panel-title a .fa-fusion-box:before{ font-size: 20px;}.fusion-accordian #accordian-1 .panel-title a .fa-fusion-box{ color: #ffffff;}.fusion-accordian #accordian-1 .panel-title a{font-size:23px;}.fusion-accordian #accordian-1 .fa-fusion-box { background-color: #333333;border-color: #333333;}.fusion-accordian #accordian-1 .panel-title a:hover,.fusion-accordian #accordian-1 .panel-title a.hover { color: #553325;}.fusion-faq-shortcode .fusion-accordian #accordian-1 .fusion-toggle-boxed-mode:hover .panel-title a { color: #553325;}.fusion-accordian #accordian-1 .panel-title .active .fa-fusion-box,.fusion-accordian #accordian-1 .panel-title a:hover .fa-fusion-box,.fusion-accordian #accordian-1 .panel-title a.hover .fa-fusion-box { background-color: #553325!important;border-color: #553325!important;}<\/style><div class=\"fusion-faq-shortcode\"><div class=\"fusion-faqs-wrapper\"><div class=\"accordian fusion-accordian\"><div class=\"panel-group \" id=\"accordian-1\"><div class=\"fusion-panel panel-default fusion-faq-post fusion-faq-post-29933 \"><span class=\"entry-title rich-snippet-hidden\">Wie dick ist das Glas, aus dem die Produkte von Andres angefertigt werden?<\/span><span class=\"vcard rich-snippet-hidden\"><span class=\"fn\"><a href=\"https:\/\/andres.ee\/de\/author\/andres\/\" title=\"Beitr\u00e4ge von Daniel\" rel=\"author\">Daniel<\/a><\/span><\/span><span class=\"updated rich-snippet-hidden\">2021-01-19T11:36:33+02:00<\/span><div class=\"panel-heading\"><h4 class=\"panel-title toggle\"><a data-toggle=\"collapse\" class=\"collapsed\" data-parent=\"#accordian-1\" data-target=\"#collapse-1-29933\" href=\"#collapse-1-29933\"><div class=\"fusion-toggle-icon-wrapper\"><div class=\"fusion-toggle-icon-wrapper-main\"><div class=\"fusion-toggle-icon-wrapper-sub\"><i class=\"fa-fusion-box\" aria-hidden=\"true\"><\/i><\/div><\/div><\/div><div class=\"fusion-toggle-heading\">Wie dick ist das Glas, aus dem die Produkte von Andres angefertigt werden?<\/div><\/a><\/h4><\/div><div id=\"collapse-1-29933\" class=\"panel-collapse collapse\"><div class=\"panel-body toggle-content post-content\"><p>Standardm\u00e4\u00dfig werden alle Produkte aus 8 mm geh\u00e4rtetem Glas angefertigt. Eine Ausnahme bilden nur Duscht\u00fcren, die aus 6 mm geh\u00e4rtetem Glas angefertigt sind.<\/p>\n<\/div><\/div><\/div><div class=\"fusion-panel panel-default fusion-faq-post fusion-faq-post-29938 \"><span class=\"entry-title rich-snippet-hidden\">Welche sind die genauen Au\u00dfenabmessungen der T\u00fcren von Andres und welche sind die entsprechenden Glasabmessungen?<\/span><span class=\"vcard rich-snippet-hidden\"><span class=\"fn\"><a href=\"https:\/\/andres.ee\/de\/author\/andres\/\" title=\"Beitr\u00e4ge von Daniel\" rel=\"author\">Daniel<\/a><\/span><\/span><span class=\"updated rich-snippet-hidden\">2025-08-26T09:08:52+03:00<\/span><div class=\"panel-heading\"><h4 class=\"panel-title toggle\"><a data-toggle=\"collapse\" class=\"collapsed\" data-parent=\"#accordian-1\" data-target=\"#collapse-1-29938\" href=\"#collapse-1-29938\"><div class=\"fusion-toggle-icon-wrapper\"><div class=\"fusion-toggle-icon-wrapper-main\"><div class=\"fusion-toggle-icon-wrapper-sub\"><i class=\"fa-fusion-box\" aria-hidden=\"true\"><\/i><\/div><\/div><\/div><div class=\"fusion-toggle-heading\">Welche sind die genauen Au\u00dfenabmessungen der T\u00fcren von Andres und welche sind die entsprechenden Glasabmessungen?<\/div><\/a><\/h4><\/div><div id=\"collapse-1-29938\" class=\"panel-collapse collapse\"><div class=\"panel-body toggle-content post-content\"><div class=\"fusion-fullwidth fullwidth-box fusion-builder-row-1-1 nonhundred-percent-fullwidth non-hundred-percent-height-scrolling\" style=\"background-color: rgba(255,255,255,0);background-position: center center;background-repeat: no-repeat;padding-top:0px;padding-right:0px;padding-bottom:0px;padding-left:0px;margin-bottom: 0px;margin-top: 0px;border-width: 0px 0px 0px 0px;border-color:#eae9e9;border-style:solid;\" ><div class=\"fusion-builder-row fusion-row\"><div class=\"fusion-layout-column fusion_builder_column fusion-builder-column-1 fusion_builder_column_1_1 1_1 fusion-one-full fusion-column-first fusion-column-last\" style=\"margin-top:0px;margin-bottom:0px;\"><div class=\"fusion-column-wrapper fusion-flex-column-wrapper-legacy\" style=\"background-position:left top;background-repeat:no-repeat;-webkit-background-size:cover;-moz-background-size:cover;-o-background-size:cover;background-size:cover;padding: 0px 0px 0px 0px;\"><div class=\"fusion-text fusion-text-1\" style=\"transform:translate3d(0,0,0);\"><p>Die genauen Abmessungen der T\u00fcren finden Sie hier:<\/p>\n<\/div><div class=\"fusion-button-wrapper\"><style type=\"text\/css\">.fusion-button.button-1 {border-radius:0px;}<\/style><a class=\"fusion-button button-flat fusion-button-default-size button-default button-1 fusion-button-default-span fusion-button-default-type\" target=\"_blank\" rel=\"noopener noreferrer\" href=\"https:\/\/andres.ee\/wp-content\/uploads\/2025\/08\/EN_doors_sizes.pdf \"><span class=\"fusion-button-text\">Abmessungen von Andres T\u00fcren<\/span><\/a><\/div><div class=\"fusion-clearfix\"><\/div><\/div><\/div><\/div><\/div>\n<\/div><\/div><\/div><div class=\"fusion-panel panel-default fusion-faq-post fusion-faq-post-29947 \"><span class=\"entry-title rich-snippet-hidden\">Welche sind die Abmessungen der aus Holz und aus Aluminium angefertigten T\u00fcrzargen?<\/span><span class=\"vcard rich-snippet-hidden\"><span class=\"fn\"><a href=\"https:\/\/andres.ee\/de\/author\/andres\/\" title=\"Beitr\u00e4ge von Daniel\" rel=\"author\">Daniel<\/a><\/span><\/span><span class=\"updated rich-snippet-hidden\">2021-01-19T12:37:34+02:00<\/span><div class=\"panel-heading\"><h4 class=\"panel-title toggle\"><a data-toggle=\"collapse\" class=\"collapsed\" data-parent=\"#accordian-1\" data-target=\"#collapse-1-29947\" href=\"#collapse-1-29947\"><div class=\"fusion-toggle-icon-wrapper\"><div class=\"fusion-toggle-icon-wrapper-main\"><div class=\"fusion-toggle-icon-wrapper-sub\"><i class=\"fa-fusion-box\" aria-hidden=\"true\"><\/i><\/div><\/div><\/div><div class=\"fusion-toggle-heading\">Welche sind die Abmessungen der aus Holz und aus Aluminium angefertigten T\u00fcrzargen?<\/div><\/a><\/h4><\/div><div id=\"collapse-1-29947\" class=\"panel-collapse collapse\"><div class=\"panel-body toggle-content post-content\"><ul>\n<li>Die Breite der <strong>Holzzargen<\/strong> betr\u00e4gt 42 mm und die Tiefe 92 mm (bei der Saunat\u00fcr Raiser-68 aber entsprechend 42&#215;68 mm).<\/li>\n<li>Die Abmessungen der<strong> Aluminiumzargen<\/strong> sind entsprechend 43&#215;50 mm.<\/li>\n<\/ul>\n<\/div><\/div><\/div><div class=\"fusion-panel panel-default fusion-faq-post fusion-faq-post-29952 \"><span class=\"entry-title rich-snippet-hidden\">Sind die Andres T\u00fcren rechts- oder linksh\u00e4ndig und soll man beim Bestellen der T\u00fcr die H\u00e4ndigkeit unbedingt angeben?<\/span><span class=\"vcard rich-snippet-hidden\"><span class=\"fn\"><a href=\"https:\/\/andres.ee\/de\/author\/andres\/\" title=\"Beitr\u00e4ge von Daniel\" rel=\"author\">Daniel<\/a><\/span><\/span><span class=\"updated rich-snippet-hidden\">2021-01-19T12:40:12+02:00<\/span><div class=\"panel-heading\"><h4 class=\"panel-title toggle\"><a data-toggle=\"collapse\" class=\"collapsed\" data-parent=\"#accordian-1\" data-target=\"#collapse-1-29952\" href=\"#collapse-1-29952\"><div class=\"fusion-toggle-icon-wrapper\"><div class=\"fusion-toggle-icon-wrapper-main\"><div class=\"fusion-toggle-icon-wrapper-sub\"><i class=\"fa-fusion-box\" aria-hidden=\"true\"><\/i><\/div><\/div><\/div><div class=\"fusion-toggle-heading\">Sind die Andres T\u00fcren rechts- oder linksh\u00e4ndig und soll man beim Bestellen der T\u00fcr die H\u00e4ndigkeit unbedingt angeben?<\/div><\/a><\/h4><\/div><div id=\"collapse-1-29952\" class=\"panel-collapse collapse\"><div class=\"panel-body toggle-content post-content\"><p>Standardm\u00e4\u00dfig werden alle T\u00fcren rechtsh\u00e4ndig angefertigt (die Scharniere befinden sich an der rechten Seite), aber die Mehrheit der Andres T\u00fcren mit Standardabmessungen* ist universell. Universalit\u00e4t bedeutet aber, dass sich die H\u00e4ndigkeit leicht vom jeweiligen Benutzer ver\u00e4ndern l\u00e4sst. Um die H\u00e4ndigkeit zu \u00e4ndern, muss nur die Oberzarge von einem Ende der Zarge zum anderen befestigt werden. Wenn Sie die H\u00e4ndigkeit der T\u00fcr schon beim Bestellen angeben, wird die T\u00fcr nach Ihren W\u00fcnschen fertig gestellt.<\/p>\n<\/div><\/div><\/div><div class=\"fusion-panel panel-default fusion-faq-post fusion-faq-post-29957 \"><span class=\"entry-title rich-snippet-hidden\">Um wie viel ist das Glas der T\u00fcr k\u00fcrzer als die Zarge?<\/span><span class=\"vcard rich-snippet-hidden\"><span class=\"fn\"><a href=\"https:\/\/andres.ee\/de\/author\/andres\/\" title=\"Beitr\u00e4ge von Daniel\" rel=\"author\">Daniel<\/a><\/span><\/span><span class=\"updated rich-snippet-hidden\">2021-01-19T12:43:28+02:00<\/span><div class=\"panel-heading\"><h4 class=\"panel-title toggle\"><a data-toggle=\"collapse\" class=\"collapsed\" data-parent=\"#accordian-1\" data-target=\"#collapse-1-29957\" href=\"#collapse-1-29957\"><div class=\"fusion-toggle-icon-wrapper\"><div class=\"fusion-toggle-icon-wrapper-main\"><div class=\"fusion-toggle-icon-wrapper-sub\"><i class=\"fa-fusion-box\" aria-hidden=\"true\"><\/i><\/div><\/div><\/div><div class=\"fusion-toggle-heading\">Um wie viel ist das Glas der T\u00fcr k\u00fcrzer als die Zarge?<\/div><\/a><\/h4><\/div><div id=\"collapse-1-29957\" class=\"panel-collapse collapse\"><div class=\"panel-body toggle-content post-content\"><p>Bei den Saunat\u00fcren ist das Glas 21 mm k\u00fcrzer als die Zarge (bei der Reiser-68 T\u00fcr 3 mm), bei Dampfsaunat\u00fcren um 30 mm und bei Innent\u00fcren um 5 mm k\u00fcrzer. Bei Glasl\u00f6sungen lassen wir unter der T\u00fcr (zwischen den Fu\u00dfboden und der T\u00fcr) standardm\u00e4\u00dfig als Luftspalt 50 mm frei.<\/p>\n<\/div><\/div><\/div><div class=\"fusion-panel panel-default fusion-faq-post fusion-faq-post-29965 \"><span class=\"entry-title rich-snippet-hidden\">Ist es m\u00f6glich, Glasl\u00f6sungen oder T\u00fcren ohne Zargen f\u00fcr Dampfsaunas zu bestellen?<\/span><span class=\"vcard rich-snippet-hidden\"><span class=\"fn\"><a href=\"https:\/\/andres.ee\/de\/author\/andres\/\" title=\"Beitr\u00e4ge von Daniel\" rel=\"author\">Daniel<\/a><\/span><\/span><span class=\"updated rich-snippet-hidden\">2021-01-19T12:50:15+02:00<\/span><div class=\"panel-heading\"><h4 class=\"panel-title toggle\"><a data-toggle=\"collapse\" class=\"collapsed\" data-parent=\"#accordian-1\" data-target=\"#collapse-1-29965\" href=\"#collapse-1-29965\"><div class=\"fusion-toggle-icon-wrapper\"><div class=\"fusion-toggle-icon-wrapper-main\"><div class=\"fusion-toggle-icon-wrapper-sub\"><i class=\"fa-fusion-box\" aria-hidden=\"true\"><\/i><\/div><\/div><\/div><div class=\"fusion-toggle-heading\">Ist es m\u00f6glich, Glasl\u00f6sungen oder T\u00fcren ohne Zargen f\u00fcr Dampfsaunas zu bestellen?<\/div><\/a><\/h4><\/div><div id=\"collapse-1-29965\" class=\"panel-collapse collapse\"><div class=\"panel-body toggle-content post-content\"><p>Aber nat\u00fcrlich! In diesem Fall bekommen Sie mit der Lieferung zus\u00e4tzliche Dichtungen, die den Dampf in der Sauna halten.<\/p>\n<\/div><\/div><\/div><div class=\"fusion-panel panel-default fusion-faq-post fusion-faq-post-29970 \"><span class=\"entry-title rich-snippet-hidden\">Ist es m\u00f6glich, die Produkte von Andres auch auf den Mischpaletten zu liefern (Saunat\u00fcren, Dampfsaunat\u00fcren, Glasl\u00f6sungen \u2013 alles auf einer Palette)?<\/span><span class=\"vcard rich-snippet-hidden\"><span class=\"fn\"><a href=\"https:\/\/andres.ee\/de\/author\/andres\/\" title=\"Beitr\u00e4ge von Daniel\" rel=\"author\">Daniel<\/a><\/span><\/span><span class=\"updated rich-snippet-hidden\">2021-01-19T12:55:46+02:00<\/span><div class=\"panel-heading\"><h4 class=\"panel-title toggle\"><a data-toggle=\"collapse\" class=\"collapsed\" data-parent=\"#accordian-1\" data-target=\"#collapse-1-29970\" href=\"#collapse-1-29970\"><div class=\"fusion-toggle-icon-wrapper\"><div class=\"fusion-toggle-icon-wrapper-main\"><div class=\"fusion-toggle-icon-wrapper-sub\"><i class=\"fa-fusion-box\" aria-hidden=\"true\"><\/i><\/div><\/div><\/div><div class=\"fusion-toggle-heading\">Ist es m\u00f6glich, die Produkte von Andres auch auf den Mischpaletten zu liefern (Saunat\u00fcren, Dampfsaunat\u00fcren, Glasl\u00f6sungen \u2013 alles auf einer Palette)?<\/div><\/a><\/h4><\/div><div id=\"collapse-1-29970\" class=\"panel-collapse collapse\"><div class=\"panel-body toggle-content post-content\"><p>Aber nat\u00fcrlich! Je nach Gr\u00f6\u00dfe und Gewicht der bestellten Glasl\u00f6sungen und T\u00fcren ist es m\u00f6glich, unsere Produkte auch auf Mischpaletten zu liefern. Zum Beispiel: eine Palette kann insgesamt 18 bis 20 Packungen aufnehmen, so kann man auf eine Palette 15 bis 17 T\u00fcren und eine Glasl\u00f6sung verpacken.<\/p>\n<\/div><\/div><\/div><div class=\"fusion-panel panel-default fusion-faq-post fusion-faq-post-29974 \"><span class=\"entry-title rich-snippet-hidden\">Kann man die T\u00fcr mit der Schwelle bestellen?<\/span><span class=\"vcard rich-snippet-hidden\"><span class=\"fn\"><a href=\"https:\/\/andres.ee\/de\/author\/andres\/\" title=\"Beitr\u00e4ge von Daniel\" rel=\"author\">Daniel<\/a><\/span><\/span><span class=\"updated rich-snippet-hidden\">2021-01-19T12:59:17+02:00<\/span><div class=\"panel-heading\"><h4 class=\"panel-title toggle\"><a data-toggle=\"collapse\" class=\"collapsed\" data-parent=\"#accordian-1\" data-target=\"#collapse-1-29974\" href=\"#collapse-1-29974\"><div class=\"fusion-toggle-icon-wrapper\"><div class=\"fusion-toggle-icon-wrapper-main\"><div class=\"fusion-toggle-icon-wrapper-sub\"><i class=\"fa-fusion-box\" aria-hidden=\"true\"><\/i><\/div><\/div><\/div><div class=\"fusion-toggle-heading\">Kann man die T\u00fcr mit der Schwelle bestellen?<\/div><\/a><\/h4><\/div><div id=\"collapse-1-29974\" class=\"panel-collapse collapse\"><div class=\"panel-body toggle-content post-content\"><p>Ja, nat\u00fcrlich! Vor dem Bestellen fragen Sie bitte unseren H\u00e4ndler um den genauen Preis der T\u00fcrschwelle.<\/p>\n<\/div><\/div><\/div><div class=\"fusion-panel panel-default fusion-faq-post fusion-faq-post-29980 \"><span class=\"entry-title rich-snippet-hidden\">Kann das Walzenschloss das Glas zerkratzen?<\/span><span class=\"vcard rich-snippet-hidden\"><span class=\"fn\"><a href=\"https:\/\/andres.ee\/de\/author\/andres\/\" title=\"Beitr\u00e4ge von Daniel\" rel=\"author\">Daniel<\/a><\/span><\/span><span class=\"updated rich-snippet-hidden\">2021-01-19T13:03:07+02:00<\/span><div class=\"panel-heading\"><h4 class=\"panel-title toggle\"><a data-toggle=\"collapse\" class=\"collapsed\" data-parent=\"#accordian-1\" data-target=\"#collapse-1-29980\" href=\"#collapse-1-29980\"><div class=\"fusion-toggle-icon-wrapper\"><div class=\"fusion-toggle-icon-wrapper-main\"><div class=\"fusion-toggle-icon-wrapper-sub\"><i class=\"fa-fusion-box\" aria-hidden=\"true\"><\/i><\/div><\/div><\/div><div class=\"fusion-toggle-heading\">Kann das Walzenschloss das Glas zerkratzen?<\/div><\/a><\/h4><\/div><div id=\"collapse-1-29980\" class=\"panel-collapse collapse\"><div class=\"panel-body toggle-content post-content\"><p>Nein. Andres verwendet hochwertige Rollschl\u00f6sser, deren Walzen aus Plastik hergestellt sind und das Glas nicht zerkratzen.<\/p>\n<\/div><\/div><\/div><div class=\"fusion-panel panel-default fusion-faq-post fusion-faq-post-29985 \"><span class=\"entry-title rich-snippet-hidden\">Wie lange ist eine T\u00fcr funktionst\u00fcchtig?<\/span><span class=\"vcard rich-snippet-hidden\"><span class=\"fn\"><a href=\"https:\/\/andres.ee\/de\/author\/andres\/\" title=\"Beitr\u00e4ge von Daniel\" rel=\"author\">Daniel<\/a><\/span><\/span><span class=\"updated rich-snippet-hidden\">2025-10-07T15:34:40+03:00<\/span><div class=\"panel-heading\"><h4 class=\"panel-title toggle\"><a data-toggle=\"collapse\" class=\"collapsed\" data-parent=\"#accordian-1\" data-target=\"#collapse-1-29985\" href=\"#collapse-1-29985\"><div class=\"fusion-toggle-icon-wrapper\"><div class=\"fusion-toggle-icon-wrapper-main\"><div class=\"fusion-toggle-icon-wrapper-sub\"><i class=\"fa-fusion-box\" aria-hidden=\"true\"><\/i><\/div><\/div><\/div><div class=\"fusion-toggle-heading\">Wie lange ist eine T\u00fcr funktionst\u00fcchtig?<\/div><\/a><\/h4><\/div><div id=\"collapse-1-29985\" class=\"panel-collapse collapse\"><div class=\"panel-body toggle-content post-content\"><p>Wenn die T\u00fcr (<a href=\"https:\/\/andres.ee\/wp-content\/uploads\/2025\/02\/DE_Sauna_door_manualterms.pdf\">nach Bedienungsanleitung<\/a>) installiert und ordnungsgem\u00e4\u00df gewartet wird (<a href=\"https:\/\/andres.ee\/wp-content\/uploads\/2025\/02\/Use_and_maintenance_instructions_DE.pdf\">nach Bedienungsanleitung<\/a>), bleibt sie lange funktionsf\u00e4hig und langlebig.<\/p>\n<\/div><\/div><\/div><div class=\"fusion-panel panel-default fusion-faq-post fusion-faq-post-29994 \"><span class=\"entry-title rich-snippet-hidden\">Warum haben die Scharniere AU Premium und Lux drei Montage\u00f6ffnungen, jedoch ist das Glas mit einem Bolzen an das Scharnier gefestigt?<\/span><span class=\"vcard rich-snippet-hidden\"><span class=\"fn\"><a href=\"https:\/\/andres.ee\/de\/author\/andres\/\" title=\"Beitr\u00e4ge von Daniel\" rel=\"author\">Daniel<\/a><\/span><\/span><span class=\"updated rich-snippet-hidden\">2021-01-19T13:11:56+02:00<\/span><div class=\"panel-heading\"><h4 class=\"panel-title toggle\"><a data-toggle=\"collapse\" class=\"collapsed\" data-parent=\"#accordian-1\" data-target=\"#collapse-1-29994\" href=\"#collapse-1-29994\"><div class=\"fusion-toggle-icon-wrapper\"><div class=\"fusion-toggle-icon-wrapper-main\"><div class=\"fusion-toggle-icon-wrapper-sub\"><i class=\"fa-fusion-box\" aria-hidden=\"true\"><\/i><\/div><\/div><\/div><div class=\"fusion-toggle-heading\">Warum haben die Scharniere AU Premium und Lux drei Montage\u00f6ffnungen, jedoch ist das Glas mit einem Bolzen an das Scharnier gefestigt?<\/div><\/a><\/h4><\/div><div id=\"collapse-1-29994\" class=\"panel-collapse collapse\"><div class=\"panel-body toggle-content post-content\"><p>Die Scharniere AU Premium und Lux sind universell und eignen sich f\u00fcr unterschiedliche Glastypen. Die Befestigung mit einem Bolzen ist der Befestigung der Abloy-Scharniere \u00e4hnlich, die f\u00fcr den sicheren Gebrauch vollkommen ausreichend ist.<\/p>\n<\/div><\/div><\/div><\/div><\/div><\/div><\/div><div class=\"fusion-clearfix\"><\/div><\/div><\/div><\/div><\/div><div class=\"fusion-fullwidth fullwidth-box fusion-builder-row-2 nonhundred-percent-fullwidth non-hundred-percent-height-scrolling\" style=\"background-color: rgba(255,255,255,0);background-position: center center;background-repeat: no-repeat;padding-top:0px;padding-right:0px;padding-bottom:0px;padding-left:0px;margin-bottom: 0px;margin-top: 0px;border-width: 0px 0px 0px 0px;border-color:#eae9e9;border-style:solid;\" ><div class=\"fusion-builder-row fusion-row\"><div class=\"fusion-layout-column fusion_builder_column fusion-builder-column-2 fusion_builder_column_1_1 1_1 fusion-one-full fusion-column-first fusion-column-last\" style=\"margin-top:0px;margin-bottom:0px;\"><div class=\"fusion-column-wrapper fusion-flex-column-wrapper-legacy\" style=\"background-position:left top;background-repeat:no-repeat;-webkit-background-size:cover;-moz-background-size:cover;-o-background-size:cover;background-size:cover;padding: 0px 0px 0px 0px;\"><div class=\"fusion-modal modal fade modal-1 paigaldusvideo\" tabindex=\"-1\" role=\"dialog\" aria-labelledby=\"modal-heading-1\" aria-hidden=\"true\"><style type=\"text\/css\">.modal-1 .modal-header, .modal-1 .modal-footer{border-color:rgba(235,235,235,0);}<\/style><div class=\"modal-dialog modal-lg\"><div class=\"modal-content fusion-modal-content\" style=\"background-color:#ffffff\"><div class=\"modal-header\"><button class=\"close\" type=\"button\" data-dismiss=\"modal\" aria-hidden=\"true\">&times;<\/button><h3 class=\"modal-title\" id=\"modal-heading-1\" data-dismiss=\"modal\" aria-hidden=\"true\">Paigaldusvideo<\/h3><\/div><div class=\"modal-body fusion-clearfix\"><iframe src=\"https:\/\/www.youtube.com\/embed\/e8JYWFxANVY\" width=\"100%\" height=\"500\" frameborder=\"0\" allowfullscreen=\"allowfullscreen\" data-mce-fragment=\"1\"><\/iframe><\/div><\/div><\/div><\/div><div class=\"fusion-clearfix\"><\/div><\/div><\/div><\/div><\/div><\/p>\n","protected":false},"excerpt":{"rendered":"","protected":false},"author":5,"featured_media":0,"parent":0,"menu_order":338,"comment_status":"closed","ping_status":"closed","template":"","meta":[],"yoast_head":"<!-- This site is optimized with the Yoast SEO plugin v15.3 - https:\/\/yoast.com\/wordpress\/plugins\/seo\/ -->\n<title>FAQ - Andres<\/title>\n<meta name=\"robots\" content=\"index, follow, max-snippet:-1, max-image-preview:large, max-video-preview:-1\" \/>\n<link rel=\"canonical\" href=\"https:\/\/andres.ee\/de\/faq\/\" \/>\n<meta property=\"og:locale\" content=\"de_DE\" \/>\n<meta property=\"og:type\" content=\"article\" \/>\n<meta property=\"og:title\" content=\"FAQ - Andres\" \/>\n<meta property=\"og:url\" content=\"https:\/\/andres.ee\/de\/faq\/\" \/>\n<meta property=\"og:site_name\" content=\"Andres\" \/>\n<meta property=\"article:modified_time\" content=\"2020-12-22T08:55:32+00:00\" \/>\n<meta name=\"twitter:card\" content=\"summary_large_image\" \/>\n<meta name=\"twitter:label1\" content=\"Verfasst von\">\n\t<meta name=\"twitter:data1\" content=\"Daniel\">\n\t<meta name=\"twitter:label2\" content=\"Gesch\u00e4tzte Lesezeit\">\n\t<meta name=\"twitter:data2\" content=\"3 Minuten\">\n<script type=\"application\/ld+json\" class=\"yoast-schema-graph\">{\"@context\":\"https:\/\/schema.org\",\"@graph\":[{\"@type\":\"WebSite\",\"@id\":\"https:\/\/andres.ee\/et\/#website\",\"url\":\"https:\/\/andres.ee\/et\/\",\"name\":\"Andres\",\"description\":\"Glass Solutions\",\"potentialAction\":[{\"@type\":\"SearchAction\",\"target\":\"https:\/\/andres.ee\/et\/?s={search_term_string}\",\"query-input\":\"required name=search_term_string\"}],\"inLanguage\":\"de-DE\"},{\"@type\":\"WebPage\",\"@id\":\"https:\/\/andres.ee\/de\/faq\/#webpage\",\"url\":\"https:\/\/andres.ee\/de\/faq\/\",\"name\":\"FAQ - Andres\",\"isPartOf\":{\"@id\":\"https:\/\/andres.ee\/et\/#website\"},\"datePublished\":\"2020-02-29T18:23:38+00:00\",\"dateModified\":\"2020-12-22T08:55:32+00:00\",\"inLanguage\":\"de-DE\",\"potentialAction\":[{\"@type\":\"ReadAction\",\"target\":[\"https:\/\/andres.ee\/de\/faq\/\"]}]}]}<\/script>\n<!-- \/ Yoast SEO plugin. -->","_links":{"self":[{"href":"https:\/\/andres.ee\/de\/wp-json\/wp\/v2\/pages\/21944"}],"collection":[{"href":"https:\/\/andres.ee\/de\/wp-json\/wp\/v2\/pages"}],"about":[{"href":"https:\/\/andres.ee\/de\/wp-json\/wp\/v2\/types\/page"}],"author":[{"embeddable":true,"href":"https:\/\/andres.ee\/de\/wp-json\/wp\/v2\/users\/5"}],"replies":[{"embeddable":true,"href":"https:\/\/andres.ee\/de\/wp-json\/wp\/v2\/comments?post=21944"}],"version-history":[{"count":4,"href":"https:\/\/andres.ee\/de\/wp-json\/wp\/v2\/pages\/21944\/revisions"}],"predecessor-version":[{"id":28112,"href":"https:\/\/andres.ee\/de\/wp-json\/wp\/v2\/pages\/21944\/revisions\/28112"}],"wp:attachment":[{"href":"https:\/\/andres.ee\/de\/wp-json\/wp\/v2\/media?parent=21944"}],"curies":[{"name":"wp","href":"https:\/\/api.w.org\/{rel}","templated":true}]}}